{"id":3464,"date":"2025-09-29T12:15:15","date_gmt":"2025-09-29T15:15:15","guid":{"rendered":"https:\/\/grupofides.com.br\/?page_id=3464"},"modified":"2026-03-25T11:07:14","modified_gmt":"2026-03-25T14:07:14","slug":"divulgacao-do-relatorio-de-transparencia-salarial","status":"publish","type":"page","link":"https:\/\/grupofides.com.br\/en\/divulgacao-do-relatorio-de-transparencia-salarial\/","title":{"rendered":"Divulga\u00e7\u00e3o do Relat\u00f3rio de Transpar\u00eancia Salarial"},"content":{"rendered":"<style>.elementor-3464 .elementor-element.elementor-element-db446a7{--display:flex;--padding-top:50px;--padding-bottom:50px;--padding-left:0px;--padding-right:0px;}.elementor-3464 .elementor-element.elementor-element-8a97c21 .elementor-heading-title{font-size:16px;line-height:20px;}.elementor-3464 .elementor-element.elementor-element-9f17d48 .elementor-heading-title{font-size:16px;}.elementor-3464 .elementor-element.elementor-element-90c3553{--display:flex;--padding-top:0px;--padding-bottom:0px;--padding-left:0px;--padding-right:0px;}.elementor-3464 .elementor-element.elementor-element-bfdd105 > .elementor-widget-container{padding:0px 0px 0px 0px;}.elementor-3464 .elementor-element.elementor-element-11683f5{--display:flex;--padding-top:0px;--padding-bottom:0px;--padding-left:0px;--padding-right:0px;}.elementor-3464 .elementor-element.elementor-element-f56f146 > .elementor-widget-container{padding:0px 0px 0px 0px;}.elementor-3464 .elementor-element.elementor-element-bb3b1db{--display:flex;--padding-top:0px;--padding-bottom:0px;--padding-left:0px;--padding-right:0px;}.elementor-3464 .elementor-element.elementor-element-1d83479 > .elementor-widget-container{padding:0px 0px 0px 0px;}.elementor-3464 .elementor-element.elementor-element-ded001b{--display:flex;--padding-top:0px;--padding-bottom:0px;--padding-left:0px;--padding-right:0px;}.elementor-3464 .elementor-element.elementor-element-24e84b1 > .elementor-widget-container{padding:0px 0px 0px 0px;}.elementor-3464 .elementor-element.elementor-element-f0ff9c1{--n-accordion-title-font-size:1rem;--n-accordion-item-title-space-between:0px;--n-accordion-item-title-distance-from-content:0px;--n-accordion-title-normal-color:var( --e-global-color-primary );--n-accordion-title-hover-color:var( --e-global-color-secondary );--n-accordion-title-active-color:var( --e-global-color-secondary );--n-accordion-icon-size:15px;}.elementor-3464 .elementor-element.elementor-element-f0ff9c1 > .elementor-widget-container > .e-n-accordion > .e-n-accordion-item > .e-n-accordion-item-title{border-style:none;}:where( .elementor-3464 .elementor-element.elementor-element-f0ff9c1 > .elementor-widget-container > .e-n-accordion > .e-n-accordion-item ) > .e-con{border-style:none;}<\/style>\t\t<div data-elementor-type=\"wp-page\" data-elementor-id=\"3464\" class=\"elementor elementor-3464\" data-elementor-post-type=\"page\">\n\t\t\t\t<div class=\"elementor-element elementor-element-db446a7 e-flex e-con-boxed e-con e-parent\" data-id=\"db446a7\" data-element_type=\"container\" data-e-type=\"container\">\n\t\t\t\t\t<div class=\"e-con-inner\">\n\t\t\t\t<div class=\"elementor-element elementor-element-5cf8eb3 elementor-widget elementor-widget-heading\" data-id=\"5cf8eb3\" data-element_type=\"widget\" data-e-type=\"widget\" data-widget_type=\"heading.default\">\n\t\t\t\t<div class=\"elementor-widget-container\">\n\t\t\t\t\t<h2 class=\"elementor-heading-title elementor-size-default\">Divulga\u00e7\u00e3o do Relat\u00f3rio de Transpar\u00eancia Salarial<\/h2>\t\t\t\t<\/div>\n\t\t\t\t<\/div>\n\t\t\t\t<div class=\"elementor-element elementor-element-8a97c21 elementor-widget elementor-widget-heading\" data-id=\"8a97c21\" data-element_type=\"widget\" data-e-type=\"widget\" data-widget_type=\"heading.default\">\n\t\t\t\t<div class=\"elementor-widget-container\">\n\t\t\t\t\t<h6 class=\"elementor-heading-title elementor-size-default\">De acordo com nosso compromisso com a promo\u00e7\u00e3o de um ambiente de trabalho inclusivo e equitativo e atendendo \u00e0 Lei n\u00ba 14.611 de 2023, que disp\u00f5e sobre a Igualdade Salarial e de Crit\u00e9rios Remunerat\u00f3rios entre Mulheres e Homens, o Grupo Fides divulga seu Relat\u00f3rio de Transpar\u00eancia Salarial.\u00a0<\/h6>\t\t\t\t<\/div>\n\t\t\t\t<\/div>\n\t\t\t\t<div class=\"elementor-element elementor-element-9f17d48 elementor-widget elementor-widget-heading\" data-id=\"9f17d48\" data-element_type=\"widget\" data-e-type=\"widget\" data-widget_type=\"heading.default\">\n\t\t\t\t<div class=\"elementor-widget-container\">\n\t\t\t\t\t<h6 class=\"elementor-heading-title elementor-size-default\">Segundo a lei, a publica\u00e7\u00e3o do relat\u00f3rio deve ser feita de forma clara e acess\u00edvel, garantindo a ampla divulga\u00e7\u00e3o.<\/h6>\t\t\t\t<\/div>\n\t\t\t\t<\/div>\n\t\t\t\t<div class=\"elementor-element elementor-element-f0ff9c1 elementor-widget elementor-widget-n-accordion\" data-id=\"f0ff9c1\" data-element_type=\"widget\" data-e-type=\"widget\" data-settings=\"{&quot;default_state&quot;:&quot;expanded&quot;,&quot;max_items_expended&quot;:&quot;one&quot;,&quot;n_accordion_animation_duration&quot;:{&quot;unit&quot;:&quot;ms&quot;,&quot;size&quot;:400,&quot;sizes&quot;:[]}}\" data-widget_type=\"nested-accordion.default\">\n\t\t\t\t<div class=\"elementor-widget-container\">\n\t\t\t\t\t\t\t<div class=\"e-n-accordion\" aria-label=\"Accordion. Open links with Enter or Space, close with Escape, and navigate with Arrow Keys\">\n\t\t\t\t\t\t<details id=\"e-n-accordion-item-2520\" class=\"e-n-accordion-item\" open>\n\t\t\t\t<summary class=\"e-n-accordion-item-title\" data-accordion-index=\"1\" tabindex=\"0\" aria-expanded=\"true\" aria-controls=\"e-n-accordion-item-2520\" >\n\t\t\t\t\t<span class='e-n-accordion-item-title-header'><div class=\"e-n-accordion-item-title-text\"> Relat\u00f3rio de Igualdade Salarial - 2024 \/ 1\u00ba Semestre <\/div><\/span>\n\t\t\t\t\t\t\t<span class='e-n-accordion-item-title-icon'>\n\t\t\t<span class='e-opened' ><i aria-hidden=\"true\" class=\"fas fa-caret-down\"><\/i><\/span>\n\t\t\t<span class='e-closed'><i aria-hidden=\"true\" class=\"fas fa-caret-right\"><\/i><\/span>\n\t\t<\/span>\n\n\t\t\t\t\t\t<\/summary>\n\t\t\t\t<div role=\"region\" aria-labelledby=\"e-n-accordion-item-2520\" class=\"elementor-element elementor-element-90c3553 e-con-full e-flex e-con e-child\" data-id=\"90c3553\" data-element_type=\"container\" data-e-type=\"container\">\n\t\t\t\t<div class=\"elementor-element elementor-element-bfdd105 elementor-widget elementor-widget-text-editor\" data-id=\"bfdd105\" data-element_type=\"widget\" data-e-type=\"widget\" data-widget_type=\"text-editor.default\">\n\t\t\t\t<div class=\"elementor-widget-container\">\n\t\t\t\t\t\t\t\t\t<p>Clique\u00a0<b><a href=\"https:\/\/grupofides.com.br\/wp-content\/uploads\/2025\/09\/Relatorio-Igualdade-Salarial-Fides-1-1o-Sem.-2024.pdf\" target=\"_blank\" rel=\"noopener noreferrer\">aqui<\/a>\u00a0<\/b>e\u00a0<b><a href=\"https:\/\/grupofides.com.br\/wp-content\/uploads\/2025\/09\/Relatorio-Igualdade-Salarial-Fides-2-1o-Sem.-2024.pdf\" target=\"_blank\" rel=\"noopener noreferrer\">aqui <\/a><\/b>para acessar os relat\u00f3rios em PDF.<\/p>\t\t\t\t\t\t\t\t<\/div>\n\t\t\t\t<\/div>\n\t\t\t\t<\/div>\n\t\t\t\t\t<\/details>\n\t\t\t\t\t\t<details id=\"e-n-accordion-item-2521\" class=\"e-n-accordion-item\" >\n\t\t\t\t<summary class=\"e-n-accordion-item-title\" data-accordion-index=\"2\" tabindex=\"-1\" aria-expanded=\"false\" aria-controls=\"e-n-accordion-item-2521\" >\n\t\t\t\t\t<span class='e-n-accordion-item-title-header'><div class=\"e-n-accordion-item-title-text\"> Relat\u00f3rio de Igualdade Salarial - 2024 \/ 2\u00ba Semestre <\/div><\/span>\n\t\t\t\t\t\t\t<span class='e-n-accordion-item-title-icon'>\n\t\t\t<span class='e-opened' ><i aria-hidden=\"true\" class=\"fas fa-caret-down\"><\/i><\/span>\n\t\t\t<span class='e-closed'><i aria-hidden=\"true\" class=\"fas fa-caret-right\"><\/i><\/span>\n\t\t<\/span>\n\n\t\t\t\t\t\t<\/summary>\n\t\t\t\t<div role=\"region\" aria-labelledby=\"e-n-accordion-item-2521\" class=\"elementor-element elementor-element-11683f5 e-con-full e-flex e-con e-child\" data-id=\"11683f5\" data-element_type=\"container\" data-e-type=\"container\">\n\t\t\t\t<div class=\"elementor-element elementor-element-f56f146 elementor-widget elementor-widget-text-editor\" data-id=\"f56f146\" data-element_type=\"widget\" data-e-type=\"widget\" data-widget_type=\"text-editor.default\">\n\t\t\t\t<div class=\"elementor-widget-container\">\n\t\t\t\t\t\t\t\t\t<p>Clique\u00a0<b><a href=\"https:\/\/grupofides.com.br\/wp-content\/uploads\/2025\/09\/Relatorio-Igualdade-Salarial-Fides-1-2o-Sem.-2024.pdf\" target=\"_blank\" rel=\"noopener noreferrer\">aqui<\/a>\u00a0<\/b>e\u00a0<b><a href=\"https:\/\/grupofides.com.br\/wp-content\/uploads\/2025\/09\/Relatorio-Igualdade-Salarial-Fides-2-2o-Sem-2024.pdf\" target=\"_blank\" rel=\"noopener noreferrer\">aqui <\/a><\/b>para acessar os relat\u00f3rios em PDF.<\/p>\t\t\t\t\t\t\t\t<\/div>\n\t\t\t\t<\/div>\n\t\t\t\t<\/div>\n\t\t\t\t\t<\/details>\n\t\t\t\t\t\t<details id=\"e-n-accordion-item-2522\" class=\"e-n-accordion-item\" >\n\t\t\t\t<summary class=\"e-n-accordion-item-title\" data-accordion-index=\"3\" tabindex=\"-1\" aria-expanded=\"false\" aria-controls=\"e-n-accordion-item-2522\" >\n\t\t\t\t\t<span class='e-n-accordion-item-title-header'><div class=\"e-n-accordion-item-title-text\"> Relat\u00f3rio de Igualdade Salarial - 2025 \/ 2\u00ba Semestre <\/div><\/span>\n\t\t\t\t\t\t\t<span class='e-n-accordion-item-title-icon'>\n\t\t\t<span class='e-opened' ><i aria-hidden=\"true\" class=\"fas fa-caret-down\"><\/i><\/span>\n\t\t\t<span class='e-closed'><i aria-hidden=\"true\" class=\"fas fa-caret-right\"><\/i><\/span>\n\t\t<\/span>\n\n\t\t\t\t\t\t<\/summary>\n\t\t\t\t<div role=\"region\" aria-labelledby=\"e-n-accordion-item-2522\" class=\"elementor-element elementor-element-bb3b1db e-con-full e-flex e-con e-child\" data-id=\"bb3b1db\" data-element_type=\"container\" data-e-type=\"container\">\n\t\t\t\t<div class=\"elementor-element elementor-element-1d83479 elementor-widget elementor-widget-text-editor\" data-id=\"1d83479\" data-element_type=\"widget\" data-e-type=\"widget\" data-widget_type=\"text-editor.default\">\n\t\t\t\t<div class=\"elementor-widget-container\">\n\t\t\t\t\t\t\t\t\t<p>Clique\u00a0<b><a href=\"https:\/\/grupofides.com.br\/wp-content\/uploads\/2025\/09\/relatorio-transpar.-2o-sem.-2025-Fides-1.pdf\" target=\"_blank\" rel=\"noopener noreferrer\">aqui<\/a>\u00a0<\/b>e\u00a0<b><a href=\"https:\/\/grupofides.com.br\/wp-content\/uploads\/2025\/09\/relatorio-transpar.-2o-sem.-2025-Fides-2.pdf\" target=\"_blank\" rel=\"noopener noreferrer\">aqui<\/a><\/b>\u00a0para acessar os relat\u00f3rios em PDF.<\/p>\t\t\t\t\t\t\t\t<\/div>\n\t\t\t\t<\/div>\n\t\t\t\t<\/div>\n\t\t\t\t\t<\/details>\n\t\t\t\t\t\t<details id=\"e-n-accordion-item-2523\" class=\"e-n-accordion-item\" >\n\t\t\t\t<summary class=\"e-n-accordion-item-title\" data-accordion-index=\"4\" tabindex=\"-1\" aria-expanded=\"false\" aria-controls=\"e-n-accordion-item-2523\" >\n\t\t\t\t\t<span class='e-n-accordion-item-title-header'><div class=\"e-n-accordion-item-title-text\"> Relat\u00f3rio de Igualdade Salarial - 2026 \/ 1\u00ba Semestre <\/div><\/span>\n\t\t\t\t\t\t\t<span class='e-n-accordion-item-title-icon'>\n\t\t\t<span class='e-opened' ><i aria-hidden=\"true\" class=\"fas fa-caret-down\"><\/i><\/span>\n\t\t\t<span class='e-closed'><i aria-hidden=\"true\" class=\"fas fa-caret-right\"><\/i><\/span>\n\t\t<\/span>\n\n\t\t\t\t\t\t<\/summary>\n\t\t\t\t<div role=\"region\" aria-labelledby=\"e-n-accordion-item-2523\" class=\"elementor-element elementor-element-ded001b e-con-full e-flex e-con e-child\" data-id=\"ded001b\" data-element_type=\"container\" data-e-type=\"container\">\n\t\t\t\t<div class=\"elementor-element elementor-element-24e84b1 elementor-widget elementor-widget-text-editor\" data-id=\"24e84b1\" data-element_type=\"widget\" data-e-type=\"widget\" data-widget_type=\"text-editor.default\">\n\t\t\t\t<div class=\"elementor-widget-container\">\n\t\t\t\t\t\t\t\t\t<p>Clique\u00a0<b><a href=\"https:\/\/grupofides.com.br\/wp-content\/uploads\/2026\/03\/RelatorioIgualdadeSalarialLote_2026_1_50391150000141.pdf\" target=\"_blank\" rel=\"noopener noreferrer\">aqui<\/a>\u00a0<\/b>e\u00a0<b><a href=\"https:\/\/grupofides.com.br\/wp-content\/uploads\/2026\/03\/RelatorioIgualdadeSalarialLote_2026_1_50391150000303.pdf\" target=\"_blank\" rel=\"noopener noreferrer\">aqui <\/a><\/b>para acessar os relat\u00f3rios em PDF.<\/p>\t\t\t\t\t\t\t\t<\/div>\n\t\t\t\t<\/div>\n\t\t\t\t<\/div>\n\t\t\t\t\t<\/details>\n\t\t\t\t\t<\/div>\n\t\t\t\t\t\t<\/div>\n\t\t\t\t<\/div>\n\t\t\t\t\t<\/div>\n\t\t\t\t<\/div>\n\t\t\t\t<\/div>","protected":false},"excerpt":{"rendered":"<p>De acordo com nosso compromisso com a promo\u00e7\u00e3o de um ambiente de trabalho inclusivo e equitativo e atendendo \u00e0 Lei n\u00ba 14.611 de 2023, que disp\u00f5e sobre a Igualdade Salarial e de Crit\u00e9rios Remunerat\u00f3rios entre Mulheres e Homens, o Grupo Fides divulga seu Relat\u00f3rio de Transpar\u00eancia Salarial.\u00a0 Segundo a lei, a publica\u00e7\u00e3o do relat\u00f3rio deve [&hellip;]<\/p>\n","protected":false},"author":1,"featured_media":0,"parent":0,"menu_order":0,"comment_status":"closed","ping_status":"closed","template":"elementor_header_footer","meta":{"_acf_changed":false,"footnotes":""},"class_list":["post-3464","page","type-page","status-publish","hentry"],"acf":[],"yoast_head":"<!-- This site is optimized with the Yoast SEO plugin v27.1.1 - https:\/\/yoast.com\/product\/yoast-seo-wordpress\/ -->\n<title>Divulga\u00e7\u00e3o do Relat\u00f3rio de Transpar\u00eancia Salarial - Grupo Fides<\/title>\n<meta name=\"robots\" content=\"index, follow, max-snippet:-1, max-image-preview:large, max-video-preview:-1\" \/>\n<link rel=\"canonical\" href=\"https:\/\/grupofides.com.br\/en\/divulgacao-do-relatorio-de-transparencia-salarial\/\" \/>\n<meta property=\"og:locale\" content=\"en_US\" \/>\n<meta property=\"og:type\" content=\"article\" \/>\n<meta property=\"og:title\" content=\"Divulga\u00e7\u00e3o do Relat\u00f3rio de Transpar\u00eancia Salarial - Grupo Fides\" \/>\n<meta property=\"og:description\" content=\"De acordo com nosso compromisso com a promo\u00e7\u00e3o de um ambiente de trabalho inclusivo e equitativo e atendendo \u00e0 Lei n\u00ba 14.611 de 2023, que disp\u00f5e sobre a Igualdade Salarial e de Crit\u00e9rios Remunerat\u00f3rios entre Mulheres e Homens, o Grupo Fides divulga seu Relat\u00f3rio de Transpar\u00eancia Salarial.\u00a0 Segundo a lei, a publica\u00e7\u00e3o do relat\u00f3rio deve [&hellip;]\" \/>\n<meta property=\"og:url\" content=\"https:\/\/grupofides.com.br\/en\/divulgacao-do-relatorio-de-transparencia-salarial\/\" \/>\n<meta property=\"og:site_name\" content=\"Grupo Fides\" \/>\n<meta property=\"article:publisher\" content=\"https:\/\/www.facebook.com\/fiacaofides\" \/>\n<meta property=\"article:modified_time\" content=\"2026-03-25T14:07:14+00:00\" \/>\n<meta property=\"og:image\" content=\"https:\/\/grupofides.com.br\/wp-content\/uploads\/2022\/11\/Logo_GRUPOFIDES.png\" \/>\n\t<meta property=\"og:image:width\" content=\"2000\" \/>\n\t<meta property=\"og:image:height\" content=\"1000\" \/>\n\t<meta property=\"og:image:type\" content=\"image\/png\" \/>\n<meta name=\"twitter:card\" content=\"summary_large_image\" \/>\n<meta name=\"twitter:label1\" content=\"Est. reading time\" \/>\n\t<meta name=\"twitter:data1\" content=\"2 minutes\" \/>\n<script type=\"application\/ld+json\" class=\"yoast-schema-graph\">{\"@context\":\"https:\/\/schema.org\",\"@graph\":[{\"@type\":\"WebPage\",\"@id\":\"https:\/\/grupofides.com.br\/divulgacao-do-relatorio-de-transparencia-salarial\/\",\"url\":\"https:\/\/grupofides.com.br\/divulgacao-do-relatorio-de-transparencia-salarial\/\",\"name\":\"Divulga\u00e7\u00e3o do Relat\u00f3rio de Transpar\u00eancia Salarial - Grupo Fides\",\"isPartOf\":{\"@id\":\"https:\/\/grupofides.com.br\/#website\"},\"datePublished\":\"2025-09-29T15:15:15+00:00\",\"dateModified\":\"2026-03-25T14:07:14+00:00\",\"breadcrumb\":{\"@id\":\"https:\/\/grupofides.com.br\/divulgacao-do-relatorio-de-transparencia-salarial\/#breadcrumb\"},\"inLanguage\":\"en-US\",\"potentialAction\":[{\"@type\":\"ReadAction\",\"target\":[\"https:\/\/grupofides.com.br\/divulgacao-do-relatorio-de-transparencia-salarial\/\"]}]},{\"@type\":\"BreadcrumbList\",\"@id\":\"https:\/\/grupofides.com.br\/divulgacao-do-relatorio-de-transparencia-salarial\/#breadcrumb\",\"itemListElement\":[{\"@type\":\"ListItem\",\"position\":1,\"name\":\"In\u00edcio\",\"item\":\"https:\/\/grupofides.com.br\/\"},{\"@type\":\"ListItem\",\"position\":2,\"name\":\"Divulga\u00e7\u00e3o do Relat\u00f3rio de Transpar\u00eancia Salarial\"}]},{\"@type\":\"WebSite\",\"@id\":\"https:\/\/grupofides.com.br\/#website\",\"url\":\"https:\/\/grupofides.com.br\/\",\"name\":\"Grupo Fides\",\"description\":\"Fia\u00e7\u00e3o &amp; Malharia\",\"publisher\":{\"@id\":\"https:\/\/grupofides.com.br\/#organization\"},\"potentialAction\":[{\"@type\":\"SearchAction\",\"target\":{\"@type\":\"EntryPoint\",\"urlTemplate\":\"https:\/\/grupofides.com.br\/?s={search_term_string}\"},\"query-input\":{\"@type\":\"PropertyValueSpecification\",\"valueRequired\":true,\"valueName\":\"search_term_string\"}}],\"inLanguage\":\"en-US\"},{\"@type\":\"Organization\",\"@id\":\"https:\/\/grupofides.com.br\/#organization\",\"name\":\"Grupo Fides\",\"url\":\"https:\/\/grupofides.com.br\/\",\"logo\":{\"@type\":\"ImageObject\",\"inLanguage\":\"en-US\",\"@id\":\"https:\/\/grupofides.com.br\/#\/schema\/logo\/image\/\",\"url\":\"https:\/\/grupofides.com.br\/wp-content\/uploads\/2022\/11\/Logo_GRUPOFIDES.png\",\"contentUrl\":\"https:\/\/grupofides.com.br\/wp-content\/uploads\/2022\/11\/Logo_GRUPOFIDES.png\",\"width\":2000,\"height\":1000,\"caption\":\"Grupo Fides\"},\"image\":{\"@id\":\"https:\/\/grupofides.com.br\/#\/schema\/logo\/image\/\"},\"sameAs\":[\"https:\/\/www.facebook.com\/fiacaofides\",\"https:\/\/www.instagram.com\/fiacaofides\/\"]}]}<\/script>\n<!-- \/ Yoast SEO plugin. -->","yoast_head_json":{"title":"Divulga\u00e7\u00e3o do Relat\u00f3rio de Transpar\u00eancia Salarial - Grupo Fides","robots":{"index":"index","follow":"follow","max-snippet":"max-snippet:-1","max-image-preview":"max-image-preview:large","max-video-preview":"max-video-preview:-1"},"canonical":"https:\/\/grupofides.com.br\/en\/divulgacao-do-relatorio-de-transparencia-salarial\/","og_locale":"en_US","og_type":"article","og_title":"Divulga\u00e7\u00e3o do Relat\u00f3rio de Transpar\u00eancia Salarial - Grupo Fides","og_description":"De acordo com nosso compromisso com a promo\u00e7\u00e3o de um ambiente de trabalho inclusivo e equitativo e atendendo \u00e0 Lei n\u00ba 14.611 de 2023, que disp\u00f5e sobre a Igualdade Salarial e de Crit\u00e9rios Remunerat\u00f3rios entre Mulheres e Homens, o Grupo Fides divulga seu Relat\u00f3rio de Transpar\u00eancia Salarial.\u00a0 Segundo a lei, a publica\u00e7\u00e3o do relat\u00f3rio deve [&hellip;]","og_url":"https:\/\/grupofides.com.br\/en\/divulgacao-do-relatorio-de-transparencia-salarial\/","og_site_name":"Grupo Fides","article_publisher":"https:\/\/www.facebook.com\/fiacaofides","article_modified_time":"2026-03-25T14:07:14+00:00","og_image":[{"width":2000,"height":1000,"url":"https:\/\/grupofides.com.br\/wp-content\/uploads\/2022\/11\/Logo_GRUPOFIDES.png","type":"image\/png"}],"twitter_card":"summary_large_image","twitter_misc":{"Est. reading time":"2 minutes"},"schema":{"@context":"https:\/\/schema.org","@graph":[{"@type":"WebPage","@id":"https:\/\/grupofides.com.br\/divulgacao-do-relatorio-de-transparencia-salarial\/","url":"https:\/\/grupofides.com.br\/divulgacao-do-relatorio-de-transparencia-salarial\/","name":"Divulga\u00e7\u00e3o do Relat\u00f3rio de Transpar\u00eancia Salarial - Grupo Fides","isPartOf":{"@id":"https:\/\/grupofides.com.br\/#website"},"datePublished":"2025-09-29T15:15:15+00:00","dateModified":"2026-03-25T14:07:14+00:00","breadcrumb":{"@id":"https:\/\/grupofides.com.br\/divulgacao-do-relatorio-de-transparencia-salarial\/#breadcrumb"},"inLanguage":"en-US","potentialAction":[{"@type":"ReadAction","target":["https:\/\/grupofides.com.br\/divulgacao-do-relatorio-de-transparencia-salarial\/"]}]},{"@type":"BreadcrumbList","@id":"https:\/\/grupofides.com.br\/divulgacao-do-relatorio-de-transparencia-salarial\/#breadcrumb","itemListElement":[{"@type":"ListItem","position":1,"name":"In\u00edcio","item":"https:\/\/grupofides.com.br\/"},{"@type":"ListItem","position":2,"name":"Divulga\u00e7\u00e3o do Relat\u00f3rio de Transpar\u00eancia Salarial"}]},{"@type":"WebSite","@id":"https:\/\/grupofides.com.br\/#website","url":"https:\/\/grupofides.com.br\/","name":"Grupo Fides","description":"Spinning &amp; Knitwear","publisher":{"@id":"https:\/\/grupofides.com.br\/#organization"},"potentialAction":[{"@type":"SearchAction","target":{"@type":"EntryPoint","urlTemplate":"https:\/\/grupofides.com.br\/?s={search_term_string}"},"query-input":{"@type":"PropertyValueSpecification","valueRequired":true,"valueName":"search_term_string"}}],"inLanguage":"en-US"},{"@type":"Organization","@id":"https:\/\/grupofides.com.br\/#organization","name":"Grupo Fides","url":"https:\/\/grupofides.com.br\/","logo":{"@type":"ImageObject","inLanguage":"en-US","@id":"https:\/\/grupofides.com.br\/#\/schema\/logo\/image\/","url":"https:\/\/grupofides.com.br\/wp-content\/uploads\/2022\/11\/Logo_GRUPOFIDES.png","contentUrl":"https:\/\/grupofides.com.br\/wp-content\/uploads\/2022\/11\/Logo_GRUPOFIDES.png","width":2000,"height":1000,"caption":"Grupo Fides"},"image":{"@id":"https:\/\/grupofides.com.br\/#\/schema\/logo\/image\/"},"sameAs":["https:\/\/www.facebook.com\/fiacaofides","https:\/\/www.instagram.com\/fiacaofides\/"]}]}},"_links":{"self":[{"href":"https:\/\/grupofides.com.br\/en\/wp-json\/wp\/v2\/pages\/3464","targetHints":{"allow":["GET"]}}],"collection":[{"href":"https:\/\/grupofides.com.br\/en\/wp-json\/wp\/v2\/pages"}],"about":[{"href":"https:\/\/grupofides.com.br\/en\/wp-json\/wp\/v2\/types\/page"}],"author":[{"embeddable":true,"href":"https:\/\/grupofides.com.br\/en\/wp-json\/wp\/v2\/users\/1"}],"replies":[{"embeddable":true,"href":"https:\/\/grupofides.com.br\/en\/wp-json\/wp\/v2\/comments?post=3464"}],"version-history":[{"count":10,"href":"https:\/\/grupofides.com.br\/en\/wp-json\/wp\/v2\/pages\/3464\/revisions"}],"predecessor-version":[{"id":3526,"href":"https:\/\/grupofides.com.br\/en\/wp-json\/wp\/v2\/pages\/3464\/revisions\/3526"}],"wp:attachment":[{"href":"https:\/\/grupofides.com.br\/en\/wp-json\/wp\/v2\/media?parent=3464"}],"curies":[{"name":"wp","href":"https:\/\/api.w.org\/{rel}","templated":true}]}}