{"id":1082,"date":"2023-06-22T11:58:58","date_gmt":"2023-06-22T14:58:58","guid":{"rendered":"https:\/\/grupofides.com.br\/?post_type=product&#038;p=1082"},"modified":"2025-09-19T11:10:57","modified_gmt":"2025-09-19T14:10:57","slug":"fio-joy","status":"publish","type":"product","link":"https:\/\/grupofides.com.br\/en\/product\/fio-joy\/","title":{"rendered":"Joy Yarn"},"content":{"rendered":"<p>Fia\u00e7\u00e3o Fides's Joy yarn is widely recognized as a technological yarn, providing a unique experience. Its characteristic of being super light and warm makes it ideal for various occasions. In addition, its texture is extremely soft, offering a delightful touch when worn and avoiding any feeling of discomfort. There is no risk of 'itchiness,' providing exceptional comfort for everyday pieces. Don't miss the opportunity to experience this true innovation in your collection. Fides Group's Joy yarn will elevate the level of comfort and quality of your creations, ensuring absolute satisfaction. Enjoy the benefits of this technological yarn and enchant your customers with irresistible pieces.<\/p>","protected":false},"excerpt":{"rendered":"<p>O fio Joy da Fia\u00e7\u00e3o Fides \u00e9 amplamente reconhecido como um fio tecnol\u00f3gico, proporcionando uma experi\u00eancia \u00fanica. Sua caracter\u00edstica de ser super leve e quentinho o torna ideal para diversas ocasi\u00f5es. Al\u00e9m disso, sua textura \u00e9 extremamente macia, oferecendo um toque delicioso ao vestir e evitando qualquer sensa\u00e7\u00e3o de inc\u00f4modo. N\u00e3o h\u00e1 risco de &#8220;pinicar&#8221;, [&hellip;]<\/p>\n","protected":false},"featured_media":3338,"template":"","meta":{"_acf_changed":false},"product_brand":[],"product_cat":[56,66],"product_tag":[],"class_list":{"0":"post-1082","1":"product","2":"type-product","3":"status-publish","4":"has-post-thumbnail","6":"product_cat-fios","7":"product_cat-mousse","9":"first","10":"instock","11":"shipping-taxable","12":"product-type-simple"},"acf":[],"yoast_head":"<!-- This site is optimized with the Yoast SEO plugin v27.1.1 - https:\/\/yoast.com\/product\/yoast-seo-wordpress\/ -->\n<title>Fio Joy - Grupo Fides<\/title>\n<meta name=\"robots\" content=\"index, follow, max-snippet:-1, max-image-preview:large, max-video-preview:-1\" \/>\n<link rel=\"canonical\" href=\"https:\/\/grupofides.com.br\/en\/produto\/fio-joy\/\" \/>\n<meta property=\"og:locale\" content=\"en_US\" \/>\n<meta property=\"og:type\" content=\"article\" \/>\n<meta property=\"og:title\" content=\"Fio Joy - Grupo Fides\" \/>\n<meta property=\"og:description\" content=\"O fio Joy da Fia\u00e7\u00e3o Fides \u00e9 amplamente reconhecido como um fio tecnol\u00f3gico, proporcionando uma experi\u00eancia \u00fanica. Sua caracter\u00edstica de ser super leve e quentinho o torna ideal para diversas ocasi\u00f5es. Al\u00e9m disso, sua textura \u00e9 extremamente macia, oferecendo um toque delicioso ao vestir e evitando qualquer sensa\u00e7\u00e3o de inc\u00f4modo. N\u00e3o h\u00e1 risco de &#8220;pinicar&#8221;, [&hellip;]\" \/>\n<meta property=\"og:url\" content=\"https:\/\/grupofides.com.br\/en\/produto\/fio-joy\/\" \/>\n<meta property=\"og:site_name\" content=\"Grupo Fides\" \/>\n<meta property=\"article:publisher\" content=\"https:\/\/www.facebook.com\/fiacaofides\" \/>\n<meta property=\"article:modified_time\" content=\"2025-09-19T14:10:57+00:00\" \/>\n<meta property=\"og:image\" content=\"https:\/\/grupofides.com.br\/wp-content\/uploads\/2023\/06\/Fio_Joy.jpg\" \/>\n\t<meta property=\"og:image:width\" content=\"800\" \/>\n\t<meta property=\"og:image:height\" content=\"1200\" \/>\n\t<meta property=\"og:image:type\" content=\"image\/jpeg\" \/>\n<meta name=\"twitter:card\" content=\"summary_large_image\" \/>\n<meta name=\"twitter:label1\" content=\"Est. reading time\" \/>\n\t<meta name=\"twitter:data1\" content=\"1 minute\" \/>\n<script type=\"application\/ld+json\" class=\"yoast-schema-graph\">{\"@context\":\"https:\/\/schema.org\",\"@graph\":[{\"@type\":\"WebPage\",\"@id\":\"https:\/\/grupofides.com.br\/produto\/fio-joy\/\",\"url\":\"https:\/\/grupofides.com.br\/produto\/fio-joy\/\",\"name\":\"Fio Joy - Grupo Fides\",\"isPartOf\":{\"@id\":\"https:\/\/grupofides.com.br\/#website\"},\"primaryImageOfPage\":{\"@id\":\"https:\/\/grupofides.com.br\/produto\/fio-joy\/#primaryimage\"},\"image\":{\"@id\":\"https:\/\/grupofides.com.br\/produto\/fio-joy\/#primaryimage\"},\"thumbnailUrl\":\"https:\/\/grupofides.com.br\/wp-content\/uploads\/2023\/06\/Fio_Joy.jpg\",\"datePublished\":\"2023-06-22T14:58:58+00:00\",\"dateModified\":\"2025-09-19T14:10:57+00:00\",\"breadcrumb\":{\"@id\":\"https:\/\/grupofides.com.br\/produto\/fio-joy\/#breadcrumb\"},\"inLanguage\":\"en-US\",\"potentialAction\":[{\"@type\":\"ReadAction\",\"target\":[\"https:\/\/grupofides.com.br\/produto\/fio-joy\/\"]}]},{\"@type\":\"ImageObject\",\"inLanguage\":\"en-US\",\"@id\":\"https:\/\/grupofides.com.br\/produto\/fio-joy\/#primaryimage\",\"url\":\"https:\/\/grupofides.com.br\/wp-content\/uploads\/2023\/06\/Fio_Joy.jpg\",\"contentUrl\":\"https:\/\/grupofides.com.br\/wp-content\/uploads\/2023\/06\/Fio_Joy.jpg\",\"width\":800,\"height\":1200},{\"@type\":\"BreadcrumbList\",\"@id\":\"https:\/\/grupofides.com.br\/produto\/fio-joy\/#breadcrumb\",\"itemListElement\":[{\"@type\":\"ListItem\",\"position\":1,\"name\":\"In\u00edcio\",\"item\":\"https:\/\/grupofides.com.br\/\"},{\"@type\":\"ListItem\",\"position\":2,\"name\":\"Produtos\",\"item\":\"https:\/\/grupofides.com.br\/shop\/\"},{\"@type\":\"ListItem\",\"position\":3,\"name\":\"Fio Joy\"}]},{\"@type\":\"WebSite\",\"@id\":\"https:\/\/grupofides.com.br\/#website\",\"url\":\"https:\/\/grupofides.com.br\/\",\"name\":\"Grupo Fides\",\"description\":\"Fia\u00e7\u00e3o &amp; Malharia\",\"publisher\":{\"@id\":\"https:\/\/grupofides.com.br\/#organization\"},\"potentialAction\":[{\"@type\":\"SearchAction\",\"target\":{\"@type\":\"EntryPoint\",\"urlTemplate\":\"https:\/\/grupofides.com.br\/?s={search_term_string}\"},\"query-input\":{\"@type\":\"PropertyValueSpecification\",\"valueRequired\":true,\"valueName\":\"search_term_string\"}}],\"inLanguage\":\"en-US\"},{\"@type\":\"Organization\",\"@id\":\"https:\/\/grupofides.com.br\/#organization\",\"name\":\"Grupo Fides\",\"url\":\"https:\/\/grupofides.com.br\/\",\"logo\":{\"@type\":\"ImageObject\",\"inLanguage\":\"en-US\",\"@id\":\"https:\/\/grupofides.com.br\/#\/schema\/logo\/image\/\",\"url\":\"https:\/\/grupofides.com.br\/wp-content\/uploads\/2022\/11\/Logo_GRUPOFIDES.png\",\"contentUrl\":\"https:\/\/grupofides.com.br\/wp-content\/uploads\/2022\/11\/Logo_GRUPOFIDES.png\",\"width\":2000,\"height\":1000,\"caption\":\"Grupo Fides\"},\"image\":{\"@id\":\"https:\/\/grupofides.com.br\/#\/schema\/logo\/image\/\"},\"sameAs\":[\"https:\/\/www.facebook.com\/fiacaofides\",\"https:\/\/www.instagram.com\/fiacaofides\/\"]}]}<\/script>\n<!-- \/ Yoast SEO plugin. -->","yoast_head_json":{"title":"Fio Joy - Grupo Fides","robots":{"index":"index","follow":"follow","max-snippet":"max-snippet:-1","max-image-preview":"max-image-preview:large","max-video-preview":"max-video-preview:-1"},"canonical":"https:\/\/grupofides.com.br\/en\/produto\/fio-joy\/","og_locale":"en_US","og_type":"article","og_title":"Fio Joy - Grupo Fides","og_description":"O fio Joy da Fia\u00e7\u00e3o Fides \u00e9 amplamente reconhecido como um fio tecnol\u00f3gico, proporcionando uma experi\u00eancia \u00fanica. Sua caracter\u00edstica de ser super leve e quentinho o torna ideal para diversas ocasi\u00f5es. Al\u00e9m disso, sua textura \u00e9 extremamente macia, oferecendo um toque delicioso ao vestir e evitando qualquer sensa\u00e7\u00e3o de inc\u00f4modo. N\u00e3o h\u00e1 risco de &#8220;pinicar&#8221;, [&hellip;]","og_url":"https:\/\/grupofides.com.br\/en\/produto\/fio-joy\/","og_site_name":"Grupo Fides","article_publisher":"https:\/\/www.facebook.com\/fiacaofides","article_modified_time":"2025-09-19T14:10:57+00:00","og_image":[{"width":800,"height":1200,"url":"https:\/\/grupofides.com.br\/wp-content\/uploads\/2023\/06\/Fio_Joy.jpg","type":"image\/jpeg"}],"twitter_card":"summary_large_image","twitter_misc":{"Est. reading time":"1 minute"},"schema":{"@context":"https:\/\/schema.org","@graph":[{"@type":"WebPage","@id":"https:\/\/grupofides.com.br\/produto\/fio-joy\/","url":"https:\/\/grupofides.com.br\/produto\/fio-joy\/","name":"Fio Joy - Grupo Fides","isPartOf":{"@id":"https:\/\/grupofides.com.br\/#website"},"primaryImageOfPage":{"@id":"https:\/\/grupofides.com.br\/produto\/fio-joy\/#primaryimage"},"image":{"@id":"https:\/\/grupofides.com.br\/produto\/fio-joy\/#primaryimage"},"thumbnailUrl":"https:\/\/grupofides.com.br\/wp-content\/uploads\/2023\/06\/Fio_Joy.jpg","datePublished":"2023-06-22T14:58:58+00:00","dateModified":"2025-09-19T14:10:57+00:00","breadcrumb":{"@id":"https:\/\/grupofides.com.br\/produto\/fio-joy\/#breadcrumb"},"inLanguage":"en-US","potentialAction":[{"@type":"ReadAction","target":["https:\/\/grupofides.com.br\/produto\/fio-joy\/"]}]},{"@type":"ImageObject","inLanguage":"en-US","@id":"https:\/\/grupofides.com.br\/produto\/fio-joy\/#primaryimage","url":"https:\/\/grupofides.com.br\/wp-content\/uploads\/2023\/06\/Fio_Joy.jpg","contentUrl":"https:\/\/grupofides.com.br\/wp-content\/uploads\/2023\/06\/Fio_Joy.jpg","width":800,"height":1200},{"@type":"BreadcrumbList","@id":"https:\/\/grupofides.com.br\/produto\/fio-joy\/#breadcrumb","itemListElement":[{"@type":"ListItem","position":1,"name":"In\u00edcio","item":"https:\/\/grupofides.com.br\/"},{"@type":"ListItem","position":2,"name":"Produtos","item":"https:\/\/grupofides.com.br\/shop\/"},{"@type":"ListItem","position":3,"name":"Fio Joy"}]},{"@type":"WebSite","@id":"https:\/\/grupofides.com.br\/#website","url":"https:\/\/grupofides.com.br\/","name":"Grupo Fides","description":"Spinning &amp; Knitwear","publisher":{"@id":"https:\/\/grupofides.com.br\/#organization"},"potentialAction":[{"@type":"SearchAction","target":{"@type":"EntryPoint","urlTemplate":"https:\/\/grupofides.com.br\/?s={search_term_string}"},"query-input":{"@type":"PropertyValueSpecification","valueRequired":true,"valueName":"search_term_string"}}],"inLanguage":"en-US"},{"@type":"Organization","@id":"https:\/\/grupofides.com.br\/#organization","name":"Grupo Fides","url":"https:\/\/grupofides.com.br\/","logo":{"@type":"ImageObject","inLanguage":"en-US","@id":"https:\/\/grupofides.com.br\/#\/schema\/logo\/image\/","url":"https:\/\/grupofides.com.br\/wp-content\/uploads\/2022\/11\/Logo_GRUPOFIDES.png","contentUrl":"https:\/\/grupofides.com.br\/wp-content\/uploads\/2022\/11\/Logo_GRUPOFIDES.png","width":2000,"height":1000,"caption":"Grupo Fides"},"image":{"@id":"https:\/\/grupofides.com.br\/#\/schema\/logo\/image\/"},"sameAs":["https:\/\/www.facebook.com\/fiacaofides","https:\/\/www.instagram.com\/fiacaofides\/"]}]}},"_links":{"self":[{"href":"https:\/\/grupofides.com.br\/en\/wp-json\/wp\/v2\/product\/1082","targetHints":{"allow":["GET"]}}],"collection":[{"href":"https:\/\/grupofides.com.br\/en\/wp-json\/wp\/v2\/product"}],"about":[{"href":"https:\/\/grupofides.com.br\/en\/wp-json\/wp\/v2\/types\/product"}],"wp:featuredmedia":[{"embeddable":true,"href":"https:\/\/grupofides.com.br\/en\/wp-json\/wp\/v2\/media\/3338"}],"wp:attachment":[{"href":"https:\/\/grupofides.com.br\/en\/wp-json\/wp\/v2\/media?parent=1082"}],"wp:term":[{"taxonomy":"product_brand","embeddable":true,"href":"https:\/\/grupofides.com.br\/en\/wp-json\/wp\/v2\/product_brand?post=1082"},{"taxonomy":"product_cat","embeddable":true,"href":"https:\/\/grupofides.com.br\/en\/wp-json\/wp\/v2\/product_cat?post=1082"},{"taxonomy":"product_tag","embeddable":true,"href":"https:\/\/grupofides.com.br\/en\/wp-json\/wp\/v2\/product_tag?post=1082"}],"curies":[{"name":"wp","href":"https:\/\/api.w.org\/{rel}","templated":true}]}}