{"id":1298,"date":"2023-09-14T15:22:27","date_gmt":"2023-09-14T18:22:27","guid":{"rendered":"https:\/\/grupofides.com.br\/?post_type=product&#038;p=1298"},"modified":"2025-09-19T11:09:02","modified_gmt":"2025-09-19T14:09:02","slug":"fio-britania-stretch","status":"publish","type":"product","link":"https:\/\/grupofides.com.br\/en\/product\/fio-britania-stretch\/","title":{"rendered":"Fio Brit\u00e2nia Stretch"},"content":{"rendered":"<p>O fio Brit\u00e2nia Stretch da Fia\u00e7\u00e3o Fides \u00e9 uma nova vers\u00e3o do Brit\u00e2nia, por\u00e9m com efeito power, proporcionado pelo elastano em sua composi\u00e7\u00e3o tornando as pe\u00e7as mais estruturadas e com \u00f3timo caimento<\/p>\n<p>\u00c9 um verdadeiro fio nobre, reconhecido por sua qualidade excepcional. Apesar de seu aspecto quente, esse fio oferece um conforto t\u00e9rmico not\u00e1vel, gra\u00e7as \u00e0 sua alta porcentagem de viscose e poliamida. Al\u00e9m disso, nossa viscose \u00e9 certificada pelo USDA (Departamento de Agricultura dos Estados Unidos), garantindo que a mat\u00e9ria-prima utilizada em sua fabrica\u00e7\u00e3o provenha de florestas gerenciadas de forma sustent\u00e1vel. Dessa forma, voc\u00ea pode desfrutar da maciez e do luxo do fio Brit\u00e2nia, sabendo que sua produ\u00e7\u00e3o \u00e9 realizada com responsabilidade ambiental.<\/p>\n<p>\u00d3timo caimento, ideal para m\u00e1quina 10 ou 2 cabos na m\u00e1quina finura 7. Garanta j\u00e1 sua Pilotagem e apaixone-se por ele!<\/p>","protected":false},"excerpt":{"rendered":"<p>O fio Brit\u00e2nia Stretch da Fia\u00e7\u00e3o Fides \u00e9 uma nova vers\u00e3o do Brit\u00e2nia, por\u00e9m com efeito power, proporcionado pelo elastano em sua composi\u00e7\u00e3o tornando as pe\u00e7as mais estruturadas e com \u00f3timo caimento \u00c9 um verdadeiro fio nobre, reconhecido por sua qualidade excepcional. Apesar de seu aspecto quente, esse fio oferece um conforto t\u00e9rmico not\u00e1vel, gra\u00e7as [&hellip;]<\/p>\n","protected":false},"featured_media":2834,"template":"","meta":{"_acf_changed":false},"product_brand":[],"product_cat":[62,56],"product_tag":[],"class_list":{"0":"post-1298","1":"product","2":"type-product","3":"status-publish","4":"has-post-thumbnail","6":"product_cat-britania","7":"product_cat-fios","9":"first","10":"instock","11":"shipping-taxable","12":"product-type-simple"},"acf":[],"yoast_head":"<!-- This site is optimized with the Yoast SEO plugin v27.1.1 - https:\/\/yoast.com\/product\/yoast-seo-wordpress\/ -->\n<title>Fio Brit\u00e2nia Stretch - Grupo Fides<\/title>\n<meta name=\"robots\" content=\"index, follow, max-snippet:-1, max-image-preview:large, max-video-preview:-1\" \/>\n<link rel=\"canonical\" href=\"https:\/\/grupofides.com.br\/en\/produto\/fio-britania-stretch\/\" \/>\n<meta property=\"og:locale\" content=\"en_US\" \/>\n<meta property=\"og:type\" content=\"article\" \/>\n<meta property=\"og:title\" content=\"Fio Brit\u00e2nia Stretch - Grupo Fides\" \/>\n<meta property=\"og:description\" content=\"O fio Brit\u00e2nia Stretch da Fia\u00e7\u00e3o Fides \u00e9 uma nova vers\u00e3o do Brit\u00e2nia, por\u00e9m com efeito power, proporcionado pelo elastano em sua composi\u00e7\u00e3o tornando as pe\u00e7as mais estruturadas e com \u00f3timo caimento \u00c9 um verdadeiro fio nobre, reconhecido por sua qualidade excepcional. Apesar de seu aspecto quente, esse fio oferece um conforto t\u00e9rmico not\u00e1vel, gra\u00e7as [&hellip;]\" \/>\n<meta property=\"og:url\" content=\"https:\/\/grupofides.com.br\/en\/produto\/fio-britania-stretch\/\" \/>\n<meta property=\"og:site_name\" content=\"Grupo Fides\" \/>\n<meta property=\"article:publisher\" content=\"https:\/\/www.facebook.com\/fiacaofides\" \/>\n<meta property=\"article:modified_time\" content=\"2025-09-19T14:09:02+00:00\" \/>\n<meta property=\"og:image\" content=\"https:\/\/grupofides.com.br\/wp-content\/uploads\/2023\/09\/Fio_BritaniaStrech.jpg\" \/>\n\t<meta property=\"og:image:width\" content=\"800\" \/>\n\t<meta property=\"og:image:height\" content=\"1200\" \/>\n\t<meta property=\"og:image:type\" content=\"image\/jpeg\" \/>\n<meta name=\"twitter:card\" content=\"summary_large_image\" \/>\n<meta name=\"twitter:label1\" content=\"Est. reading time\" \/>\n\t<meta name=\"twitter:data1\" content=\"1 minute\" \/>\n<script type=\"application\/ld+json\" class=\"yoast-schema-graph\">{\"@context\":\"https:\/\/schema.org\",\"@graph\":[{\"@type\":\"WebPage\",\"@id\":\"https:\/\/grupofides.com.br\/produto\/fio-britania-stretch\/\",\"url\":\"https:\/\/grupofides.com.br\/produto\/fio-britania-stretch\/\",\"name\":\"Fio Brit\u00e2nia Stretch - Grupo Fides\",\"isPartOf\":{\"@id\":\"https:\/\/grupofides.com.br\/#website\"},\"primaryImageOfPage\":{\"@id\":\"https:\/\/grupofides.com.br\/produto\/fio-britania-stretch\/#primaryimage\"},\"image\":{\"@id\":\"https:\/\/grupofides.com.br\/produto\/fio-britania-stretch\/#primaryimage\"},\"thumbnailUrl\":\"https:\/\/grupofides.com.br\/wp-content\/uploads\/2023\/09\/Fio_BritaniaStrech.jpg\",\"datePublished\":\"2023-09-14T18:22:27+00:00\",\"dateModified\":\"2025-09-19T14:09:02+00:00\",\"breadcrumb\":{\"@id\":\"https:\/\/grupofides.com.br\/produto\/fio-britania-stretch\/#breadcrumb\"},\"inLanguage\":\"en-US\",\"potentialAction\":[{\"@type\":\"ReadAction\",\"target\":[\"https:\/\/grupofides.com.br\/produto\/fio-britania-stretch\/\"]}]},{\"@type\":\"ImageObject\",\"inLanguage\":\"en-US\",\"@id\":\"https:\/\/grupofides.com.br\/produto\/fio-britania-stretch\/#primaryimage\",\"url\":\"https:\/\/grupofides.com.br\/wp-content\/uploads\/2023\/09\/Fio_BritaniaStrech.jpg\",\"contentUrl\":\"https:\/\/grupofides.com.br\/wp-content\/uploads\/2023\/09\/Fio_BritaniaStrech.jpg\",\"width\":800,\"height\":1200},{\"@type\":\"BreadcrumbList\",\"@id\":\"https:\/\/grupofides.com.br\/produto\/fio-britania-stretch\/#breadcrumb\",\"itemListElement\":[{\"@type\":\"ListItem\",\"position\":1,\"name\":\"In\u00edcio\",\"item\":\"https:\/\/grupofides.com.br\/\"},{\"@type\":\"ListItem\",\"position\":2,\"name\":\"Produtos\",\"item\":\"https:\/\/grupofides.com.br\/shop\/\"},{\"@type\":\"ListItem\",\"position\":3,\"name\":\"Fio Brit\u00e2nia Stretch\"}]},{\"@type\":\"WebSite\",\"@id\":\"https:\/\/grupofides.com.br\/#website\",\"url\":\"https:\/\/grupofides.com.br\/\",\"name\":\"Grupo Fides\",\"description\":\"Fia\u00e7\u00e3o &amp; Malharia\",\"publisher\":{\"@id\":\"https:\/\/grupofides.com.br\/#organization\"},\"potentialAction\":[{\"@type\":\"SearchAction\",\"target\":{\"@type\":\"EntryPoint\",\"urlTemplate\":\"https:\/\/grupofides.com.br\/?s={search_term_string}\"},\"query-input\":{\"@type\":\"PropertyValueSpecification\",\"valueRequired\":true,\"valueName\":\"search_term_string\"}}],\"inLanguage\":\"en-US\"},{\"@type\":\"Organization\",\"@id\":\"https:\/\/grupofides.com.br\/#organization\",\"name\":\"Grupo Fides\",\"url\":\"https:\/\/grupofides.com.br\/\",\"logo\":{\"@type\":\"ImageObject\",\"inLanguage\":\"en-US\",\"@id\":\"https:\/\/grupofides.com.br\/#\/schema\/logo\/image\/\",\"url\":\"https:\/\/grupofides.com.br\/wp-content\/uploads\/2022\/11\/Logo_GRUPOFIDES.png\",\"contentUrl\":\"https:\/\/grupofides.com.br\/wp-content\/uploads\/2022\/11\/Logo_GRUPOFIDES.png\",\"width\":2000,\"height\":1000,\"caption\":\"Grupo Fides\"},\"image\":{\"@id\":\"https:\/\/grupofides.com.br\/#\/schema\/logo\/image\/\"},\"sameAs\":[\"https:\/\/www.facebook.com\/fiacaofides\",\"https:\/\/www.instagram.com\/fiacaofides\/\"]}]}<\/script>\n<!-- \/ Yoast SEO plugin. -->","yoast_head_json":{"title":"Fio Brit\u00e2nia Stretch - Grupo Fides","robots":{"index":"index","follow":"follow","max-snippet":"max-snippet:-1","max-image-preview":"max-image-preview:large","max-video-preview":"max-video-preview:-1"},"canonical":"https:\/\/grupofides.com.br\/en\/produto\/fio-britania-stretch\/","og_locale":"en_US","og_type":"article","og_title":"Fio Brit\u00e2nia Stretch - Grupo Fides","og_description":"O fio Brit\u00e2nia Stretch da Fia\u00e7\u00e3o Fides \u00e9 uma nova vers\u00e3o do Brit\u00e2nia, por\u00e9m com efeito power, proporcionado pelo elastano em sua composi\u00e7\u00e3o tornando as pe\u00e7as mais estruturadas e com \u00f3timo caimento \u00c9 um verdadeiro fio nobre, reconhecido por sua qualidade excepcional. Apesar de seu aspecto quente, esse fio oferece um conforto t\u00e9rmico not\u00e1vel, gra\u00e7as [&hellip;]","og_url":"https:\/\/grupofides.com.br\/en\/produto\/fio-britania-stretch\/","og_site_name":"Grupo Fides","article_publisher":"https:\/\/www.facebook.com\/fiacaofides","article_modified_time":"2025-09-19T14:09:02+00:00","og_image":[{"width":800,"height":1200,"url":"https:\/\/grupofides.com.br\/wp-content\/uploads\/2023\/09\/Fio_BritaniaStrech.jpg","type":"image\/jpeg"}],"twitter_card":"summary_large_image","twitter_misc":{"Est. reading time":"1 minute"},"schema":{"@context":"https:\/\/schema.org","@graph":[{"@type":"WebPage","@id":"https:\/\/grupofides.com.br\/produto\/fio-britania-stretch\/","url":"https:\/\/grupofides.com.br\/produto\/fio-britania-stretch\/","name":"Fio Brit\u00e2nia Stretch - Grupo Fides","isPartOf":{"@id":"https:\/\/grupofides.com.br\/#website"},"primaryImageOfPage":{"@id":"https:\/\/grupofides.com.br\/produto\/fio-britania-stretch\/#primaryimage"},"image":{"@id":"https:\/\/grupofides.com.br\/produto\/fio-britania-stretch\/#primaryimage"},"thumbnailUrl":"https:\/\/grupofides.com.br\/wp-content\/uploads\/2023\/09\/Fio_BritaniaStrech.jpg","datePublished":"2023-09-14T18:22:27+00:00","dateModified":"2025-09-19T14:09:02+00:00","breadcrumb":{"@id":"https:\/\/grupofides.com.br\/produto\/fio-britania-stretch\/#breadcrumb"},"inLanguage":"en-US","potentialAction":[{"@type":"ReadAction","target":["https:\/\/grupofides.com.br\/produto\/fio-britania-stretch\/"]}]},{"@type":"ImageObject","inLanguage":"en-US","@id":"https:\/\/grupofides.com.br\/produto\/fio-britania-stretch\/#primaryimage","url":"https:\/\/grupofides.com.br\/wp-content\/uploads\/2023\/09\/Fio_BritaniaStrech.jpg","contentUrl":"https:\/\/grupofides.com.br\/wp-content\/uploads\/2023\/09\/Fio_BritaniaStrech.jpg","width":800,"height":1200},{"@type":"BreadcrumbList","@id":"https:\/\/grupofides.com.br\/produto\/fio-britania-stretch\/#breadcrumb","itemListElement":[{"@type":"ListItem","position":1,"name":"In\u00edcio","item":"https:\/\/grupofides.com.br\/"},{"@type":"ListItem","position":2,"name":"Produtos","item":"https:\/\/grupofides.com.br\/shop\/"},{"@type":"ListItem","position":3,"name":"Fio Brit\u00e2nia Stretch"}]},{"@type":"WebSite","@id":"https:\/\/grupofides.com.br\/#website","url":"https:\/\/grupofides.com.br\/","name":"Grupo Fides","description":"Spinning &amp; Knitwear","publisher":{"@id":"https:\/\/grupofides.com.br\/#organization"},"potentialAction":[{"@type":"SearchAction","target":{"@type":"EntryPoint","urlTemplate":"https:\/\/grupofides.com.br\/?s={search_term_string}"},"query-input":{"@type":"PropertyValueSpecification","valueRequired":true,"valueName":"search_term_string"}}],"inLanguage":"en-US"},{"@type":"Organization","@id":"https:\/\/grupofides.com.br\/#organization","name":"Grupo Fides","url":"https:\/\/grupofides.com.br\/","logo":{"@type":"ImageObject","inLanguage":"en-US","@id":"https:\/\/grupofides.com.br\/#\/schema\/logo\/image\/","url":"https:\/\/grupofides.com.br\/wp-content\/uploads\/2022\/11\/Logo_GRUPOFIDES.png","contentUrl":"https:\/\/grupofides.com.br\/wp-content\/uploads\/2022\/11\/Logo_GRUPOFIDES.png","width":2000,"height":1000,"caption":"Grupo Fides"},"image":{"@id":"https:\/\/grupofides.com.br\/#\/schema\/logo\/image\/"},"sameAs":["https:\/\/www.facebook.com\/fiacaofides","https:\/\/www.instagram.com\/fiacaofides\/"]}]}},"_links":{"self":[{"href":"https:\/\/grupofides.com.br\/en\/wp-json\/wp\/v2\/product\/1298","targetHints":{"allow":["GET"]}}],"collection":[{"href":"https:\/\/grupofides.com.br\/en\/wp-json\/wp\/v2\/product"}],"about":[{"href":"https:\/\/grupofides.com.br\/en\/wp-json\/wp\/v2\/types\/product"}],"wp:featuredmedia":[{"embeddable":true,"href":"https:\/\/grupofides.com.br\/en\/wp-json\/wp\/v2\/media\/2834"}],"wp:attachment":[{"href":"https:\/\/grupofides.com.br\/en\/wp-json\/wp\/v2\/media?parent=1298"}],"wp:term":[{"taxonomy":"product_brand","embeddable":true,"href":"https:\/\/grupofides.com.br\/en\/wp-json\/wp\/v2\/product_brand?post=1298"},{"taxonomy":"product_cat","embeddable":true,"href":"https:\/\/grupofides.com.br\/en\/wp-json\/wp\/v2\/product_cat?post=1298"},{"taxonomy":"product_tag","embeddable":true,"href":"https:\/\/grupofides.com.br\/en\/wp-json\/wp\/v2\/product_tag?post=1298"}],"curies":[{"name":"wp","href":"https:\/\/api.w.org\/{rel}","templated":true}]}}