{"id":1300,"date":"2023-09-14T15:31:55","date_gmt":"2023-09-14T18:31:55","guid":{"rendered":"https:\/\/grupofides.com.br\/?post_type=product&#038;p=1300"},"modified":"2025-09-19T11:04:32","modified_gmt":"2025-09-19T14:04:32","slug":"fio-mousse-10","status":"publish","type":"product","link":"https:\/\/grupofides.com.br\/en\/product\/fio-mousse-10\/","title":{"rendered":"Mousse Yarn 10"},"content":{"rendered":"<p>O Mousse 10 t\u00edtulo 6 Ne, uma vers\u00e3o do nosso queridinho Mousse, por\u00e9m para m\u00e1quina 10.<br \/>\nExcellent choice for finer knitting, lighter pieces that can be used in both winter and summer. With an exclusive color chart that only Fides can produce. We send MOUSSE TOUCH tags to reinforce the originality of the yarn.<\/p>","protected":false},"excerpt":{"rendered":"<p>O Mousse 10 t\u00edtulo 6 Ne, uma vers\u00e3o do nosso queridinho Mousse, por\u00e9m para m\u00e1quina 10. \u00d3tima op\u00e7\u00e3o para o tric\u00f4 mais fino, pe\u00e7as mais leves podendo ser usada tanto no inverno quanto no ver\u00e3o. Com uma cartela exclusiva de cores que s\u00f3 a Fides consegue produzir. Enviamos os tags MOUSSE TOUCH para refor\u00e7ar a [&hellip;]<\/p>\n","protected":false},"featured_media":2595,"template":"","meta":{"_acf_changed":false},"product_brand":[],"product_cat":[56,66],"product_tag":[],"class_list":{"0":"post-1300","1":"product","2":"type-product","3":"status-publish","4":"has-post-thumbnail","6":"product_cat-fios","7":"product_cat-mousse","9":"first","10":"instock","11":"shipping-taxable","12":"product-type-simple"},"acf":[],"yoast_head":"<!-- This site is optimized with the Yoast SEO plugin v27.1.1 - https:\/\/yoast.com\/product\/yoast-seo-wordpress\/ -->\n<title>Fio Mousse 10 - Grupo Fides<\/title>\n<meta name=\"robots\" content=\"index, follow, max-snippet:-1, max-image-preview:large, max-video-preview:-1\" \/>\n<link rel=\"canonical\" href=\"https:\/\/grupofides.com.br\/en\/produto\/fio-mousse-10\/\" \/>\n<meta property=\"og:locale\" content=\"en_US\" \/>\n<meta property=\"og:type\" content=\"article\" \/>\n<meta property=\"og:title\" content=\"Fio Mousse 10 - Grupo Fides\" \/>\n<meta property=\"og:description\" content=\"O Mousse 10 t\u00edtulo 6 Ne, uma vers\u00e3o do nosso queridinho Mousse, por\u00e9m para m\u00e1quina 10. \u00d3tima op\u00e7\u00e3o para o tric\u00f4 mais fino, pe\u00e7as mais leves podendo ser usada tanto no inverno quanto no ver\u00e3o. Com uma cartela exclusiva de cores que s\u00f3 a Fides consegue produzir. Enviamos os tags MOUSSE TOUCH para refor\u00e7ar a [&hellip;]\" \/>\n<meta property=\"og:url\" content=\"https:\/\/grupofides.com.br\/en\/produto\/fio-mousse-10\/\" \/>\n<meta property=\"og:site_name\" content=\"Grupo Fides\" \/>\n<meta property=\"article:publisher\" content=\"https:\/\/www.facebook.com\/fiacaofides\" \/>\n<meta property=\"article:modified_time\" content=\"2025-09-19T14:04:32+00:00\" \/>\n<meta property=\"og:image\" content=\"https:\/\/grupofides.com.br\/wp-content\/uploads\/2024\/10\/Fio_Mousse10.png\" \/>\n\t<meta property=\"og:image:width\" content=\"800\" \/>\n\t<meta property=\"og:image:height\" content=\"1200\" \/>\n\t<meta property=\"og:image:type\" content=\"image\/png\" \/>\n<meta name=\"twitter:card\" content=\"summary_large_image\" \/>\n<meta name=\"twitter:label1\" content=\"Est. reading time\" \/>\n\t<meta name=\"twitter:data1\" content=\"1 minute\" \/>\n<script type=\"application\/ld+json\" class=\"yoast-schema-graph\">{\"@context\":\"https:\/\/schema.org\",\"@graph\":[{\"@type\":\"WebPage\",\"@id\":\"https:\/\/grupofides.com.br\/produto\/fio-mousse-10\/\",\"url\":\"https:\/\/grupofides.com.br\/produto\/fio-mousse-10\/\",\"name\":\"Fio Mousse 10 - Grupo Fides\",\"isPartOf\":{\"@id\":\"https:\/\/grupofides.com.br\/#website\"},\"primaryImageOfPage\":{\"@id\":\"https:\/\/grupofides.com.br\/produto\/fio-mousse-10\/#primaryimage\"},\"image\":{\"@id\":\"https:\/\/grupofides.com.br\/produto\/fio-mousse-10\/#primaryimage\"},\"thumbnailUrl\":\"https:\/\/grupofides.com.br\/wp-content\/uploads\/2024\/10\/Fio_Mousse10.png\",\"datePublished\":\"2023-09-14T18:31:55+00:00\",\"dateModified\":\"2025-09-19T14:04:32+00:00\",\"breadcrumb\":{\"@id\":\"https:\/\/grupofides.com.br\/produto\/fio-mousse-10\/#breadcrumb\"},\"inLanguage\":\"en-US\",\"potentialAction\":[{\"@type\":\"ReadAction\",\"target\":[\"https:\/\/grupofides.com.br\/produto\/fio-mousse-10\/\"]}]},{\"@type\":\"ImageObject\",\"inLanguage\":\"en-US\",\"@id\":\"https:\/\/grupofides.com.br\/produto\/fio-mousse-10\/#primaryimage\",\"url\":\"https:\/\/grupofides.com.br\/wp-content\/uploads\/2024\/10\/Fio_Mousse10.png\",\"contentUrl\":\"https:\/\/grupofides.com.br\/wp-content\/uploads\/2024\/10\/Fio_Mousse10.png\",\"width\":800,\"height\":1200},{\"@type\":\"BreadcrumbList\",\"@id\":\"https:\/\/grupofides.com.br\/produto\/fio-mousse-10\/#breadcrumb\",\"itemListElement\":[{\"@type\":\"ListItem\",\"position\":1,\"name\":\"In\u00edcio\",\"item\":\"https:\/\/grupofides.com.br\/\"},{\"@type\":\"ListItem\",\"position\":2,\"name\":\"Produtos\",\"item\":\"https:\/\/grupofides.com.br\/shop\/\"},{\"@type\":\"ListItem\",\"position\":3,\"name\":\"Fio Mousse 10\"}]},{\"@type\":\"WebSite\",\"@id\":\"https:\/\/grupofides.com.br\/#website\",\"url\":\"https:\/\/grupofides.com.br\/\",\"name\":\"Grupo Fides\",\"description\":\"Fia\u00e7\u00e3o &amp; Malharia\",\"publisher\":{\"@id\":\"https:\/\/grupofides.com.br\/#organization\"},\"potentialAction\":[{\"@type\":\"SearchAction\",\"target\":{\"@type\":\"EntryPoint\",\"urlTemplate\":\"https:\/\/grupofides.com.br\/?s={search_term_string}\"},\"query-input\":{\"@type\":\"PropertyValueSpecification\",\"valueRequired\":true,\"valueName\":\"search_term_string\"}}],\"inLanguage\":\"en-US\"},{\"@type\":\"Organization\",\"@id\":\"https:\/\/grupofides.com.br\/#organization\",\"name\":\"Grupo Fides\",\"url\":\"https:\/\/grupofides.com.br\/\",\"logo\":{\"@type\":\"ImageObject\",\"inLanguage\":\"en-US\",\"@id\":\"https:\/\/grupofides.com.br\/#\/schema\/logo\/image\/\",\"url\":\"https:\/\/grupofides.com.br\/wp-content\/uploads\/2022\/11\/Logo_GRUPOFIDES.png\",\"contentUrl\":\"https:\/\/grupofides.com.br\/wp-content\/uploads\/2022\/11\/Logo_GRUPOFIDES.png\",\"width\":2000,\"height\":1000,\"caption\":\"Grupo Fides\"},\"image\":{\"@id\":\"https:\/\/grupofides.com.br\/#\/schema\/logo\/image\/\"},\"sameAs\":[\"https:\/\/www.facebook.com\/fiacaofides\",\"https:\/\/www.instagram.com\/fiacaofides\/\"]}]}<\/script>\n<!-- \/ Yoast SEO plugin. -->","yoast_head_json":{"title":"Fio Mousse 10 - Grupo Fides","robots":{"index":"index","follow":"follow","max-snippet":"max-snippet:-1","max-image-preview":"max-image-preview:large","max-video-preview":"max-video-preview:-1"},"canonical":"https:\/\/grupofides.com.br\/en\/produto\/fio-mousse-10\/","og_locale":"en_US","og_type":"article","og_title":"Fio Mousse 10 - Grupo Fides","og_description":"O Mousse 10 t\u00edtulo 6 Ne, uma vers\u00e3o do nosso queridinho Mousse, por\u00e9m para m\u00e1quina 10. \u00d3tima op\u00e7\u00e3o para o tric\u00f4 mais fino, pe\u00e7as mais leves podendo ser usada tanto no inverno quanto no ver\u00e3o. Com uma cartela exclusiva de cores que s\u00f3 a Fides consegue produzir. Enviamos os tags MOUSSE TOUCH para refor\u00e7ar a [&hellip;]","og_url":"https:\/\/grupofides.com.br\/en\/produto\/fio-mousse-10\/","og_site_name":"Grupo Fides","article_publisher":"https:\/\/www.facebook.com\/fiacaofides","article_modified_time":"2025-09-19T14:04:32+00:00","og_image":[{"width":800,"height":1200,"url":"https:\/\/grupofides.com.br\/wp-content\/uploads\/2024\/10\/Fio_Mousse10.png","type":"image\/png"}],"twitter_card":"summary_large_image","twitter_misc":{"Est. reading time":"1 minute"},"schema":{"@context":"https:\/\/schema.org","@graph":[{"@type":"WebPage","@id":"https:\/\/grupofides.com.br\/produto\/fio-mousse-10\/","url":"https:\/\/grupofides.com.br\/produto\/fio-mousse-10\/","name":"Fio Mousse 10 - Grupo Fides","isPartOf":{"@id":"https:\/\/grupofides.com.br\/#website"},"primaryImageOfPage":{"@id":"https:\/\/grupofides.com.br\/produto\/fio-mousse-10\/#primaryimage"},"image":{"@id":"https:\/\/grupofides.com.br\/produto\/fio-mousse-10\/#primaryimage"},"thumbnailUrl":"https:\/\/grupofides.com.br\/wp-content\/uploads\/2024\/10\/Fio_Mousse10.png","datePublished":"2023-09-14T18:31:55+00:00","dateModified":"2025-09-19T14:04:32+00:00","breadcrumb":{"@id":"https:\/\/grupofides.com.br\/produto\/fio-mousse-10\/#breadcrumb"},"inLanguage":"en-US","potentialAction":[{"@type":"ReadAction","target":["https:\/\/grupofides.com.br\/produto\/fio-mousse-10\/"]}]},{"@type":"ImageObject","inLanguage":"en-US","@id":"https:\/\/grupofides.com.br\/produto\/fio-mousse-10\/#primaryimage","url":"https:\/\/grupofides.com.br\/wp-content\/uploads\/2024\/10\/Fio_Mousse10.png","contentUrl":"https:\/\/grupofides.com.br\/wp-content\/uploads\/2024\/10\/Fio_Mousse10.png","width":800,"height":1200},{"@type":"BreadcrumbList","@id":"https:\/\/grupofides.com.br\/produto\/fio-mousse-10\/#breadcrumb","itemListElement":[{"@type":"ListItem","position":1,"name":"In\u00edcio","item":"https:\/\/grupofides.com.br\/"},{"@type":"ListItem","position":2,"name":"Produtos","item":"https:\/\/grupofides.com.br\/shop\/"},{"@type":"ListItem","position":3,"name":"Fio Mousse 10"}]},{"@type":"WebSite","@id":"https:\/\/grupofides.com.br\/#website","url":"https:\/\/grupofides.com.br\/","name":"Grupo Fides","description":"Spinning &amp; Knitwear","publisher":{"@id":"https:\/\/grupofides.com.br\/#organization"},"potentialAction":[{"@type":"SearchAction","target":{"@type":"EntryPoint","urlTemplate":"https:\/\/grupofides.com.br\/?s={search_term_string}"},"query-input":{"@type":"PropertyValueSpecification","valueRequired":true,"valueName":"search_term_string"}}],"inLanguage":"en-US"},{"@type":"Organization","@id":"https:\/\/grupofides.com.br\/#organization","name":"Grupo Fides","url":"https:\/\/grupofides.com.br\/","logo":{"@type":"ImageObject","inLanguage":"en-US","@id":"https:\/\/grupofides.com.br\/#\/schema\/logo\/image\/","url":"https:\/\/grupofides.com.br\/wp-content\/uploads\/2022\/11\/Logo_GRUPOFIDES.png","contentUrl":"https:\/\/grupofides.com.br\/wp-content\/uploads\/2022\/11\/Logo_GRUPOFIDES.png","width":2000,"height":1000,"caption":"Grupo Fides"},"image":{"@id":"https:\/\/grupofides.com.br\/#\/schema\/logo\/image\/"},"sameAs":["https:\/\/www.facebook.com\/fiacaofides","https:\/\/www.instagram.com\/fiacaofides\/"]}]}},"_links":{"self":[{"href":"https:\/\/grupofides.com.br\/en\/wp-json\/wp\/v2\/product\/1300","targetHints":{"allow":["GET"]}}],"collection":[{"href":"https:\/\/grupofides.com.br\/en\/wp-json\/wp\/v2\/product"}],"about":[{"href":"https:\/\/grupofides.com.br\/en\/wp-json\/wp\/v2\/types\/product"}],"wp:featuredmedia":[{"embeddable":true,"href":"https:\/\/grupofides.com.br\/en\/wp-json\/wp\/v2\/media\/2595"}],"wp:attachment":[{"href":"https:\/\/grupofides.com.br\/en\/wp-json\/wp\/v2\/media?parent=1300"}],"wp:term":[{"taxonomy":"product_brand","embeddable":true,"href":"https:\/\/grupofides.com.br\/en\/wp-json\/wp\/v2\/product_brand?post=1300"},{"taxonomy":"product_cat","embeddable":true,"href":"https:\/\/grupofides.com.br\/en\/wp-json\/wp\/v2\/product_cat?post=1300"},{"taxonomy":"product_tag","embeddable":true,"href":"https:\/\/grupofides.com.br\/en\/wp-json\/wp\/v2\/product_tag?post=1300"}],"curies":[{"name":"wp","href":"https:\/\/api.w.org\/{rel}","templated":true}]}}