{"id":2310,"date":"2024-08-27T12:03:54","date_gmt":"2024-08-27T15:03:54","guid":{"rendered":"https:\/\/grupofides.com.br\/?post_type=product&#038;p=2310"},"modified":"2026-02-25T12:14:11","modified_gmt":"2026-02-25T15:14:11","slug":"malha-bubble","status":"publish","type":"product","link":"https:\/\/grupofides.com.br\/en\/product\/malha-bubble\/","title":{"rendered":"Malha Bubble"},"content":{"rendered":"<p><span style=\"font-weight: 400;\">A malha Bubble da linha de texturas da Fides \u00e9 um tecido que se destaca pelo seu efeito charmoso e delicado, mas sem ser excessivamente chamativo. O nome &#8220;bubble&#8221; remete \u00e0 textura sutil de bolinhas que formam pequenas eleva\u00e7\u00f5es na superf\u00edcie do tecido, criando um visual interessante e sofisticado, mas ao mesmo tempo discreto. Esse efeito traz um toque de originalidade \u00e0 pe\u00e7a sem comprometer a eleg\u00e2ncia ou a versatilidade do look.<\/span><\/p>\n<p><span style=\"font-weight: 400;\">Uma das principais vantagens da malha Bubble \u00e9 sua leveza e conforto, caracter\u00edsticas que a tornam extremamente agrad\u00e1vel de usar. Ela tem uma fluidez natural, que se ajusta bem ao corpo, proporcionando liberdade de movimento sem perder a estrutura.\u00a0<\/span><\/p>\n<p><span style=\"font-weight: 400;\">Outro aspecto muito positivo \u00e9 que a malha n\u00e3o \u00e9 transparente, o que permite o uso sem a necessidade de forro, mantendo a pe\u00e7a bem acabada e sem preocupa\u00e7\u00f5es com transpar\u00eancias indesejadas.<\/span><\/p>\n<p><span style=\"font-weight: 400;\">Em resumo, a malha Bubble da Fides \u00e9 um tecido com um toque de charme sutil, sem exageros, leve e confort\u00e1vel &#8211; uma combina\u00e7\u00e3o perfeita para roupas que se destacam pelo estilo, mas tamb\u00e9m pela funcionalidade.<\/span><\/p>","protected":false},"excerpt":{"rendered":"<p>A malha Bubble da linha de texturas da Fides \u00e9 um tecido que se destaca pelo seu efeito charmoso e delicado, mas sem ser excessivamente chamativo. O nome &#8220;bubble&#8221; remete \u00e0 textura sutil de bolinhas que formam pequenas eleva\u00e7\u00f5es na superf\u00edcie do tecido, criando um visual interessante e sofisticado, mas ao mesmo tempo discreto. Esse [&hellip;]<\/p>\n","protected":false},"featured_media":3034,"template":"","meta":{"_acf_changed":false},"product_brand":[],"product_cat":[46,91],"product_tag":[],"class_list":{"0":"post-2310","1":"product","2":"type-product","3":"status-publish","4":"has-post-thumbnail","6":"product_cat-malhas","7":"product_cat-textura-relevo","9":"first","10":"instock","11":"shipping-taxable","12":"product-type-simple"},"acf":[],"yoast_head":"<!-- This site is optimized with the Yoast SEO plugin v27.1.1 - https:\/\/yoast.com\/product\/yoast-seo-wordpress\/ -->\n<title>Malha Bubble - Grupo Fides<\/title>\n<meta name=\"robots\" content=\"index, follow, max-snippet:-1, max-image-preview:large, max-video-preview:-1\" \/>\n<link rel=\"canonical\" href=\"https:\/\/grupofides.com.br\/en\/produto\/malha-bubble\/\" \/>\n<meta property=\"og:locale\" content=\"en_US\" \/>\n<meta property=\"og:type\" content=\"article\" \/>\n<meta property=\"og:title\" content=\"Malha Bubble - Grupo Fides\" \/>\n<meta property=\"og:description\" content=\"A malha Bubble da linha de texturas da Fides \u00e9 um tecido que se destaca pelo seu efeito charmoso e delicado, mas sem ser excessivamente chamativo. O nome &#8220;bubble&#8221; remete \u00e0 textura sutil de bolinhas que formam pequenas eleva\u00e7\u00f5es na superf\u00edcie do tecido, criando um visual interessante e sofisticado, mas ao mesmo tempo discreto. Esse [&hellip;]\" \/>\n<meta property=\"og:url\" content=\"https:\/\/grupofides.com.br\/en\/produto\/malha-bubble\/\" \/>\n<meta property=\"og:site_name\" content=\"Grupo Fides\" \/>\n<meta property=\"article:publisher\" content=\"https:\/\/www.facebook.com\/fiacaofides\" \/>\n<meta property=\"article:modified_time\" content=\"2026-02-25T15:14:11+00:00\" \/>\n<meta property=\"og:image\" content=\"https:\/\/grupofides.com.br\/wp-content\/uploads\/2024\/08\/Capa_Malha_Bubble.jpg\" \/>\n\t<meta property=\"og:image:width\" content=\"1080\" \/>\n\t<meta property=\"og:image:height\" content=\"1080\" \/>\n\t<meta property=\"og:image:type\" content=\"image\/jpeg\" \/>\n<meta name=\"twitter:card\" content=\"summary_large_image\" \/>\n<meta name=\"twitter:label1\" content=\"Est. reading time\" \/>\n\t<meta name=\"twitter:data1\" content=\"2 minutes\" \/>\n<script type=\"application\/ld+json\" class=\"yoast-schema-graph\">{\"@context\":\"https:\/\/schema.org\",\"@graph\":[{\"@type\":\"WebPage\",\"@id\":\"https:\/\/grupofides.com.br\/produto\/malha-bubble\/\",\"url\":\"https:\/\/grupofides.com.br\/produto\/malha-bubble\/\",\"name\":\"Malha Bubble - Grupo Fides\",\"isPartOf\":{\"@id\":\"https:\/\/grupofides.com.br\/#website\"},\"primaryImageOfPage\":{\"@id\":\"https:\/\/grupofides.com.br\/produto\/malha-bubble\/#primaryimage\"},\"image\":{\"@id\":\"https:\/\/grupofides.com.br\/produto\/malha-bubble\/#primaryimage\"},\"thumbnailUrl\":\"https:\/\/grupofides.com.br\/wp-content\/uploads\/2024\/08\/Capa_Malha_Bubble.jpg\",\"datePublished\":\"2024-08-27T15:03:54+00:00\",\"dateModified\":\"2026-02-25T15:14:11+00:00\",\"breadcrumb\":{\"@id\":\"https:\/\/grupofides.com.br\/produto\/malha-bubble\/#breadcrumb\"},\"inLanguage\":\"en-US\",\"potentialAction\":[{\"@type\":\"ReadAction\",\"target\":[\"https:\/\/grupofides.com.br\/produto\/malha-bubble\/\"]}]},{\"@type\":\"ImageObject\",\"inLanguage\":\"en-US\",\"@id\":\"https:\/\/grupofides.com.br\/produto\/malha-bubble\/#primaryimage\",\"url\":\"https:\/\/grupofides.com.br\/wp-content\/uploads\/2024\/08\/Capa_Malha_Bubble.jpg\",\"contentUrl\":\"https:\/\/grupofides.com.br\/wp-content\/uploads\/2024\/08\/Capa_Malha_Bubble.jpg\",\"width\":1080,\"height\":1080},{\"@type\":\"BreadcrumbList\",\"@id\":\"https:\/\/grupofides.com.br\/produto\/malha-bubble\/#breadcrumb\",\"itemListElement\":[{\"@type\":\"ListItem\",\"position\":1,\"name\":\"In\u00edcio\",\"item\":\"https:\/\/grupofides.com.br\/\"},{\"@type\":\"ListItem\",\"position\":2,\"name\":\"Produtos\",\"item\":\"https:\/\/grupofides.com.br\/shop\/\"},{\"@type\":\"ListItem\",\"position\":3,\"name\":\"Malha Bubble\"}]},{\"@type\":\"WebSite\",\"@id\":\"https:\/\/grupofides.com.br\/#website\",\"url\":\"https:\/\/grupofides.com.br\/\",\"name\":\"Grupo Fides\",\"description\":\"Fia\u00e7\u00e3o &amp; Malharia\",\"publisher\":{\"@id\":\"https:\/\/grupofides.com.br\/#organization\"},\"potentialAction\":[{\"@type\":\"SearchAction\",\"target\":{\"@type\":\"EntryPoint\",\"urlTemplate\":\"https:\/\/grupofides.com.br\/?s={search_term_string}\"},\"query-input\":{\"@type\":\"PropertyValueSpecification\",\"valueRequired\":true,\"valueName\":\"search_term_string\"}}],\"inLanguage\":\"en-US\"},{\"@type\":\"Organization\",\"@id\":\"https:\/\/grupofides.com.br\/#organization\",\"name\":\"Grupo Fides\",\"url\":\"https:\/\/grupofides.com.br\/\",\"logo\":{\"@type\":\"ImageObject\",\"inLanguage\":\"en-US\",\"@id\":\"https:\/\/grupofides.com.br\/#\/schema\/logo\/image\/\",\"url\":\"https:\/\/grupofides.com.br\/wp-content\/uploads\/2022\/11\/Logo_GRUPOFIDES.png\",\"contentUrl\":\"https:\/\/grupofides.com.br\/wp-content\/uploads\/2022\/11\/Logo_GRUPOFIDES.png\",\"width\":2000,\"height\":1000,\"caption\":\"Grupo Fides\"},\"image\":{\"@id\":\"https:\/\/grupofides.com.br\/#\/schema\/logo\/image\/\"},\"sameAs\":[\"https:\/\/www.facebook.com\/fiacaofides\",\"https:\/\/www.instagram.com\/fiacaofides\/\"]}]}<\/script>\n<!-- \/ Yoast SEO plugin. -->","yoast_head_json":{"title":"Malha Bubble - Grupo Fides","robots":{"index":"index","follow":"follow","max-snippet":"max-snippet:-1","max-image-preview":"max-image-preview:large","max-video-preview":"max-video-preview:-1"},"canonical":"https:\/\/grupofides.com.br\/en\/produto\/malha-bubble\/","og_locale":"en_US","og_type":"article","og_title":"Malha Bubble - Grupo Fides","og_description":"A malha Bubble da linha de texturas da Fides \u00e9 um tecido que se destaca pelo seu efeito charmoso e delicado, mas sem ser excessivamente chamativo. O nome &#8220;bubble&#8221; remete \u00e0 textura sutil de bolinhas que formam pequenas eleva\u00e7\u00f5es na superf\u00edcie do tecido, criando um visual interessante e sofisticado, mas ao mesmo tempo discreto. Esse [&hellip;]","og_url":"https:\/\/grupofides.com.br\/en\/produto\/malha-bubble\/","og_site_name":"Grupo Fides","article_publisher":"https:\/\/www.facebook.com\/fiacaofides","article_modified_time":"2026-02-25T15:14:11+00:00","og_image":[{"width":1080,"height":1080,"url":"https:\/\/grupofides.com.br\/wp-content\/uploads\/2024\/08\/Capa_Malha_Bubble.jpg","type":"image\/jpeg"}],"twitter_card":"summary_large_image","twitter_misc":{"Est. reading time":"2 minutes"},"schema":{"@context":"https:\/\/schema.org","@graph":[{"@type":"WebPage","@id":"https:\/\/grupofides.com.br\/produto\/malha-bubble\/","url":"https:\/\/grupofides.com.br\/produto\/malha-bubble\/","name":"Malha Bubble - Grupo Fides","isPartOf":{"@id":"https:\/\/grupofides.com.br\/#website"},"primaryImageOfPage":{"@id":"https:\/\/grupofides.com.br\/produto\/malha-bubble\/#primaryimage"},"image":{"@id":"https:\/\/grupofides.com.br\/produto\/malha-bubble\/#primaryimage"},"thumbnailUrl":"https:\/\/grupofides.com.br\/wp-content\/uploads\/2024\/08\/Capa_Malha_Bubble.jpg","datePublished":"2024-08-27T15:03:54+00:00","dateModified":"2026-02-25T15:14:11+00:00","breadcrumb":{"@id":"https:\/\/grupofides.com.br\/produto\/malha-bubble\/#breadcrumb"},"inLanguage":"en-US","potentialAction":[{"@type":"ReadAction","target":["https:\/\/grupofides.com.br\/produto\/malha-bubble\/"]}]},{"@type":"ImageObject","inLanguage":"en-US","@id":"https:\/\/grupofides.com.br\/produto\/malha-bubble\/#primaryimage","url":"https:\/\/grupofides.com.br\/wp-content\/uploads\/2024\/08\/Capa_Malha_Bubble.jpg","contentUrl":"https:\/\/grupofides.com.br\/wp-content\/uploads\/2024\/08\/Capa_Malha_Bubble.jpg","width":1080,"height":1080},{"@type":"BreadcrumbList","@id":"https:\/\/grupofides.com.br\/produto\/malha-bubble\/#breadcrumb","itemListElement":[{"@type":"ListItem","position":1,"name":"In\u00edcio","item":"https:\/\/grupofides.com.br\/"},{"@type":"ListItem","position":2,"name":"Produtos","item":"https:\/\/grupofides.com.br\/shop\/"},{"@type":"ListItem","position":3,"name":"Malha Bubble"}]},{"@type":"WebSite","@id":"https:\/\/grupofides.com.br\/#website","url":"https:\/\/grupofides.com.br\/","name":"Grupo Fides","description":"Spinning &amp; Knitwear","publisher":{"@id":"https:\/\/grupofides.com.br\/#organization"},"potentialAction":[{"@type":"SearchAction","target":{"@type":"EntryPoint","urlTemplate":"https:\/\/grupofides.com.br\/?s={search_term_string}"},"query-input":{"@type":"PropertyValueSpecification","valueRequired":true,"valueName":"search_term_string"}}],"inLanguage":"en-US"},{"@type":"Organization","@id":"https:\/\/grupofides.com.br\/#organization","name":"Grupo Fides","url":"https:\/\/grupofides.com.br\/","logo":{"@type":"ImageObject","inLanguage":"en-US","@id":"https:\/\/grupofides.com.br\/#\/schema\/logo\/image\/","url":"https:\/\/grupofides.com.br\/wp-content\/uploads\/2022\/11\/Logo_GRUPOFIDES.png","contentUrl":"https:\/\/grupofides.com.br\/wp-content\/uploads\/2022\/11\/Logo_GRUPOFIDES.png","width":2000,"height":1000,"caption":"Grupo Fides"},"image":{"@id":"https:\/\/grupofides.com.br\/#\/schema\/logo\/image\/"},"sameAs":["https:\/\/www.facebook.com\/fiacaofides","https:\/\/www.instagram.com\/fiacaofides\/"]}]}},"_links":{"self":[{"href":"https:\/\/grupofides.com.br\/en\/wp-json\/wp\/v2\/product\/2310","targetHints":{"allow":["GET"]}}],"collection":[{"href":"https:\/\/grupofides.com.br\/en\/wp-json\/wp\/v2\/product"}],"about":[{"href":"https:\/\/grupofides.com.br\/en\/wp-json\/wp\/v2\/types\/product"}],"wp:featuredmedia":[{"embeddable":true,"href":"https:\/\/grupofides.com.br\/en\/wp-json\/wp\/v2\/media\/3034"}],"wp:attachment":[{"href":"https:\/\/grupofides.com.br\/en\/wp-json\/wp\/v2\/media?parent=2310"}],"wp:term":[{"taxonomy":"product_brand","embeddable":true,"href":"https:\/\/grupofides.com.br\/en\/wp-json\/wp\/v2\/product_brand?post=2310"},{"taxonomy":"product_cat","embeddable":true,"href":"https:\/\/grupofides.com.br\/en\/wp-json\/wp\/v2\/product_cat?post=2310"},{"taxonomy":"product_tag","embeddable":true,"href":"https:\/\/grupofides.com.br\/en\/wp-json\/wp\/v2\/product_tag?post=2310"}],"curies":[{"name":"wp","href":"https:\/\/api.w.org\/{rel}","templated":true}]}}