{"id":2333,"date":"2024-09-02T13:51:57","date_gmt":"2024-09-02T16:51:57","guid":{"rendered":"https:\/\/grupofides.com.br\/?post_type=product&#038;p=2333"},"modified":"2026-02-24T10:01:22","modified_gmt":"2026-02-24T13:01:22","slug":"malha-seattle-malhao","status":"publish","type":"product","link":"https:\/\/grupofides.com.br\/en\/product\/malha-seattle-malhao\/","title":{"rendered":"Malha Seattle (Malh\u00e3o)"},"content":{"rendered":"<p>A nossa malha Seattle \u00e9 a escolha ideal para quem busca qualidade e durabilidade em cada pe\u00e7a. Com uma gramatura m\u00e9dia robusta de 250g\/m\u00b2, essa malha popularmente conhecida como &#8220;malh\u00e3o&#8221; \u00e9 a favorita para a cria\u00e7\u00e3o de camisetas oversized, proporcionando um ajuste confort\u00e1vel e com \u00f3timo caimento.<\/p>\n<p>Feita 100% em algod\u00e3o, essa malha oferece suavidade ao toque e uma estrutura encorpada que garante um acabamento de alta qualidade. Al\u00e9m de ser perfeita para a confec\u00e7\u00e3o de camisetas, a Malha Seattle \u00e9 extremamente vers\u00e1til e pode ser utilizada em uma variedade de outros produtos, desde pe\u00e7as de vestu\u00e1rio at\u00e9 acess\u00f3rios e itens para o lar.<\/p>\n<p>Se voc\u00ea procura um tecido que combine resist\u00eancia com um toque agrad\u00e1vel e que mantenha a forma e a cor por muito mais tempo, a Seattle \u00e9 a escolha certa.<\/p>","protected":false},"excerpt":{"rendered":"<p>A nossa malha Seattle \u00e9 a escolha ideal para quem busca qualidade e durabilidade em cada pe\u00e7a. Com uma gramatura m\u00e9dia robusta de 250g\/m\u00b2, essa malha popularmente conhecida como &#8220;malh\u00e3o&#8221; \u00e9 a favorita para a cria\u00e7\u00e3o de camisetas oversized, proporcionando um ajuste confort\u00e1vel e com \u00f3timo caimento. Feita 100% em algod\u00e3o, essa malha oferece suavidade [&hellip;]<\/p>\n","protected":false},"featured_media":2966,"template":"","meta":{"_acf_changed":false},"product_brand":[],"product_cat":[46,71],"product_tag":[],"class_list":{"0":"post-2333","1":"product","2":"type-product","3":"status-publish","4":"has-post-thumbnail","6":"product_cat-malhas","7":"product_cat-tradicional","9":"first","10":"instock","11":"shipping-taxable","12":"product-type-simple"},"acf":[],"yoast_head":"<!-- This site is optimized with the Yoast SEO plugin v27.1.1 - https:\/\/yoast.com\/product\/yoast-seo-wordpress\/ -->\n<title>Malha Seattle (Malh\u00e3o) - Grupo Fides<\/title>\n<meta name=\"robots\" content=\"index, follow, max-snippet:-1, max-image-preview:large, max-video-preview:-1\" \/>\n<link rel=\"canonical\" href=\"https:\/\/grupofides.com.br\/en\/produto\/malha-seattle-malhao\/\" \/>\n<meta property=\"og:locale\" content=\"en_US\" \/>\n<meta property=\"og:type\" content=\"article\" \/>\n<meta property=\"og:title\" content=\"Malha Seattle (Malh\u00e3o) - Grupo Fides\" \/>\n<meta property=\"og:description\" content=\"A nossa malha Seattle \u00e9 a escolha ideal para quem busca qualidade e durabilidade em cada pe\u00e7a. Com uma gramatura m\u00e9dia robusta de 250g\/m\u00b2, essa malha popularmente conhecida como &#8220;malh\u00e3o&#8221; \u00e9 a favorita para a cria\u00e7\u00e3o de camisetas oversized, proporcionando um ajuste confort\u00e1vel e com \u00f3timo caimento. Feita 100% em algod\u00e3o, essa malha oferece suavidade [&hellip;]\" \/>\n<meta property=\"og:url\" content=\"https:\/\/grupofides.com.br\/en\/produto\/malha-seattle-malhao\/\" \/>\n<meta property=\"og:site_name\" content=\"Grupo Fides\" \/>\n<meta property=\"article:publisher\" content=\"https:\/\/www.facebook.com\/fiacaofides\" \/>\n<meta property=\"article:modified_time\" content=\"2026-02-24T13:01:22+00:00\" \/>\n<meta property=\"og:image\" content=\"https:\/\/grupofides.com.br\/wp-content\/uploads\/2024\/09\/Capa_Malha_Seattle-1.jpg\" \/>\n\t<meta property=\"og:image:width\" content=\"1080\" \/>\n\t<meta property=\"og:image:height\" content=\"1080\" \/>\n\t<meta property=\"og:image:type\" content=\"image\/jpeg\" \/>\n<meta name=\"twitter:card\" content=\"summary_large_image\" \/>\n<meta name=\"twitter:label1\" content=\"Est. reading time\" \/>\n\t<meta name=\"twitter:data1\" content=\"1 minute\" \/>\n<script type=\"application\/ld+json\" class=\"yoast-schema-graph\">{\"@context\":\"https:\/\/schema.org\",\"@graph\":[{\"@type\":\"WebPage\",\"@id\":\"https:\/\/grupofides.com.br\/produto\/malha-seattle-malhao\/\",\"url\":\"https:\/\/grupofides.com.br\/produto\/malha-seattle-malhao\/\",\"name\":\"Malha Seattle (Malh\u00e3o) - Grupo Fides\",\"isPartOf\":{\"@id\":\"https:\/\/grupofides.com.br\/#website\"},\"primaryImageOfPage\":{\"@id\":\"https:\/\/grupofides.com.br\/produto\/malha-seattle-malhao\/#primaryimage\"},\"image\":{\"@id\":\"https:\/\/grupofides.com.br\/produto\/malha-seattle-malhao\/#primaryimage\"},\"thumbnailUrl\":\"https:\/\/grupofides.com.br\/wp-content\/uploads\/2024\/09\/Capa_Malha_Seattle-1.jpg\",\"datePublished\":\"2024-09-02T16:51:57+00:00\",\"dateModified\":\"2026-02-24T13:01:22+00:00\",\"breadcrumb\":{\"@id\":\"https:\/\/grupofides.com.br\/produto\/malha-seattle-malhao\/#breadcrumb\"},\"inLanguage\":\"en-US\",\"potentialAction\":[{\"@type\":\"ReadAction\",\"target\":[\"https:\/\/grupofides.com.br\/produto\/malha-seattle-malhao\/\"]}]},{\"@type\":\"ImageObject\",\"inLanguage\":\"en-US\",\"@id\":\"https:\/\/grupofides.com.br\/produto\/malha-seattle-malhao\/#primaryimage\",\"url\":\"https:\/\/grupofides.com.br\/wp-content\/uploads\/2024\/09\/Capa_Malha_Seattle-1.jpg\",\"contentUrl\":\"https:\/\/grupofides.com.br\/wp-content\/uploads\/2024\/09\/Capa_Malha_Seattle-1.jpg\",\"width\":1080,\"height\":1080},{\"@type\":\"BreadcrumbList\",\"@id\":\"https:\/\/grupofides.com.br\/produto\/malha-seattle-malhao\/#breadcrumb\",\"itemListElement\":[{\"@type\":\"ListItem\",\"position\":1,\"name\":\"In\u00edcio\",\"item\":\"https:\/\/grupofides.com.br\/\"},{\"@type\":\"ListItem\",\"position\":2,\"name\":\"Produtos\",\"item\":\"https:\/\/grupofides.com.br\/shop\/\"},{\"@type\":\"ListItem\",\"position\":3,\"name\":\"Malha Seattle (Malh\u00e3o)\"}]},{\"@type\":\"WebSite\",\"@id\":\"https:\/\/grupofides.com.br\/#website\",\"url\":\"https:\/\/grupofides.com.br\/\",\"name\":\"Grupo Fides\",\"description\":\"Fia\u00e7\u00e3o &amp; Malharia\",\"publisher\":{\"@id\":\"https:\/\/grupofides.com.br\/#organization\"},\"potentialAction\":[{\"@type\":\"SearchAction\",\"target\":{\"@type\":\"EntryPoint\",\"urlTemplate\":\"https:\/\/grupofides.com.br\/?s={search_term_string}\"},\"query-input\":{\"@type\":\"PropertyValueSpecification\",\"valueRequired\":true,\"valueName\":\"search_term_string\"}}],\"inLanguage\":\"en-US\"},{\"@type\":\"Organization\",\"@id\":\"https:\/\/grupofides.com.br\/#organization\",\"name\":\"Grupo Fides\",\"url\":\"https:\/\/grupofides.com.br\/\",\"logo\":{\"@type\":\"ImageObject\",\"inLanguage\":\"en-US\",\"@id\":\"https:\/\/grupofides.com.br\/#\/schema\/logo\/image\/\",\"url\":\"https:\/\/grupofides.com.br\/wp-content\/uploads\/2022\/11\/Logo_GRUPOFIDES.png\",\"contentUrl\":\"https:\/\/grupofides.com.br\/wp-content\/uploads\/2022\/11\/Logo_GRUPOFIDES.png\",\"width\":2000,\"height\":1000,\"caption\":\"Grupo Fides\"},\"image\":{\"@id\":\"https:\/\/grupofides.com.br\/#\/schema\/logo\/image\/\"},\"sameAs\":[\"https:\/\/www.facebook.com\/fiacaofides\",\"https:\/\/www.instagram.com\/fiacaofides\/\"]}]}<\/script>\n<!-- \/ Yoast SEO plugin. -->","yoast_head_json":{"title":"Malha Seattle (Malh\u00e3o) - Grupo Fides","robots":{"index":"index","follow":"follow","max-snippet":"max-snippet:-1","max-image-preview":"max-image-preview:large","max-video-preview":"max-video-preview:-1"},"canonical":"https:\/\/grupofides.com.br\/en\/produto\/malha-seattle-malhao\/","og_locale":"en_US","og_type":"article","og_title":"Malha Seattle (Malh\u00e3o) - Grupo Fides","og_description":"A nossa malha Seattle \u00e9 a escolha ideal para quem busca qualidade e durabilidade em cada pe\u00e7a. Com uma gramatura m\u00e9dia robusta de 250g\/m\u00b2, essa malha popularmente conhecida como &#8220;malh\u00e3o&#8221; \u00e9 a favorita para a cria\u00e7\u00e3o de camisetas oversized, proporcionando um ajuste confort\u00e1vel e com \u00f3timo caimento. Feita 100% em algod\u00e3o, essa malha oferece suavidade [&hellip;]","og_url":"https:\/\/grupofides.com.br\/en\/produto\/malha-seattle-malhao\/","og_site_name":"Grupo Fides","article_publisher":"https:\/\/www.facebook.com\/fiacaofides","article_modified_time":"2026-02-24T13:01:22+00:00","og_image":[{"width":1080,"height":1080,"url":"https:\/\/grupofides.com.br\/wp-content\/uploads\/2024\/09\/Capa_Malha_Seattle-1.jpg","type":"image\/jpeg"}],"twitter_card":"summary_large_image","twitter_misc":{"Est. reading time":"1 minute"},"schema":{"@context":"https:\/\/schema.org","@graph":[{"@type":"WebPage","@id":"https:\/\/grupofides.com.br\/produto\/malha-seattle-malhao\/","url":"https:\/\/grupofides.com.br\/produto\/malha-seattle-malhao\/","name":"Malha Seattle (Malh\u00e3o) - Grupo Fides","isPartOf":{"@id":"https:\/\/grupofides.com.br\/#website"},"primaryImageOfPage":{"@id":"https:\/\/grupofides.com.br\/produto\/malha-seattle-malhao\/#primaryimage"},"image":{"@id":"https:\/\/grupofides.com.br\/produto\/malha-seattle-malhao\/#primaryimage"},"thumbnailUrl":"https:\/\/grupofides.com.br\/wp-content\/uploads\/2024\/09\/Capa_Malha_Seattle-1.jpg","datePublished":"2024-09-02T16:51:57+00:00","dateModified":"2026-02-24T13:01:22+00:00","breadcrumb":{"@id":"https:\/\/grupofides.com.br\/produto\/malha-seattle-malhao\/#breadcrumb"},"inLanguage":"en-US","potentialAction":[{"@type":"ReadAction","target":["https:\/\/grupofides.com.br\/produto\/malha-seattle-malhao\/"]}]},{"@type":"ImageObject","inLanguage":"en-US","@id":"https:\/\/grupofides.com.br\/produto\/malha-seattle-malhao\/#primaryimage","url":"https:\/\/grupofides.com.br\/wp-content\/uploads\/2024\/09\/Capa_Malha_Seattle-1.jpg","contentUrl":"https:\/\/grupofides.com.br\/wp-content\/uploads\/2024\/09\/Capa_Malha_Seattle-1.jpg","width":1080,"height":1080},{"@type":"BreadcrumbList","@id":"https:\/\/grupofides.com.br\/produto\/malha-seattle-malhao\/#breadcrumb","itemListElement":[{"@type":"ListItem","position":1,"name":"In\u00edcio","item":"https:\/\/grupofides.com.br\/"},{"@type":"ListItem","position":2,"name":"Produtos","item":"https:\/\/grupofides.com.br\/shop\/"},{"@type":"ListItem","position":3,"name":"Malha Seattle (Malh\u00e3o)"}]},{"@type":"WebSite","@id":"https:\/\/grupofides.com.br\/#website","url":"https:\/\/grupofides.com.br\/","name":"Grupo Fides","description":"Spinning &amp; Knitwear","publisher":{"@id":"https:\/\/grupofides.com.br\/#organization"},"potentialAction":[{"@type":"SearchAction","target":{"@type":"EntryPoint","urlTemplate":"https:\/\/grupofides.com.br\/?s={search_term_string}"},"query-input":{"@type":"PropertyValueSpecification","valueRequired":true,"valueName":"search_term_string"}}],"inLanguage":"en-US"},{"@type":"Organization","@id":"https:\/\/grupofides.com.br\/#organization","name":"Grupo Fides","url":"https:\/\/grupofides.com.br\/","logo":{"@type":"ImageObject","inLanguage":"en-US","@id":"https:\/\/grupofides.com.br\/#\/schema\/logo\/image\/","url":"https:\/\/grupofides.com.br\/wp-content\/uploads\/2022\/11\/Logo_GRUPOFIDES.png","contentUrl":"https:\/\/grupofides.com.br\/wp-content\/uploads\/2022\/11\/Logo_GRUPOFIDES.png","width":2000,"height":1000,"caption":"Grupo Fides"},"image":{"@id":"https:\/\/grupofides.com.br\/#\/schema\/logo\/image\/"},"sameAs":["https:\/\/www.facebook.com\/fiacaofides","https:\/\/www.instagram.com\/fiacaofides\/"]}]}},"_links":{"self":[{"href":"https:\/\/grupofides.com.br\/en\/wp-json\/wp\/v2\/product\/2333","targetHints":{"allow":["GET"]}}],"collection":[{"href":"https:\/\/grupofides.com.br\/en\/wp-json\/wp\/v2\/product"}],"about":[{"href":"https:\/\/grupofides.com.br\/en\/wp-json\/wp\/v2\/types\/product"}],"wp:featuredmedia":[{"embeddable":true,"href":"https:\/\/grupofides.com.br\/en\/wp-json\/wp\/v2\/media\/2966"}],"wp:attachment":[{"href":"https:\/\/grupofides.com.br\/en\/wp-json\/wp\/v2\/media?parent=2333"}],"wp:term":[{"taxonomy":"product_brand","embeddable":true,"href":"https:\/\/grupofides.com.br\/en\/wp-json\/wp\/v2\/product_brand?post=2333"},{"taxonomy":"product_cat","embeddable":true,"href":"https:\/\/grupofides.com.br\/en\/wp-json\/wp\/v2\/product_cat?post=2333"},{"taxonomy":"product_tag","embeddable":true,"href":"https:\/\/grupofides.com.br\/en\/wp-json\/wp\/v2\/product_tag?post=2333"}],"curies":[{"name":"wp","href":"https:\/\/api.w.org\/{rel}","templated":true}]}}