{"id":2346,"date":"2024-09-02T17:47:35","date_gmt":"2024-09-02T20:47:35","guid":{"rendered":"https:\/\/grupofides.com.br\/?post_type=product&#038;p=2346"},"modified":"2026-02-24T11:18:09","modified_gmt":"2026-02-24T14:18:09","slug":"malha-piquet-sensation-2","status":"publish","type":"product","link":"https:\/\/grupofides.com.br\/en\/product\/malha-piquet-sensation-2\/","title":{"rendered":"Sensation Piqu\u00e9 Fabric"},"content":{"rendered":"<p><span style=\"font-weight: 400;\">A malha Piquet Sensation da Fides \u00e9 uma inova\u00e7\u00e3o no mundo dos tecidos, oferecendo uma alternativa diferenciada \u00e0s malhas piquet tradicionais. Desenvolvida com uma tecnologia exclusiva, essa malha se destaca por v\u00e1rias caracter\u00edsticas que a tornam ideal para diversas aplica\u00e7\u00f5es:<\/span><\/p>\n<ul>\n<li style=\"font-weight: 400;\" aria-level=\"1\"><b>Tecnologia Exclusiva<\/b><span style=\"font-weight: 400;\">: N\u00e3o necessita passar, facilitando os cuidados no dia a dia, mais um produto easy care que visa a praticidade;<\/span><\/li>\n<li style=\"font-weight: 400;\" aria-level=\"1\"><b>Super Fresquinha<\/b><span style=\"font-weight: 400;\">: \u00e9 extremamente leve e arejada, ideal para climas quentes, garantindo conforto sem perder a eleg\u00e2ncia;<\/span><\/li>\n<li style=\"font-weight: 400;\" aria-level=\"1\"><b>Secagem R\u00e1pida<\/b><span style=\"font-weight: 400;\">: Pr\u00e1tica para o dia a dia, sua tecnologia permite uma secagem at\u00e9 5 vezes mais r\u00e1pida que um piquet de algod\u00e3o comum.<\/span><\/li>\n<li style=\"font-weight: 400;\" aria-level=\"1\"><b>Resist\u00eancia ao Pilling<\/b><span style=\"font-weight: 400;\">: Mant\u00e9m a apar\u00eancia nova por mais tempo, sem formar as indesejadas bolinhas;<\/span><\/li>\n<li style=\"font-weight: 400;\" aria-level=\"1\"><b>Toque macio<\/b><span style=\"font-weight: 400;\">:\u00a0 A tecnologia dessa malha permite um contato direto da pele com o algod\u00e3o penteado, resultando em uma sensa\u00e7\u00e3o de suavidade e conforto excepcionais. Essa combina\u00e7\u00e3o torna o uso da malha verdadeiramente agrad\u00e1vel, proporcionando uma experi\u00eancia prazerosa ao longo do dia.<\/span><\/li>\n<li style=\"font-weight: 400;\" aria-level=\"1\"><b>Versatilidade:<\/b><span style=\"font-weight: 400;\"> Pode ser utilizada em diversas aplica\u00e7\u00f5es al\u00e9m de camisas polo, como vestidos, saias e cal\u00e7as.<\/span><\/li>\n<\/ul>\n<p><span style=\"font-weight: 400;\">Com sua combina\u00e7\u00e3o de estilo e conforto, a malha Piquet Sensation \u00e9 uma escolha excelente para quem busca praticidade e qualidade nas suas roupas!<\/span><\/p>","protected":false},"excerpt":{"rendered":"<p>A malha Piquet Sensation da Fides \u00e9 uma inova\u00e7\u00e3o no mundo dos tecidos, oferecendo uma alternativa diferenciada \u00e0s malhas piquet tradicionais. Desenvolvida com uma tecnologia exclusiva, essa malha se destaca por v\u00e1rias caracter\u00edsticas que a tornam ideal para diversas aplica\u00e7\u00f5es: Tecnologia Exclusiva: N\u00e3o necessita passar, facilitando os cuidados no dia a dia, mais um produto [&hellip;]<\/p>\n","protected":false},"featured_media":2976,"template":"","meta":{"_acf_changed":false},"product_brand":[],"product_cat":[46,90],"product_tag":[],"class_list":{"0":"post-2346","1":"product","2":"type-product","3":"status-publish","4":"has-post-thumbnail","6":"product_cat-malhas","7":"product_cat-tecnologicas","9":"first","10":"instock","11":"shipping-taxable","12":"product-type-simple"},"acf":[],"yoast_head":"<!-- This site is optimized with the Yoast SEO plugin v27.1.1 - https:\/\/yoast.com\/product\/yoast-seo-wordpress\/ -->\n<title>Malha Piquet Sensation - Grupo Fides<\/title>\n<meta name=\"robots\" content=\"index, follow, max-snippet:-1, max-image-preview:large, max-video-preview:-1\" \/>\n<link rel=\"canonical\" href=\"https:\/\/grupofides.com.br\/en\/produto\/malha-piquet-sensation-2\/\" \/>\n<meta property=\"og:locale\" content=\"en_US\" \/>\n<meta property=\"og:type\" content=\"article\" \/>\n<meta property=\"og:title\" content=\"Malha Piquet Sensation - Grupo Fides\" \/>\n<meta property=\"og:description\" content=\"A malha Piquet Sensation da Fides \u00e9 uma inova\u00e7\u00e3o no mundo dos tecidos, oferecendo uma alternativa diferenciada \u00e0s malhas piquet tradicionais. Desenvolvida com uma tecnologia exclusiva, essa malha se destaca por v\u00e1rias caracter\u00edsticas que a tornam ideal para diversas aplica\u00e7\u00f5es: Tecnologia Exclusiva: N\u00e3o necessita passar, facilitando os cuidados no dia a dia, mais um produto [&hellip;]\" \/>\n<meta property=\"og:url\" content=\"https:\/\/grupofides.com.br\/en\/produto\/malha-piquet-sensation-2\/\" \/>\n<meta property=\"og:site_name\" content=\"Grupo Fides\" \/>\n<meta property=\"article:publisher\" content=\"https:\/\/www.facebook.com\/fiacaofides\" \/>\n<meta property=\"article:modified_time\" content=\"2026-02-24T14:18:09+00:00\" \/>\n<meta property=\"og:image\" content=\"https:\/\/grupofides.com.br\/wp-content\/uploads\/2024\/09\/Capa_Malha_PiqSensation-2.jpg\" \/>\n\t<meta property=\"og:image:width\" content=\"1080\" \/>\n\t<meta property=\"og:image:height\" content=\"1080\" \/>\n\t<meta property=\"og:image:type\" content=\"image\/jpeg\" \/>\n<meta name=\"twitter:card\" content=\"summary_large_image\" \/>\n<meta name=\"twitter:label1\" content=\"Est. reading time\" \/>\n\t<meta name=\"twitter:data1\" content=\"2 minutes\" \/>\n<script type=\"application\/ld+json\" class=\"yoast-schema-graph\">{\"@context\":\"https:\/\/schema.org\",\"@graph\":[{\"@type\":\"WebPage\",\"@id\":\"https:\/\/grupofides.com.br\/produto\/malha-piquet-sensation-2\/\",\"url\":\"https:\/\/grupofides.com.br\/produto\/malha-piquet-sensation-2\/\",\"name\":\"Malha Piquet Sensation - Grupo Fides\",\"isPartOf\":{\"@id\":\"https:\/\/grupofides.com.br\/#website\"},\"primaryImageOfPage\":{\"@id\":\"https:\/\/grupofides.com.br\/produto\/malha-piquet-sensation-2\/#primaryimage\"},\"image\":{\"@id\":\"https:\/\/grupofides.com.br\/produto\/malha-piquet-sensation-2\/#primaryimage\"},\"thumbnailUrl\":\"https:\/\/grupofides.com.br\/wp-content\/uploads\/2024\/09\/Capa_Malha_PiqSensation-2.jpg\",\"datePublished\":\"2024-09-02T20:47:35+00:00\",\"dateModified\":\"2026-02-24T14:18:09+00:00\",\"breadcrumb\":{\"@id\":\"https:\/\/grupofides.com.br\/produto\/malha-piquet-sensation-2\/#breadcrumb\"},\"inLanguage\":\"en-US\",\"potentialAction\":[{\"@type\":\"ReadAction\",\"target\":[\"https:\/\/grupofides.com.br\/produto\/malha-piquet-sensation-2\/\"]}]},{\"@type\":\"ImageObject\",\"inLanguage\":\"en-US\",\"@id\":\"https:\/\/grupofides.com.br\/produto\/malha-piquet-sensation-2\/#primaryimage\",\"url\":\"https:\/\/grupofides.com.br\/wp-content\/uploads\/2024\/09\/Capa_Malha_PiqSensation-2.jpg\",\"contentUrl\":\"https:\/\/grupofides.com.br\/wp-content\/uploads\/2024\/09\/Capa_Malha_PiqSensation-2.jpg\",\"width\":1080,\"height\":1080},{\"@type\":\"BreadcrumbList\",\"@id\":\"https:\/\/grupofides.com.br\/produto\/malha-piquet-sensation-2\/#breadcrumb\",\"itemListElement\":[{\"@type\":\"ListItem\",\"position\":1,\"name\":\"In\u00edcio\",\"item\":\"https:\/\/grupofides.com.br\/\"},{\"@type\":\"ListItem\",\"position\":2,\"name\":\"Produtos\",\"item\":\"https:\/\/grupofides.com.br\/shop\/\"},{\"@type\":\"ListItem\",\"position\":3,\"name\":\"Malha Piquet Sensation\"}]},{\"@type\":\"WebSite\",\"@id\":\"https:\/\/grupofides.com.br\/#website\",\"url\":\"https:\/\/grupofides.com.br\/\",\"name\":\"Grupo Fides\",\"description\":\"Fia\u00e7\u00e3o &amp; Malharia\",\"publisher\":{\"@id\":\"https:\/\/grupofides.com.br\/#organization\"},\"potentialAction\":[{\"@type\":\"SearchAction\",\"target\":{\"@type\":\"EntryPoint\",\"urlTemplate\":\"https:\/\/grupofides.com.br\/?s={search_term_string}\"},\"query-input\":{\"@type\":\"PropertyValueSpecification\",\"valueRequired\":true,\"valueName\":\"search_term_string\"}}],\"inLanguage\":\"en-US\"},{\"@type\":\"Organization\",\"@id\":\"https:\/\/grupofides.com.br\/#organization\",\"name\":\"Grupo Fides\",\"url\":\"https:\/\/grupofides.com.br\/\",\"logo\":{\"@type\":\"ImageObject\",\"inLanguage\":\"en-US\",\"@id\":\"https:\/\/grupofides.com.br\/#\/schema\/logo\/image\/\",\"url\":\"https:\/\/grupofides.com.br\/wp-content\/uploads\/2022\/11\/Logo_GRUPOFIDES.png\",\"contentUrl\":\"https:\/\/grupofides.com.br\/wp-content\/uploads\/2022\/11\/Logo_GRUPOFIDES.png\",\"width\":2000,\"height\":1000,\"caption\":\"Grupo Fides\"},\"image\":{\"@id\":\"https:\/\/grupofides.com.br\/#\/schema\/logo\/image\/\"},\"sameAs\":[\"https:\/\/www.facebook.com\/fiacaofides\",\"https:\/\/www.instagram.com\/fiacaofides\/\"]}]}<\/script>\n<!-- \/ Yoast SEO plugin. -->","yoast_head_json":{"title":"Malha Piquet Sensation - Grupo Fides","robots":{"index":"index","follow":"follow","max-snippet":"max-snippet:-1","max-image-preview":"max-image-preview:large","max-video-preview":"max-video-preview:-1"},"canonical":"https:\/\/grupofides.com.br\/en\/produto\/malha-piquet-sensation-2\/","og_locale":"en_US","og_type":"article","og_title":"Malha Piquet Sensation - Grupo Fides","og_description":"A malha Piquet Sensation da Fides \u00e9 uma inova\u00e7\u00e3o no mundo dos tecidos, oferecendo uma alternativa diferenciada \u00e0s malhas piquet tradicionais. Desenvolvida com uma tecnologia exclusiva, essa malha se destaca por v\u00e1rias caracter\u00edsticas que a tornam ideal para diversas aplica\u00e7\u00f5es: Tecnologia Exclusiva: N\u00e3o necessita passar, facilitando os cuidados no dia a dia, mais um produto [&hellip;]","og_url":"https:\/\/grupofides.com.br\/en\/produto\/malha-piquet-sensation-2\/","og_site_name":"Grupo Fides","article_publisher":"https:\/\/www.facebook.com\/fiacaofides","article_modified_time":"2026-02-24T14:18:09+00:00","og_image":[{"width":1080,"height":1080,"url":"https:\/\/grupofides.com.br\/wp-content\/uploads\/2024\/09\/Capa_Malha_PiqSensation-2.jpg","type":"image\/jpeg"}],"twitter_card":"summary_large_image","twitter_misc":{"Est. reading time":"2 minutes"},"schema":{"@context":"https:\/\/schema.org","@graph":[{"@type":"WebPage","@id":"https:\/\/grupofides.com.br\/produto\/malha-piquet-sensation-2\/","url":"https:\/\/grupofides.com.br\/produto\/malha-piquet-sensation-2\/","name":"Malha Piquet Sensation - Grupo Fides","isPartOf":{"@id":"https:\/\/grupofides.com.br\/#website"},"primaryImageOfPage":{"@id":"https:\/\/grupofides.com.br\/produto\/malha-piquet-sensation-2\/#primaryimage"},"image":{"@id":"https:\/\/grupofides.com.br\/produto\/malha-piquet-sensation-2\/#primaryimage"},"thumbnailUrl":"https:\/\/grupofides.com.br\/wp-content\/uploads\/2024\/09\/Capa_Malha_PiqSensation-2.jpg","datePublished":"2024-09-02T20:47:35+00:00","dateModified":"2026-02-24T14:18:09+00:00","breadcrumb":{"@id":"https:\/\/grupofides.com.br\/produto\/malha-piquet-sensation-2\/#breadcrumb"},"inLanguage":"en-US","potentialAction":[{"@type":"ReadAction","target":["https:\/\/grupofides.com.br\/produto\/malha-piquet-sensation-2\/"]}]},{"@type":"ImageObject","inLanguage":"en-US","@id":"https:\/\/grupofides.com.br\/produto\/malha-piquet-sensation-2\/#primaryimage","url":"https:\/\/grupofides.com.br\/wp-content\/uploads\/2024\/09\/Capa_Malha_PiqSensation-2.jpg","contentUrl":"https:\/\/grupofides.com.br\/wp-content\/uploads\/2024\/09\/Capa_Malha_PiqSensation-2.jpg","width":1080,"height":1080},{"@type":"BreadcrumbList","@id":"https:\/\/grupofides.com.br\/produto\/malha-piquet-sensation-2\/#breadcrumb","itemListElement":[{"@type":"ListItem","position":1,"name":"In\u00edcio","item":"https:\/\/grupofides.com.br\/"},{"@type":"ListItem","position":2,"name":"Produtos","item":"https:\/\/grupofides.com.br\/shop\/"},{"@type":"ListItem","position":3,"name":"Malha Piquet Sensation"}]},{"@type":"WebSite","@id":"https:\/\/grupofides.com.br\/#website","url":"https:\/\/grupofides.com.br\/","name":"Grupo Fides","description":"Spinning &amp; Knitwear","publisher":{"@id":"https:\/\/grupofides.com.br\/#organization"},"potentialAction":[{"@type":"SearchAction","target":{"@type":"EntryPoint","urlTemplate":"https:\/\/grupofides.com.br\/?s={search_term_string}"},"query-input":{"@type":"PropertyValueSpecification","valueRequired":true,"valueName":"search_term_string"}}],"inLanguage":"en-US"},{"@type":"Organization","@id":"https:\/\/grupofides.com.br\/#organization","name":"Grupo Fides","url":"https:\/\/grupofides.com.br\/","logo":{"@type":"ImageObject","inLanguage":"en-US","@id":"https:\/\/grupofides.com.br\/#\/schema\/logo\/image\/","url":"https:\/\/grupofides.com.br\/wp-content\/uploads\/2022\/11\/Logo_GRUPOFIDES.png","contentUrl":"https:\/\/grupofides.com.br\/wp-content\/uploads\/2022\/11\/Logo_GRUPOFIDES.png","width":2000,"height":1000,"caption":"Grupo Fides"},"image":{"@id":"https:\/\/grupofides.com.br\/#\/schema\/logo\/image\/"},"sameAs":["https:\/\/www.facebook.com\/fiacaofides","https:\/\/www.instagram.com\/fiacaofides\/"]}]}},"_links":{"self":[{"href":"https:\/\/grupofides.com.br\/en\/wp-json\/wp\/v2\/product\/2346","targetHints":{"allow":["GET"]}}],"collection":[{"href":"https:\/\/grupofides.com.br\/en\/wp-json\/wp\/v2\/product"}],"about":[{"href":"https:\/\/grupofides.com.br\/en\/wp-json\/wp\/v2\/types\/product"}],"wp:featuredmedia":[{"embeddable":true,"href":"https:\/\/grupofides.com.br\/en\/wp-json\/wp\/v2\/media\/2976"}],"wp:attachment":[{"href":"https:\/\/grupofides.com.br\/en\/wp-json\/wp\/v2\/media?parent=2346"}],"wp:term":[{"taxonomy":"product_brand","embeddable":true,"href":"https:\/\/grupofides.com.br\/en\/wp-json\/wp\/v2\/product_brand?post=2346"},{"taxonomy":"product_cat","embeddable":true,"href":"https:\/\/grupofides.com.br\/en\/wp-json\/wp\/v2\/product_cat?post=2346"},{"taxonomy":"product_tag","embeddable":true,"href":"https:\/\/grupofides.com.br\/en\/wp-json\/wp\/v2\/product_tag?post=2346"}],"curies":[{"name":"wp","href":"https:\/\/api.w.org\/{rel}","templated":true}]}}