{"id":2354,"date":"2024-09-03T11:15:01","date_gmt":"2024-09-03T14:15:01","guid":{"rendered":"https:\/\/grupofides.com.br\/?post_type=product&#038;p=2354"},"modified":"2026-02-24T10:22:57","modified_gmt":"2026-02-24T13:22:57","slug":"malha-jaguar","status":"publish","type":"product","link":"https:\/\/grupofides.com.br\/en\/product\/malha-jaguar\/","title":{"rendered":"Malha Jaguar"},"content":{"rendered":"<p><span style=\"font-weight: 400;\">A <\/span><b>malha Jaguar da Fides<\/b><span style=\"font-weight: 400;\"> \u00e9 um tecido mescla exclusivo, desenvolvido com uma mistura cuidadosa de fibras que resulta em um efeito visual diferenciado e homog\u00eaneo com muito charme. A mistura precisa e totalmente controlada dos componentes garante que o padr\u00e3o do mescla se mantenha consistente, sem varia\u00e7\u00f5es de composi\u00e7\u00e3o ou uniformidade da cor, o que confere um visual equilibrado \u00e0s pe\u00e7as ao longo de toda a cole\u00e7\u00e3o.<\/span><\/p>\n<p><span style=\"font-weight: 400;\">Assim como todos os mesclas da Fides, essa malha recebe um acabamento especial que torna o toque suave e agrad\u00e1vel, oferecendo um conforto adicional sem perder a resist\u00eancia e a durabilidade. Esse cuidado no acabamento faz com que a malha seja vers\u00e1til e adequada para uma variedade de aplica\u00e7\u00f5es, desde roupas mais casuais at\u00e9 pe\u00e7as com um toque mais sofisticado.<\/span><\/p>\n<p><span style=\"font-weight: 400;\">Al\u00e9m disso, como um mescla consolidado no mercado da moda, a <\/span><b>malha Jaguar<\/b><span style=\"font-weight: 400;\"> oferece uma varia\u00e7\u00e3o sutil ao tradicional preto b\u00e1sico, trazendo um toque de frescor ao visual de qualquer cole\u00e7\u00e3o. Sua tonalidade equilibrada e discreta permite que ela se insira de forma vers\u00e1til, sem perder a sofistica\u00e7\u00e3o, renovando pe\u00e7as cl\u00e1ssicas com um novo olhar.<\/span><\/p>","protected":false},"excerpt":{"rendered":"<p>A malha Jaguar da Fides \u00e9 um tecido mescla exclusivo, desenvolvido com uma mistura cuidadosa de fibras que resulta em um efeito visual diferenciado e homog\u00eaneo com muito charme. A mistura precisa e totalmente controlada dos componentes garante que o padr\u00e3o do mescla se mantenha consistente, sem varia\u00e7\u00f5es de composi\u00e7\u00e3o ou uniformidade da cor, o [&hellip;]<\/p>\n","protected":false},"featured_media":3012,"template":"","meta":{"_acf_changed":false},"product_brand":[],"product_cat":[53,46],"product_tag":[],"class_list":{"0":"post-2354","1":"product","2":"type-product","3":"status-publish","4":"has-post-thumbnail","6":"product_cat-diferenciadas","7":"product_cat-malhas","9":"first","10":"instock","11":"shipping-taxable","12":"product-type-simple"},"acf":[],"yoast_head":"<!-- This site is optimized with the Yoast SEO plugin v27.1.1 - https:\/\/yoast.com\/product\/yoast-seo-wordpress\/ -->\n<title>Malha Jaguar - Grupo Fides<\/title>\n<meta name=\"robots\" content=\"index, follow, max-snippet:-1, max-image-preview:large, max-video-preview:-1\" \/>\n<link rel=\"canonical\" href=\"https:\/\/grupofides.com.br\/en\/produto\/malha-jaguar\/\" \/>\n<meta property=\"og:locale\" content=\"en_US\" \/>\n<meta property=\"og:type\" content=\"article\" \/>\n<meta property=\"og:title\" content=\"Malha Jaguar - Grupo Fides\" \/>\n<meta property=\"og:description\" content=\"A malha Jaguar da Fides \u00e9 um tecido mescla exclusivo, desenvolvido com uma mistura cuidadosa de fibras que resulta em um efeito visual diferenciado e homog\u00eaneo com muito charme. A mistura precisa e totalmente controlada dos componentes garante que o padr\u00e3o do mescla se mantenha consistente, sem varia\u00e7\u00f5es de composi\u00e7\u00e3o ou uniformidade da cor, o [&hellip;]\" \/>\n<meta property=\"og:url\" content=\"https:\/\/grupofides.com.br\/en\/produto\/malha-jaguar\/\" \/>\n<meta property=\"og:site_name\" content=\"Grupo Fides\" \/>\n<meta property=\"article:publisher\" content=\"https:\/\/www.facebook.com\/fiacaofides\" \/>\n<meta property=\"article:modified_time\" content=\"2026-02-24T13:22:57+00:00\" \/>\n<meta property=\"og:image\" content=\"https:\/\/grupofides.com.br\/wp-content\/uploads\/2024\/11\/Capa_Malha_Jaguar.jpg\" \/>\n\t<meta property=\"og:image:width\" content=\"1080\" \/>\n\t<meta property=\"og:image:height\" content=\"1080\" \/>\n\t<meta property=\"og:image:type\" content=\"image\/jpeg\" \/>\n<meta name=\"twitter:card\" content=\"summary_large_image\" \/>\n<meta name=\"twitter:label1\" content=\"Est. reading time\" \/>\n\t<meta name=\"twitter:data1\" content=\"2 minutes\" \/>\n<script type=\"application\/ld+json\" class=\"yoast-schema-graph\">{\"@context\":\"https:\/\/schema.org\",\"@graph\":[{\"@type\":\"WebPage\",\"@id\":\"https:\/\/grupofides.com.br\/produto\/malha-jaguar\/\",\"url\":\"https:\/\/grupofides.com.br\/produto\/malha-jaguar\/\",\"name\":\"Malha Jaguar - Grupo Fides\",\"isPartOf\":{\"@id\":\"https:\/\/grupofides.com.br\/#website\"},\"primaryImageOfPage\":{\"@id\":\"https:\/\/grupofides.com.br\/produto\/malha-jaguar\/#primaryimage\"},\"image\":{\"@id\":\"https:\/\/grupofides.com.br\/produto\/malha-jaguar\/#primaryimage\"},\"thumbnailUrl\":\"https:\/\/grupofides.com.br\/wp-content\/uploads\/2024\/11\/Capa_Malha_Jaguar.jpg\",\"datePublished\":\"2024-09-03T14:15:01+00:00\",\"dateModified\":\"2026-02-24T13:22:57+00:00\",\"breadcrumb\":{\"@id\":\"https:\/\/grupofides.com.br\/produto\/malha-jaguar\/#breadcrumb\"},\"inLanguage\":\"en-US\",\"potentialAction\":[{\"@type\":\"ReadAction\",\"target\":[\"https:\/\/grupofides.com.br\/produto\/malha-jaguar\/\"]}]},{\"@type\":\"ImageObject\",\"inLanguage\":\"en-US\",\"@id\":\"https:\/\/grupofides.com.br\/produto\/malha-jaguar\/#primaryimage\",\"url\":\"https:\/\/grupofides.com.br\/wp-content\/uploads\/2024\/11\/Capa_Malha_Jaguar.jpg\",\"contentUrl\":\"https:\/\/grupofides.com.br\/wp-content\/uploads\/2024\/11\/Capa_Malha_Jaguar.jpg\",\"width\":1080,\"height\":1080},{\"@type\":\"BreadcrumbList\",\"@id\":\"https:\/\/grupofides.com.br\/produto\/malha-jaguar\/#breadcrumb\",\"itemListElement\":[{\"@type\":\"ListItem\",\"position\":1,\"name\":\"In\u00edcio\",\"item\":\"https:\/\/grupofides.com.br\/\"},{\"@type\":\"ListItem\",\"position\":2,\"name\":\"Produtos\",\"item\":\"https:\/\/grupofides.com.br\/shop\/\"},{\"@type\":\"ListItem\",\"position\":3,\"name\":\"Malha Jaguar\"}]},{\"@type\":\"WebSite\",\"@id\":\"https:\/\/grupofides.com.br\/#website\",\"url\":\"https:\/\/grupofides.com.br\/\",\"name\":\"Grupo Fides\",\"description\":\"Fia\u00e7\u00e3o &amp; Malharia\",\"publisher\":{\"@id\":\"https:\/\/grupofides.com.br\/#organization\"},\"potentialAction\":[{\"@type\":\"SearchAction\",\"target\":{\"@type\":\"EntryPoint\",\"urlTemplate\":\"https:\/\/grupofides.com.br\/?s={search_term_string}\"},\"query-input\":{\"@type\":\"PropertyValueSpecification\",\"valueRequired\":true,\"valueName\":\"search_term_string\"}}],\"inLanguage\":\"en-US\"},{\"@type\":\"Organization\",\"@id\":\"https:\/\/grupofides.com.br\/#organization\",\"name\":\"Grupo Fides\",\"url\":\"https:\/\/grupofides.com.br\/\",\"logo\":{\"@type\":\"ImageObject\",\"inLanguage\":\"en-US\",\"@id\":\"https:\/\/grupofides.com.br\/#\/schema\/logo\/image\/\",\"url\":\"https:\/\/grupofides.com.br\/wp-content\/uploads\/2022\/11\/Logo_GRUPOFIDES.png\",\"contentUrl\":\"https:\/\/grupofides.com.br\/wp-content\/uploads\/2022\/11\/Logo_GRUPOFIDES.png\",\"width\":2000,\"height\":1000,\"caption\":\"Grupo Fides\"},\"image\":{\"@id\":\"https:\/\/grupofides.com.br\/#\/schema\/logo\/image\/\"},\"sameAs\":[\"https:\/\/www.facebook.com\/fiacaofides\",\"https:\/\/www.instagram.com\/fiacaofides\/\"]}]}<\/script>\n<!-- \/ Yoast SEO plugin. -->","yoast_head_json":{"title":"Malha Jaguar - Grupo Fides","robots":{"index":"index","follow":"follow","max-snippet":"max-snippet:-1","max-image-preview":"max-image-preview:large","max-video-preview":"max-video-preview:-1"},"canonical":"https:\/\/grupofides.com.br\/en\/produto\/malha-jaguar\/","og_locale":"en_US","og_type":"article","og_title":"Malha Jaguar - Grupo Fides","og_description":"A malha Jaguar da Fides \u00e9 um tecido mescla exclusivo, desenvolvido com uma mistura cuidadosa de fibras que resulta em um efeito visual diferenciado e homog\u00eaneo com muito charme. A mistura precisa e totalmente controlada dos componentes garante que o padr\u00e3o do mescla se mantenha consistente, sem varia\u00e7\u00f5es de composi\u00e7\u00e3o ou uniformidade da cor, o [&hellip;]","og_url":"https:\/\/grupofides.com.br\/en\/produto\/malha-jaguar\/","og_site_name":"Grupo Fides","article_publisher":"https:\/\/www.facebook.com\/fiacaofides","article_modified_time":"2026-02-24T13:22:57+00:00","og_image":[{"width":1080,"height":1080,"url":"https:\/\/grupofides.com.br\/wp-content\/uploads\/2024\/11\/Capa_Malha_Jaguar.jpg","type":"image\/jpeg"}],"twitter_card":"summary_large_image","twitter_misc":{"Est. reading time":"2 minutes"},"schema":{"@context":"https:\/\/schema.org","@graph":[{"@type":"WebPage","@id":"https:\/\/grupofides.com.br\/produto\/malha-jaguar\/","url":"https:\/\/grupofides.com.br\/produto\/malha-jaguar\/","name":"Malha Jaguar - Grupo Fides","isPartOf":{"@id":"https:\/\/grupofides.com.br\/#website"},"primaryImageOfPage":{"@id":"https:\/\/grupofides.com.br\/produto\/malha-jaguar\/#primaryimage"},"image":{"@id":"https:\/\/grupofides.com.br\/produto\/malha-jaguar\/#primaryimage"},"thumbnailUrl":"https:\/\/grupofides.com.br\/wp-content\/uploads\/2024\/11\/Capa_Malha_Jaguar.jpg","datePublished":"2024-09-03T14:15:01+00:00","dateModified":"2026-02-24T13:22:57+00:00","breadcrumb":{"@id":"https:\/\/grupofides.com.br\/produto\/malha-jaguar\/#breadcrumb"},"inLanguage":"en-US","potentialAction":[{"@type":"ReadAction","target":["https:\/\/grupofides.com.br\/produto\/malha-jaguar\/"]}]},{"@type":"ImageObject","inLanguage":"en-US","@id":"https:\/\/grupofides.com.br\/produto\/malha-jaguar\/#primaryimage","url":"https:\/\/grupofides.com.br\/wp-content\/uploads\/2024\/11\/Capa_Malha_Jaguar.jpg","contentUrl":"https:\/\/grupofides.com.br\/wp-content\/uploads\/2024\/11\/Capa_Malha_Jaguar.jpg","width":1080,"height":1080},{"@type":"BreadcrumbList","@id":"https:\/\/grupofides.com.br\/produto\/malha-jaguar\/#breadcrumb","itemListElement":[{"@type":"ListItem","position":1,"name":"In\u00edcio","item":"https:\/\/grupofides.com.br\/"},{"@type":"ListItem","position":2,"name":"Produtos","item":"https:\/\/grupofides.com.br\/shop\/"},{"@type":"ListItem","position":3,"name":"Malha Jaguar"}]},{"@type":"WebSite","@id":"https:\/\/grupofides.com.br\/#website","url":"https:\/\/grupofides.com.br\/","name":"Grupo Fides","description":"Spinning &amp; Knitwear","publisher":{"@id":"https:\/\/grupofides.com.br\/#organization"},"potentialAction":[{"@type":"SearchAction","target":{"@type":"EntryPoint","urlTemplate":"https:\/\/grupofides.com.br\/?s={search_term_string}"},"query-input":{"@type":"PropertyValueSpecification","valueRequired":true,"valueName":"search_term_string"}}],"inLanguage":"en-US"},{"@type":"Organization","@id":"https:\/\/grupofides.com.br\/#organization","name":"Grupo Fides","url":"https:\/\/grupofides.com.br\/","logo":{"@type":"ImageObject","inLanguage":"en-US","@id":"https:\/\/grupofides.com.br\/#\/schema\/logo\/image\/","url":"https:\/\/grupofides.com.br\/wp-content\/uploads\/2022\/11\/Logo_GRUPOFIDES.png","contentUrl":"https:\/\/grupofides.com.br\/wp-content\/uploads\/2022\/11\/Logo_GRUPOFIDES.png","width":2000,"height":1000,"caption":"Grupo Fides"},"image":{"@id":"https:\/\/grupofides.com.br\/#\/schema\/logo\/image\/"},"sameAs":["https:\/\/www.facebook.com\/fiacaofides","https:\/\/www.instagram.com\/fiacaofides\/"]}]}},"_links":{"self":[{"href":"https:\/\/grupofides.com.br\/en\/wp-json\/wp\/v2\/product\/2354","targetHints":{"allow":["GET"]}}],"collection":[{"href":"https:\/\/grupofides.com.br\/en\/wp-json\/wp\/v2\/product"}],"about":[{"href":"https:\/\/grupofides.com.br\/en\/wp-json\/wp\/v2\/types\/product"}],"wp:featuredmedia":[{"embeddable":true,"href":"https:\/\/grupofides.com.br\/en\/wp-json\/wp\/v2\/media\/3012"}],"wp:attachment":[{"href":"https:\/\/grupofides.com.br\/en\/wp-json\/wp\/v2\/media?parent=2354"}],"wp:term":[{"taxonomy":"product_brand","embeddable":true,"href":"https:\/\/grupofides.com.br\/en\/wp-json\/wp\/v2\/product_brand?post=2354"},{"taxonomy":"product_cat","embeddable":true,"href":"https:\/\/grupofides.com.br\/en\/wp-json\/wp\/v2\/product_cat?post=2354"},{"taxonomy":"product_tag","embeddable":true,"href":"https:\/\/grupofides.com.br\/en\/wp-json\/wp\/v2\/product_tag?post=2354"}],"curies":[{"name":"wp","href":"https:\/\/api.w.org\/{rel}","templated":true}]}}