{"id":2378,"date":"2024-09-04T09:24:08","date_gmt":"2024-09-04T12:24:08","guid":{"rendered":"https:\/\/grupofides.com.br\/?post_type=product&#038;p=2378"},"modified":"2026-02-24T11:01:59","modified_gmt":"2026-02-24T14:01:59","slug":"malha-danubio","status":"publish","type":"product","link":"https:\/\/grupofides.com.br\/en\/product\/malha-danubio\/","title":{"rendered":"Malha Danubio"},"content":{"rendered":"<p><span style=\"font-weight: 400;\">A malha Dan\u00fabio \u00e9 um tecido que se destaca pela sua textura sutil e elegante, composta por listras finas que conferem um toque de sofistica\u00e7\u00e3o ao material. A principal caracter\u00edstica desse tipo de malha \u00e9 a suavidade das listras, que n\u00e3o s\u00e3o excessivamente marcantes, mas t\u00eam um efeito visual refinado, adicionando um toque de movimento e leveza ao tecido. Essas listras podem ser dispostas de diferentes formas: tanto na horizontal quanto na vertical, permitindo que o designer ou a estilista explore uma variedade de estilos e acabamentos.<\/span><\/p>\n<p><span style=\"font-weight: 400;\">Quando as listras s\u00e3o aplicadas na horizontal, elas tendem a ampliar visualmente a pe\u00e7a, criando uma sensa\u00e7\u00e3o de largura. J\u00e1 as listras verticais t\u00eam o efeito oposto, alongando a silhueta e proporcionando um visual mais elegante e fino. A versatilidade da malha Dan\u00fabio permite que seja usada em diversas pe\u00e7as de vestu\u00e1rio, desde camisas e blusas at\u00e9 vestidos e acess\u00f3rios, sendo indicada para ocasi\u00f5es que exigem um visual mais sofisticado e discreto, mas ao mesmo tempo moderno.<\/span><\/p>\n<p><span style=\"font-weight: 400;\">A escolha por listras sutis em vez de padr\u00f5es mais chamativos torna a malha Dan\u00fabio uma excelente op\u00e7\u00e3o para aqueles que buscam um estilo cl\u00e1ssico, por\u00e9m atual. Essa malha pode ser usada tanto em looks casuais quanto formais, dependendo das combina\u00e7\u00f5es de cores e cortes. \u00c9 uma op\u00e7\u00e3o vers\u00e1til e atemporal no mundo da moda.<\/span><\/p>","protected":false},"excerpt":{"rendered":"<p>A malha Dan\u00fabio \u00e9 um tecido que se destaca pela sua textura sutil e elegante, composta por listras finas que conferem um toque de sofistica\u00e7\u00e3o ao material. A principal caracter\u00edstica desse tipo de malha \u00e9 a suavidade das listras, que n\u00e3o s\u00e3o excessivamente marcantes, mas t\u00eam um efeito visual refinado, adicionando um toque de movimento [&hellip;]<\/p>\n","protected":false},"featured_media":3051,"template":"","meta":{"_acf_changed":false},"product_brand":[],"product_cat":[46,91],"product_tag":[],"class_list":{"0":"post-2378","1":"product","2":"type-product","3":"status-publish","4":"has-post-thumbnail","6":"product_cat-malhas","7":"product_cat-textura-relevo","9":"first","10":"instock","11":"shipping-taxable","12":"product-type-simple"},"acf":[],"yoast_head":"<!-- This site is optimized with the Yoast SEO plugin v27.1.1 - https:\/\/yoast.com\/product\/yoast-seo-wordpress\/ -->\n<title>Malha Danubio - Grupo Fides<\/title>\n<meta name=\"robots\" content=\"index, follow, max-snippet:-1, max-image-preview:large, max-video-preview:-1\" \/>\n<link rel=\"canonical\" href=\"https:\/\/grupofides.com.br\/en\/produto\/malha-danubio\/\" \/>\n<meta property=\"og:locale\" content=\"en_US\" \/>\n<meta property=\"og:type\" content=\"article\" \/>\n<meta property=\"og:title\" content=\"Malha Danubio - Grupo Fides\" \/>\n<meta property=\"og:description\" content=\"A malha Dan\u00fabio \u00e9 um tecido que se destaca pela sua textura sutil e elegante, composta por listras finas que conferem um toque de sofistica\u00e7\u00e3o ao material. A principal caracter\u00edstica desse tipo de malha \u00e9 a suavidade das listras, que n\u00e3o s\u00e3o excessivamente marcantes, mas t\u00eam um efeito visual refinado, adicionando um toque de movimento [&hellip;]\" \/>\n<meta property=\"og:url\" content=\"https:\/\/grupofides.com.br\/en\/produto\/malha-danubio\/\" \/>\n<meta property=\"og:site_name\" content=\"Grupo Fides\" \/>\n<meta property=\"article:publisher\" content=\"https:\/\/www.facebook.com\/fiacaofides\" \/>\n<meta property=\"article:modified_time\" content=\"2026-02-24T14:01:59+00:00\" \/>\n<meta property=\"og:image\" content=\"https:\/\/grupofides.com.br\/wp-content\/uploads\/2024\/09\/Capa_Malha_Danubio.jpg\" \/>\n\t<meta property=\"og:image:width\" content=\"1080\" \/>\n\t<meta property=\"og:image:height\" content=\"1080\" \/>\n\t<meta property=\"og:image:type\" content=\"image\/jpeg\" \/>\n<meta name=\"twitter:card\" content=\"summary_large_image\" \/>\n<meta name=\"twitter:label1\" content=\"Est. reading time\" \/>\n\t<meta name=\"twitter:data1\" content=\"2 minutes\" \/>\n<script type=\"application\/ld+json\" class=\"yoast-schema-graph\">{\"@context\":\"https:\/\/schema.org\",\"@graph\":[{\"@type\":\"WebPage\",\"@id\":\"https:\/\/grupofides.com.br\/produto\/malha-danubio\/\",\"url\":\"https:\/\/grupofides.com.br\/produto\/malha-danubio\/\",\"name\":\"Malha Danubio - Grupo Fides\",\"isPartOf\":{\"@id\":\"https:\/\/grupofides.com.br\/#website\"},\"primaryImageOfPage\":{\"@id\":\"https:\/\/grupofides.com.br\/produto\/malha-danubio\/#primaryimage\"},\"image\":{\"@id\":\"https:\/\/grupofides.com.br\/produto\/malha-danubio\/#primaryimage\"},\"thumbnailUrl\":\"https:\/\/grupofides.com.br\/wp-content\/uploads\/2024\/09\/Capa_Malha_Danubio.jpg\",\"datePublished\":\"2024-09-04T12:24:08+00:00\",\"dateModified\":\"2026-02-24T14:01:59+00:00\",\"breadcrumb\":{\"@id\":\"https:\/\/grupofides.com.br\/produto\/malha-danubio\/#breadcrumb\"},\"inLanguage\":\"en-US\",\"potentialAction\":[{\"@type\":\"ReadAction\",\"target\":[\"https:\/\/grupofides.com.br\/produto\/malha-danubio\/\"]}]},{\"@type\":\"ImageObject\",\"inLanguage\":\"en-US\",\"@id\":\"https:\/\/grupofides.com.br\/produto\/malha-danubio\/#primaryimage\",\"url\":\"https:\/\/grupofides.com.br\/wp-content\/uploads\/2024\/09\/Capa_Malha_Danubio.jpg\",\"contentUrl\":\"https:\/\/grupofides.com.br\/wp-content\/uploads\/2024\/09\/Capa_Malha_Danubio.jpg\",\"width\":1080,\"height\":1080},{\"@type\":\"BreadcrumbList\",\"@id\":\"https:\/\/grupofides.com.br\/produto\/malha-danubio\/#breadcrumb\",\"itemListElement\":[{\"@type\":\"ListItem\",\"position\":1,\"name\":\"In\u00edcio\",\"item\":\"https:\/\/grupofides.com.br\/\"},{\"@type\":\"ListItem\",\"position\":2,\"name\":\"Produtos\",\"item\":\"https:\/\/grupofides.com.br\/shop\/\"},{\"@type\":\"ListItem\",\"position\":3,\"name\":\"Malha Danubio\"}]},{\"@type\":\"WebSite\",\"@id\":\"https:\/\/grupofides.com.br\/#website\",\"url\":\"https:\/\/grupofides.com.br\/\",\"name\":\"Grupo Fides\",\"description\":\"Fia\u00e7\u00e3o &amp; Malharia\",\"publisher\":{\"@id\":\"https:\/\/grupofides.com.br\/#organization\"},\"potentialAction\":[{\"@type\":\"SearchAction\",\"target\":{\"@type\":\"EntryPoint\",\"urlTemplate\":\"https:\/\/grupofides.com.br\/?s={search_term_string}\"},\"query-input\":{\"@type\":\"PropertyValueSpecification\",\"valueRequired\":true,\"valueName\":\"search_term_string\"}}],\"inLanguage\":\"en-US\"},{\"@type\":\"Organization\",\"@id\":\"https:\/\/grupofides.com.br\/#organization\",\"name\":\"Grupo Fides\",\"url\":\"https:\/\/grupofides.com.br\/\",\"logo\":{\"@type\":\"ImageObject\",\"inLanguage\":\"en-US\",\"@id\":\"https:\/\/grupofides.com.br\/#\/schema\/logo\/image\/\",\"url\":\"https:\/\/grupofides.com.br\/wp-content\/uploads\/2022\/11\/Logo_GRUPOFIDES.png\",\"contentUrl\":\"https:\/\/grupofides.com.br\/wp-content\/uploads\/2022\/11\/Logo_GRUPOFIDES.png\",\"width\":2000,\"height\":1000,\"caption\":\"Grupo Fides\"},\"image\":{\"@id\":\"https:\/\/grupofides.com.br\/#\/schema\/logo\/image\/\"},\"sameAs\":[\"https:\/\/www.facebook.com\/fiacaofides\",\"https:\/\/www.instagram.com\/fiacaofides\/\"]}]}<\/script>\n<!-- \/ Yoast SEO plugin. -->","yoast_head_json":{"title":"Malha Danubio - Grupo Fides","robots":{"index":"index","follow":"follow","max-snippet":"max-snippet:-1","max-image-preview":"max-image-preview:large","max-video-preview":"max-video-preview:-1"},"canonical":"https:\/\/grupofides.com.br\/en\/produto\/malha-danubio\/","og_locale":"en_US","og_type":"article","og_title":"Malha Danubio - Grupo Fides","og_description":"A malha Dan\u00fabio \u00e9 um tecido que se destaca pela sua textura sutil e elegante, composta por listras finas que conferem um toque de sofistica\u00e7\u00e3o ao material. A principal caracter\u00edstica desse tipo de malha \u00e9 a suavidade das listras, que n\u00e3o s\u00e3o excessivamente marcantes, mas t\u00eam um efeito visual refinado, adicionando um toque de movimento [&hellip;]","og_url":"https:\/\/grupofides.com.br\/en\/produto\/malha-danubio\/","og_site_name":"Grupo Fides","article_publisher":"https:\/\/www.facebook.com\/fiacaofides","article_modified_time":"2026-02-24T14:01:59+00:00","og_image":[{"width":1080,"height":1080,"url":"https:\/\/grupofides.com.br\/wp-content\/uploads\/2024\/09\/Capa_Malha_Danubio.jpg","type":"image\/jpeg"}],"twitter_card":"summary_large_image","twitter_misc":{"Est. reading time":"2 minutes"},"schema":{"@context":"https:\/\/schema.org","@graph":[{"@type":"WebPage","@id":"https:\/\/grupofides.com.br\/produto\/malha-danubio\/","url":"https:\/\/grupofides.com.br\/produto\/malha-danubio\/","name":"Malha Danubio - Grupo Fides","isPartOf":{"@id":"https:\/\/grupofides.com.br\/#website"},"primaryImageOfPage":{"@id":"https:\/\/grupofides.com.br\/produto\/malha-danubio\/#primaryimage"},"image":{"@id":"https:\/\/grupofides.com.br\/produto\/malha-danubio\/#primaryimage"},"thumbnailUrl":"https:\/\/grupofides.com.br\/wp-content\/uploads\/2024\/09\/Capa_Malha_Danubio.jpg","datePublished":"2024-09-04T12:24:08+00:00","dateModified":"2026-02-24T14:01:59+00:00","breadcrumb":{"@id":"https:\/\/grupofides.com.br\/produto\/malha-danubio\/#breadcrumb"},"inLanguage":"en-US","potentialAction":[{"@type":"ReadAction","target":["https:\/\/grupofides.com.br\/produto\/malha-danubio\/"]}]},{"@type":"ImageObject","inLanguage":"en-US","@id":"https:\/\/grupofides.com.br\/produto\/malha-danubio\/#primaryimage","url":"https:\/\/grupofides.com.br\/wp-content\/uploads\/2024\/09\/Capa_Malha_Danubio.jpg","contentUrl":"https:\/\/grupofides.com.br\/wp-content\/uploads\/2024\/09\/Capa_Malha_Danubio.jpg","width":1080,"height":1080},{"@type":"BreadcrumbList","@id":"https:\/\/grupofides.com.br\/produto\/malha-danubio\/#breadcrumb","itemListElement":[{"@type":"ListItem","position":1,"name":"In\u00edcio","item":"https:\/\/grupofides.com.br\/"},{"@type":"ListItem","position":2,"name":"Produtos","item":"https:\/\/grupofides.com.br\/shop\/"},{"@type":"ListItem","position":3,"name":"Malha Danubio"}]},{"@type":"WebSite","@id":"https:\/\/grupofides.com.br\/#website","url":"https:\/\/grupofides.com.br\/","name":"Grupo Fides","description":"Spinning &amp; Knitwear","publisher":{"@id":"https:\/\/grupofides.com.br\/#organization"},"potentialAction":[{"@type":"SearchAction","target":{"@type":"EntryPoint","urlTemplate":"https:\/\/grupofides.com.br\/?s={search_term_string}"},"query-input":{"@type":"PropertyValueSpecification","valueRequired":true,"valueName":"search_term_string"}}],"inLanguage":"en-US"},{"@type":"Organization","@id":"https:\/\/grupofides.com.br\/#organization","name":"Grupo Fides","url":"https:\/\/grupofides.com.br\/","logo":{"@type":"ImageObject","inLanguage":"en-US","@id":"https:\/\/grupofides.com.br\/#\/schema\/logo\/image\/","url":"https:\/\/grupofides.com.br\/wp-content\/uploads\/2022\/11\/Logo_GRUPOFIDES.png","contentUrl":"https:\/\/grupofides.com.br\/wp-content\/uploads\/2022\/11\/Logo_GRUPOFIDES.png","width":2000,"height":1000,"caption":"Grupo Fides"},"image":{"@id":"https:\/\/grupofides.com.br\/#\/schema\/logo\/image\/"},"sameAs":["https:\/\/www.facebook.com\/fiacaofides","https:\/\/www.instagram.com\/fiacaofides\/"]}]}},"_links":{"self":[{"href":"https:\/\/grupofides.com.br\/en\/wp-json\/wp\/v2\/product\/2378","targetHints":{"allow":["GET"]}}],"collection":[{"href":"https:\/\/grupofides.com.br\/en\/wp-json\/wp\/v2\/product"}],"about":[{"href":"https:\/\/grupofides.com.br\/en\/wp-json\/wp\/v2\/types\/product"}],"wp:featuredmedia":[{"embeddable":true,"href":"https:\/\/grupofides.com.br\/en\/wp-json\/wp\/v2\/media\/3051"}],"wp:attachment":[{"href":"https:\/\/grupofides.com.br\/en\/wp-json\/wp\/v2\/media?parent=2378"}],"wp:term":[{"taxonomy":"product_brand","embeddable":true,"href":"https:\/\/grupofides.com.br\/en\/wp-json\/wp\/v2\/product_brand?post=2378"},{"taxonomy":"product_cat","embeddable":true,"href":"https:\/\/grupofides.com.br\/en\/wp-json\/wp\/v2\/product_cat?post=2378"},{"taxonomy":"product_tag","embeddable":true,"href":"https:\/\/grupofides.com.br\/en\/wp-json\/wp\/v2\/product_tag?post=2378"}],"curies":[{"name":"wp","href":"https:\/\/api.w.org\/{rel}","templated":true}]}}