{"id":3054,"date":"2024-11-29T16:09:00","date_gmt":"2024-11-29T19:09:00","guid":{"rendered":"https:\/\/grupofides.com.br\/?post_type=product&#038;p=3054"},"modified":"2026-02-24T09:47:53","modified_gmt":"2026-02-24T12:47:53","slug":"malha-amsterdam","status":"publish","type":"product","link":"https:\/\/grupofides.com.br\/en\/product\/malha-amsterdam\/","title":{"rendered":"Malha Amsterdam"},"content":{"rendered":"<p><span style=\"font-weight: 400;\">A malha <\/span><b>Amsterdam<\/b><span style=\"font-weight: 400;\"> \u00e9 uma \u00f3tima op\u00e7\u00e3o para quem busca um tecido com maior estrutura e estabilidade. Sua constru\u00e7\u00e3o robusta confere uma excelente rigidez, permitindo que o caimento das pe\u00e7as seja firme e definido, sem perder a flexibilidade. Uma das grandes vantagens dessa malha \u00e9 a sua versatilidade. Ela pode ser utilizada tanto em looks formais quanto em produ\u00e7\u00f5es mais contempor\u00e2neas, com uma apar\u00eancia que transmite sofistica\u00e7\u00e3o e modernidade. O toque da malha tamb\u00e9m \u00e9 um ponto positivo, pois apesar de sua estrutura firme, ela ainda oferece o conforto caracter\u00edstico das malhas de algod\u00e3o, sendo muito agrad\u00e1vel ao toque.<\/span><\/p>\n<p><span style=\"font-weight: 400;\">Em resumo, a malha Amsterdam \u00e9 perfeita para quem procura tecidos que combinam est\u00e9tica sofisticada, conforto e alta durabilidade, sem abrir m\u00e3o de um visual impec\u00e1vel e bem acabado.<\/span><\/p>","protected":false},"excerpt":{"rendered":"<p>A malha Amsterdam \u00e9 uma \u00f3tima op\u00e7\u00e3o para quem busca um tecido com maior estrutura e estabilidade. Sua constru\u00e7\u00e3o robusta confere uma excelente rigidez, permitindo que o caimento das pe\u00e7as seja firme e definido, sem perder a flexibilidade. Uma das grandes vantagens dessa malha \u00e9 a sua versatilidade. Ela pode ser utilizada tanto em looks [&hellip;]<\/p>\n","protected":false},"featured_media":3055,"template":"","meta":{"_acf_changed":false},"product_brand":[],"product_cat":[46,71],"product_tag":[],"class_list":{"0":"post-3054","1":"product","2":"type-product","3":"status-publish","4":"has-post-thumbnail","6":"product_cat-malhas","7":"product_cat-tradicional","9":"first","10":"instock","11":"shipping-taxable","12":"product-type-simple"},"acf":[],"yoast_head":"<!-- This site is optimized with the Yoast SEO plugin v27.1.1 - https:\/\/yoast.com\/product\/yoast-seo-wordpress\/ -->\n<title>Malha Amsterdam - Grupo Fides<\/title>\n<meta name=\"robots\" content=\"index, follow, max-snippet:-1, max-image-preview:large, max-video-preview:-1\" \/>\n<link rel=\"canonical\" href=\"https:\/\/grupofides.com.br\/en\/produto\/malha-amsterdam\/\" \/>\n<meta property=\"og:locale\" content=\"en_US\" \/>\n<meta property=\"og:type\" content=\"article\" \/>\n<meta property=\"og:title\" content=\"Malha Amsterdam - Grupo Fides\" \/>\n<meta property=\"og:description\" content=\"A malha Amsterdam \u00e9 uma \u00f3tima op\u00e7\u00e3o para quem busca um tecido com maior estrutura e estabilidade. Sua constru\u00e7\u00e3o robusta confere uma excelente rigidez, permitindo que o caimento das pe\u00e7as seja firme e definido, sem perder a flexibilidade. Uma das grandes vantagens dessa malha \u00e9 a sua versatilidade. Ela pode ser utilizada tanto em looks [&hellip;]\" \/>\n<meta property=\"og:url\" content=\"https:\/\/grupofides.com.br\/en\/produto\/malha-amsterdam\/\" \/>\n<meta property=\"og:site_name\" content=\"Grupo Fides\" \/>\n<meta property=\"article:publisher\" content=\"https:\/\/www.facebook.com\/fiacaofides\" \/>\n<meta property=\"article:modified_time\" content=\"2026-02-24T12:47:53+00:00\" \/>\n<meta property=\"og:image\" content=\"https:\/\/grupofides.com.br\/wp-content\/uploads\/2024\/11\/Capa_Malha_Amsterdam.jpg\" \/>\n\t<meta property=\"og:image:width\" content=\"1080\" \/>\n\t<meta property=\"og:image:height\" content=\"1080\" \/>\n\t<meta property=\"og:image:type\" content=\"image\/jpeg\" \/>\n<meta name=\"twitter:card\" content=\"summary_large_image\" \/>\n<meta name=\"twitter:label1\" content=\"Est. reading time\" \/>\n\t<meta name=\"twitter:data1\" content=\"1 minute\" \/>\n<script type=\"application\/ld+json\" class=\"yoast-schema-graph\">{\"@context\":\"https:\/\/schema.org\",\"@graph\":[{\"@type\":\"WebPage\",\"@id\":\"https:\/\/grupofides.com.br\/produto\/malha-amsterdam\/\",\"url\":\"https:\/\/grupofides.com.br\/produto\/malha-amsterdam\/\",\"name\":\"Malha Amsterdam - Grupo Fides\",\"isPartOf\":{\"@id\":\"https:\/\/grupofides.com.br\/#website\"},\"primaryImageOfPage\":{\"@id\":\"https:\/\/grupofides.com.br\/produto\/malha-amsterdam\/#primaryimage\"},\"image\":{\"@id\":\"https:\/\/grupofides.com.br\/produto\/malha-amsterdam\/#primaryimage\"},\"thumbnailUrl\":\"https:\/\/grupofides.com.br\/wp-content\/uploads\/2024\/11\/Capa_Malha_Amsterdam.jpg\",\"datePublished\":\"2024-11-29T19:09:00+00:00\",\"dateModified\":\"2026-02-24T12:47:53+00:00\",\"breadcrumb\":{\"@id\":\"https:\/\/grupofides.com.br\/produto\/malha-amsterdam\/#breadcrumb\"},\"inLanguage\":\"en-US\",\"potentialAction\":[{\"@type\":\"ReadAction\",\"target\":[\"https:\/\/grupofides.com.br\/produto\/malha-amsterdam\/\"]}]},{\"@type\":\"ImageObject\",\"inLanguage\":\"en-US\",\"@id\":\"https:\/\/grupofides.com.br\/produto\/malha-amsterdam\/#primaryimage\",\"url\":\"https:\/\/grupofides.com.br\/wp-content\/uploads\/2024\/11\/Capa_Malha_Amsterdam.jpg\",\"contentUrl\":\"https:\/\/grupofides.com.br\/wp-content\/uploads\/2024\/11\/Capa_Malha_Amsterdam.jpg\",\"width\":1080,\"height\":1080},{\"@type\":\"BreadcrumbList\",\"@id\":\"https:\/\/grupofides.com.br\/produto\/malha-amsterdam\/#breadcrumb\",\"itemListElement\":[{\"@type\":\"ListItem\",\"position\":1,\"name\":\"In\u00edcio\",\"item\":\"https:\/\/grupofides.com.br\/\"},{\"@type\":\"ListItem\",\"position\":2,\"name\":\"Produtos\",\"item\":\"https:\/\/grupofides.com.br\/shop\/\"},{\"@type\":\"ListItem\",\"position\":3,\"name\":\"Malha Amsterdam\"}]},{\"@type\":\"WebSite\",\"@id\":\"https:\/\/grupofides.com.br\/#website\",\"url\":\"https:\/\/grupofides.com.br\/\",\"name\":\"Grupo Fides\",\"description\":\"Fia\u00e7\u00e3o &amp; Malharia\",\"publisher\":{\"@id\":\"https:\/\/grupofides.com.br\/#organization\"},\"potentialAction\":[{\"@type\":\"SearchAction\",\"target\":{\"@type\":\"EntryPoint\",\"urlTemplate\":\"https:\/\/grupofides.com.br\/?s={search_term_string}\"},\"query-input\":{\"@type\":\"PropertyValueSpecification\",\"valueRequired\":true,\"valueName\":\"search_term_string\"}}],\"inLanguage\":\"en-US\"},{\"@type\":\"Organization\",\"@id\":\"https:\/\/grupofides.com.br\/#organization\",\"name\":\"Grupo Fides\",\"url\":\"https:\/\/grupofides.com.br\/\",\"logo\":{\"@type\":\"ImageObject\",\"inLanguage\":\"en-US\",\"@id\":\"https:\/\/grupofides.com.br\/#\/schema\/logo\/image\/\",\"url\":\"https:\/\/grupofides.com.br\/wp-content\/uploads\/2022\/11\/Logo_GRUPOFIDES.png\",\"contentUrl\":\"https:\/\/grupofides.com.br\/wp-content\/uploads\/2022\/11\/Logo_GRUPOFIDES.png\",\"width\":2000,\"height\":1000,\"caption\":\"Grupo Fides\"},\"image\":{\"@id\":\"https:\/\/grupofides.com.br\/#\/schema\/logo\/image\/\"},\"sameAs\":[\"https:\/\/www.facebook.com\/fiacaofides\",\"https:\/\/www.instagram.com\/fiacaofides\/\"]}]}<\/script>\n<!-- \/ Yoast SEO plugin. -->","yoast_head_json":{"title":"Malha Amsterdam - Grupo Fides","robots":{"index":"index","follow":"follow","max-snippet":"max-snippet:-1","max-image-preview":"max-image-preview:large","max-video-preview":"max-video-preview:-1"},"canonical":"https:\/\/grupofides.com.br\/en\/produto\/malha-amsterdam\/","og_locale":"en_US","og_type":"article","og_title":"Malha Amsterdam - Grupo Fides","og_description":"A malha Amsterdam \u00e9 uma \u00f3tima op\u00e7\u00e3o para quem busca um tecido com maior estrutura e estabilidade. Sua constru\u00e7\u00e3o robusta confere uma excelente rigidez, permitindo que o caimento das pe\u00e7as seja firme e definido, sem perder a flexibilidade. Uma das grandes vantagens dessa malha \u00e9 a sua versatilidade. Ela pode ser utilizada tanto em looks [&hellip;]","og_url":"https:\/\/grupofides.com.br\/en\/produto\/malha-amsterdam\/","og_site_name":"Grupo Fides","article_publisher":"https:\/\/www.facebook.com\/fiacaofides","article_modified_time":"2026-02-24T12:47:53+00:00","og_image":[{"width":1080,"height":1080,"url":"https:\/\/grupofides.com.br\/wp-content\/uploads\/2024\/11\/Capa_Malha_Amsterdam.jpg","type":"image\/jpeg"}],"twitter_card":"summary_large_image","twitter_misc":{"Est. reading time":"1 minute"},"schema":{"@context":"https:\/\/schema.org","@graph":[{"@type":"WebPage","@id":"https:\/\/grupofides.com.br\/produto\/malha-amsterdam\/","url":"https:\/\/grupofides.com.br\/produto\/malha-amsterdam\/","name":"Malha Amsterdam - Grupo Fides","isPartOf":{"@id":"https:\/\/grupofides.com.br\/#website"},"primaryImageOfPage":{"@id":"https:\/\/grupofides.com.br\/produto\/malha-amsterdam\/#primaryimage"},"image":{"@id":"https:\/\/grupofides.com.br\/produto\/malha-amsterdam\/#primaryimage"},"thumbnailUrl":"https:\/\/grupofides.com.br\/wp-content\/uploads\/2024\/11\/Capa_Malha_Amsterdam.jpg","datePublished":"2024-11-29T19:09:00+00:00","dateModified":"2026-02-24T12:47:53+00:00","breadcrumb":{"@id":"https:\/\/grupofides.com.br\/produto\/malha-amsterdam\/#breadcrumb"},"inLanguage":"en-US","potentialAction":[{"@type":"ReadAction","target":["https:\/\/grupofides.com.br\/produto\/malha-amsterdam\/"]}]},{"@type":"ImageObject","inLanguage":"en-US","@id":"https:\/\/grupofides.com.br\/produto\/malha-amsterdam\/#primaryimage","url":"https:\/\/grupofides.com.br\/wp-content\/uploads\/2024\/11\/Capa_Malha_Amsterdam.jpg","contentUrl":"https:\/\/grupofides.com.br\/wp-content\/uploads\/2024\/11\/Capa_Malha_Amsterdam.jpg","width":1080,"height":1080},{"@type":"BreadcrumbList","@id":"https:\/\/grupofides.com.br\/produto\/malha-amsterdam\/#breadcrumb","itemListElement":[{"@type":"ListItem","position":1,"name":"In\u00edcio","item":"https:\/\/grupofides.com.br\/"},{"@type":"ListItem","position":2,"name":"Produtos","item":"https:\/\/grupofides.com.br\/shop\/"},{"@type":"ListItem","position":3,"name":"Malha Amsterdam"}]},{"@type":"WebSite","@id":"https:\/\/grupofides.com.br\/#website","url":"https:\/\/grupofides.com.br\/","name":"Grupo Fides","description":"Spinning &amp; Knitwear","publisher":{"@id":"https:\/\/grupofides.com.br\/#organization"},"potentialAction":[{"@type":"SearchAction","target":{"@type":"EntryPoint","urlTemplate":"https:\/\/grupofides.com.br\/?s={search_term_string}"},"query-input":{"@type":"PropertyValueSpecification","valueRequired":true,"valueName":"search_term_string"}}],"inLanguage":"en-US"},{"@type":"Organization","@id":"https:\/\/grupofides.com.br\/#organization","name":"Grupo Fides","url":"https:\/\/grupofides.com.br\/","logo":{"@type":"ImageObject","inLanguage":"en-US","@id":"https:\/\/grupofides.com.br\/#\/schema\/logo\/image\/","url":"https:\/\/grupofides.com.br\/wp-content\/uploads\/2022\/11\/Logo_GRUPOFIDES.png","contentUrl":"https:\/\/grupofides.com.br\/wp-content\/uploads\/2022\/11\/Logo_GRUPOFIDES.png","width":2000,"height":1000,"caption":"Grupo Fides"},"image":{"@id":"https:\/\/grupofides.com.br\/#\/schema\/logo\/image\/"},"sameAs":["https:\/\/www.facebook.com\/fiacaofides","https:\/\/www.instagram.com\/fiacaofides\/"]}]}},"_links":{"self":[{"href":"https:\/\/grupofides.com.br\/en\/wp-json\/wp\/v2\/product\/3054","targetHints":{"allow":["GET"]}}],"collection":[{"href":"https:\/\/grupofides.com.br\/en\/wp-json\/wp\/v2\/product"}],"about":[{"href":"https:\/\/grupofides.com.br\/en\/wp-json\/wp\/v2\/types\/product"}],"wp:featuredmedia":[{"embeddable":true,"href":"https:\/\/grupofides.com.br\/en\/wp-json\/wp\/v2\/media\/3055"}],"wp:attachment":[{"href":"https:\/\/grupofides.com.br\/en\/wp-json\/wp\/v2\/media?parent=3054"}],"wp:term":[{"taxonomy":"product_brand","embeddable":true,"href":"https:\/\/grupofides.com.br\/en\/wp-json\/wp\/v2\/product_brand?post=3054"},{"taxonomy":"product_cat","embeddable":true,"href":"https:\/\/grupofides.com.br\/en\/wp-json\/wp\/v2\/product_cat?post=3054"},{"taxonomy":"product_tag","embeddable":true,"href":"https:\/\/grupofides.com.br\/en\/wp-json\/wp\/v2\/product_tag?post=3054"}],"curies":[{"name":"wp","href":"https:\/\/api.w.org\/{rel}","templated":true}]}}