{"id":3205,"date":"2025-02-06T09:13:17","date_gmt":"2025-02-06T12:13:17","guid":{"rendered":"https:\/\/grupofides.com.br\/?post_type=product&#038;p=3205"},"modified":"2026-02-24T10:44:16","modified_gmt":"2026-02-24T13:44:16","slug":"malha-duna","status":"publish","type":"product","link":"https:\/\/grupofides.com.br\/en\/product\/malha-duna\/","title":{"rendered":"Malha Duna"},"content":{"rendered":"<p><span style=\"font-weight: 400;\">A malha Duna \u00e9 uma verdadeira obra-prima quando se trata de textura! Com um efeito em relevo que cria um visual sofisticado e din\u00e2mico, ela \u00e9 perfeita para quem deseja inovar e explorar a criatividade na hora de criar pe\u00e7as \u00fanicas. Esse detalhe em relevo n\u00e3o s\u00f3 agrega um toque visual interessante, mas tamb\u00e9m d\u00e1 mais profundidade ao tecido, tornando-o um destaque em qualquer cole\u00e7\u00e3o.<\/span><\/p>\n<p><span style=\"font-weight: 400;\">O mais incr\u00edvel \u00e9 a versatilidade da malha Duna. Ela pode ser utilizada tanto no feminino quanto no masculino, oferecendo o mesmo n\u00edvel de eleg\u00e2ncia e conforto. A textura adiciona um toque de modernidade, ideal para quem busca sair do comum, enquanto o \u00f3timo caimento e o conforto garantem que a pe\u00e7a seja n\u00e3o s\u00f3 bonita, mas tamb\u00e9m super agrad\u00e1vel de usar.<\/span><\/p>","protected":false},"excerpt":{"rendered":"<p>A malha Duna \u00e9 uma verdadeira obra-prima quando se trata de textura! Com um efeito em relevo que cria um visual sofisticado e din\u00e2mico, ela \u00e9 perfeita para quem deseja inovar e explorar a criatividade na hora de criar pe\u00e7as \u00fanicas. Esse detalhe em relevo n\u00e3o s\u00f3 agrega um toque visual interessante, mas tamb\u00e9m d\u00e1 [&hellip;]<\/p>\n","protected":false},"featured_media":3272,"template":"","meta":{"_acf_changed":false},"product_brand":[],"product_cat":[46,91],"product_tag":[],"class_list":{"0":"post-3205","1":"product","2":"type-product","3":"status-publish","4":"has-post-thumbnail","6":"product_cat-malhas","7":"product_cat-textura-relevo","9":"first","10":"instock","11":"shipping-taxable","12":"product-type-simple"},"acf":[],"yoast_head":"<!-- This site is optimized with the Yoast SEO plugin v27.1.1 - https:\/\/yoast.com\/product\/yoast-seo-wordpress\/ -->\n<title>Malha Duna - Grupo Fides<\/title>\n<meta name=\"robots\" content=\"index, follow, max-snippet:-1, max-image-preview:large, max-video-preview:-1\" \/>\n<link rel=\"canonical\" href=\"https:\/\/grupofides.com.br\/en\/produto\/malha-duna\/\" \/>\n<meta property=\"og:locale\" content=\"en_US\" \/>\n<meta property=\"og:type\" content=\"article\" \/>\n<meta property=\"og:title\" content=\"Malha Duna - Grupo Fides\" \/>\n<meta property=\"og:description\" content=\"A malha Duna \u00e9 uma verdadeira obra-prima quando se trata de textura! Com um efeito em relevo que cria um visual sofisticado e din\u00e2mico, ela \u00e9 perfeita para quem deseja inovar e explorar a criatividade na hora de criar pe\u00e7as \u00fanicas. Esse detalhe em relevo n\u00e3o s\u00f3 agrega um toque visual interessante, mas tamb\u00e9m d\u00e1 [&hellip;]\" \/>\n<meta property=\"og:url\" content=\"https:\/\/grupofides.com.br\/en\/produto\/malha-duna\/\" \/>\n<meta property=\"og:site_name\" content=\"Grupo Fides\" \/>\n<meta property=\"article:publisher\" content=\"https:\/\/www.facebook.com\/fiacaofides\" \/>\n<meta property=\"article:modified_time\" content=\"2026-02-24T13:44:16+00:00\" \/>\n<meta property=\"og:image\" content=\"https:\/\/grupofides.com.br\/wp-content\/uploads\/2025\/02\/Capa_Malha_Duna.jpg\" \/>\n\t<meta property=\"og:image:width\" content=\"1080\" \/>\n\t<meta property=\"og:image:height\" content=\"1080\" \/>\n\t<meta property=\"og:image:type\" content=\"image\/jpeg\" \/>\n<meta name=\"twitter:card\" content=\"summary_large_image\" \/>\n<meta name=\"twitter:label1\" content=\"Est. reading time\" \/>\n\t<meta name=\"twitter:data1\" content=\"1 minute\" \/>\n<script type=\"application\/ld+json\" class=\"yoast-schema-graph\">{\"@context\":\"https:\/\/schema.org\",\"@graph\":[{\"@type\":\"WebPage\",\"@id\":\"https:\/\/grupofides.com.br\/produto\/malha-duna\/\",\"url\":\"https:\/\/grupofides.com.br\/produto\/malha-duna\/\",\"name\":\"Malha Duna - Grupo Fides\",\"isPartOf\":{\"@id\":\"https:\/\/grupofides.com.br\/#website\"},\"primaryImageOfPage\":{\"@id\":\"https:\/\/grupofides.com.br\/produto\/malha-duna\/#primaryimage\"},\"image\":{\"@id\":\"https:\/\/grupofides.com.br\/produto\/malha-duna\/#primaryimage\"},\"thumbnailUrl\":\"https:\/\/grupofides.com.br\/wp-content\/uploads\/2025\/02\/Capa_Malha_Duna.jpg\",\"datePublished\":\"2025-02-06T12:13:17+00:00\",\"dateModified\":\"2026-02-24T13:44:16+00:00\",\"breadcrumb\":{\"@id\":\"https:\/\/grupofides.com.br\/produto\/malha-duna\/#breadcrumb\"},\"inLanguage\":\"en-US\",\"potentialAction\":[{\"@type\":\"ReadAction\",\"target\":[\"https:\/\/grupofides.com.br\/produto\/malha-duna\/\"]}]},{\"@type\":\"ImageObject\",\"inLanguage\":\"en-US\",\"@id\":\"https:\/\/grupofides.com.br\/produto\/malha-duna\/#primaryimage\",\"url\":\"https:\/\/grupofides.com.br\/wp-content\/uploads\/2025\/02\/Capa_Malha_Duna.jpg\",\"contentUrl\":\"https:\/\/grupofides.com.br\/wp-content\/uploads\/2025\/02\/Capa_Malha_Duna.jpg\",\"width\":1080,\"height\":1080},{\"@type\":\"BreadcrumbList\",\"@id\":\"https:\/\/grupofides.com.br\/produto\/malha-duna\/#breadcrumb\",\"itemListElement\":[{\"@type\":\"ListItem\",\"position\":1,\"name\":\"In\u00edcio\",\"item\":\"https:\/\/grupofides.com.br\/\"},{\"@type\":\"ListItem\",\"position\":2,\"name\":\"Produtos\",\"item\":\"https:\/\/grupofides.com.br\/shop\/\"},{\"@type\":\"ListItem\",\"position\":3,\"name\":\"Malha Duna\"}]},{\"@type\":\"WebSite\",\"@id\":\"https:\/\/grupofides.com.br\/#website\",\"url\":\"https:\/\/grupofides.com.br\/\",\"name\":\"Grupo Fides\",\"description\":\"Fia\u00e7\u00e3o &amp; Malharia\",\"publisher\":{\"@id\":\"https:\/\/grupofides.com.br\/#organization\"},\"potentialAction\":[{\"@type\":\"SearchAction\",\"target\":{\"@type\":\"EntryPoint\",\"urlTemplate\":\"https:\/\/grupofides.com.br\/?s={search_term_string}\"},\"query-input\":{\"@type\":\"PropertyValueSpecification\",\"valueRequired\":true,\"valueName\":\"search_term_string\"}}],\"inLanguage\":\"en-US\"},{\"@type\":\"Organization\",\"@id\":\"https:\/\/grupofides.com.br\/#organization\",\"name\":\"Grupo Fides\",\"url\":\"https:\/\/grupofides.com.br\/\",\"logo\":{\"@type\":\"ImageObject\",\"inLanguage\":\"en-US\",\"@id\":\"https:\/\/grupofides.com.br\/#\/schema\/logo\/image\/\",\"url\":\"https:\/\/grupofides.com.br\/wp-content\/uploads\/2022\/11\/Logo_GRUPOFIDES.png\",\"contentUrl\":\"https:\/\/grupofides.com.br\/wp-content\/uploads\/2022\/11\/Logo_GRUPOFIDES.png\",\"width\":2000,\"height\":1000,\"caption\":\"Grupo Fides\"},\"image\":{\"@id\":\"https:\/\/grupofides.com.br\/#\/schema\/logo\/image\/\"},\"sameAs\":[\"https:\/\/www.facebook.com\/fiacaofides\",\"https:\/\/www.instagram.com\/fiacaofides\/\"]}]}<\/script>\n<!-- \/ Yoast SEO plugin. -->","yoast_head_json":{"title":"Malha Duna - Grupo Fides","robots":{"index":"index","follow":"follow","max-snippet":"max-snippet:-1","max-image-preview":"max-image-preview:large","max-video-preview":"max-video-preview:-1"},"canonical":"https:\/\/grupofides.com.br\/en\/produto\/malha-duna\/","og_locale":"en_US","og_type":"article","og_title":"Malha Duna - Grupo Fides","og_description":"A malha Duna \u00e9 uma verdadeira obra-prima quando se trata de textura! Com um efeito em relevo que cria um visual sofisticado e din\u00e2mico, ela \u00e9 perfeita para quem deseja inovar e explorar a criatividade na hora de criar pe\u00e7as \u00fanicas. Esse detalhe em relevo n\u00e3o s\u00f3 agrega um toque visual interessante, mas tamb\u00e9m d\u00e1 [&hellip;]","og_url":"https:\/\/grupofides.com.br\/en\/produto\/malha-duna\/","og_site_name":"Grupo Fides","article_publisher":"https:\/\/www.facebook.com\/fiacaofides","article_modified_time":"2026-02-24T13:44:16+00:00","og_image":[{"width":1080,"height":1080,"url":"https:\/\/grupofides.com.br\/wp-content\/uploads\/2025\/02\/Capa_Malha_Duna.jpg","type":"image\/jpeg"}],"twitter_card":"summary_large_image","twitter_misc":{"Est. reading time":"1 minute"},"schema":{"@context":"https:\/\/schema.org","@graph":[{"@type":"WebPage","@id":"https:\/\/grupofides.com.br\/produto\/malha-duna\/","url":"https:\/\/grupofides.com.br\/produto\/malha-duna\/","name":"Malha Duna - Grupo Fides","isPartOf":{"@id":"https:\/\/grupofides.com.br\/#website"},"primaryImageOfPage":{"@id":"https:\/\/grupofides.com.br\/produto\/malha-duna\/#primaryimage"},"image":{"@id":"https:\/\/grupofides.com.br\/produto\/malha-duna\/#primaryimage"},"thumbnailUrl":"https:\/\/grupofides.com.br\/wp-content\/uploads\/2025\/02\/Capa_Malha_Duna.jpg","datePublished":"2025-02-06T12:13:17+00:00","dateModified":"2026-02-24T13:44:16+00:00","breadcrumb":{"@id":"https:\/\/grupofides.com.br\/produto\/malha-duna\/#breadcrumb"},"inLanguage":"en-US","potentialAction":[{"@type":"ReadAction","target":["https:\/\/grupofides.com.br\/produto\/malha-duna\/"]}]},{"@type":"ImageObject","inLanguage":"en-US","@id":"https:\/\/grupofides.com.br\/produto\/malha-duna\/#primaryimage","url":"https:\/\/grupofides.com.br\/wp-content\/uploads\/2025\/02\/Capa_Malha_Duna.jpg","contentUrl":"https:\/\/grupofides.com.br\/wp-content\/uploads\/2025\/02\/Capa_Malha_Duna.jpg","width":1080,"height":1080},{"@type":"BreadcrumbList","@id":"https:\/\/grupofides.com.br\/produto\/malha-duna\/#breadcrumb","itemListElement":[{"@type":"ListItem","position":1,"name":"In\u00edcio","item":"https:\/\/grupofides.com.br\/"},{"@type":"ListItem","position":2,"name":"Produtos","item":"https:\/\/grupofides.com.br\/shop\/"},{"@type":"ListItem","position":3,"name":"Malha Duna"}]},{"@type":"WebSite","@id":"https:\/\/grupofides.com.br\/#website","url":"https:\/\/grupofides.com.br\/","name":"Grupo Fides","description":"Spinning &amp; Knitwear","publisher":{"@id":"https:\/\/grupofides.com.br\/#organization"},"potentialAction":[{"@type":"SearchAction","target":{"@type":"EntryPoint","urlTemplate":"https:\/\/grupofides.com.br\/?s={search_term_string}"},"query-input":{"@type":"PropertyValueSpecification","valueRequired":true,"valueName":"search_term_string"}}],"inLanguage":"en-US"},{"@type":"Organization","@id":"https:\/\/grupofides.com.br\/#organization","name":"Grupo Fides","url":"https:\/\/grupofides.com.br\/","logo":{"@type":"ImageObject","inLanguage":"en-US","@id":"https:\/\/grupofides.com.br\/#\/schema\/logo\/image\/","url":"https:\/\/grupofides.com.br\/wp-content\/uploads\/2022\/11\/Logo_GRUPOFIDES.png","contentUrl":"https:\/\/grupofides.com.br\/wp-content\/uploads\/2022\/11\/Logo_GRUPOFIDES.png","width":2000,"height":1000,"caption":"Grupo Fides"},"image":{"@id":"https:\/\/grupofides.com.br\/#\/schema\/logo\/image\/"},"sameAs":["https:\/\/www.facebook.com\/fiacaofides","https:\/\/www.instagram.com\/fiacaofides\/"]}]}},"_links":{"self":[{"href":"https:\/\/grupofides.com.br\/en\/wp-json\/wp\/v2\/product\/3205","targetHints":{"allow":["GET"]}}],"collection":[{"href":"https:\/\/grupofides.com.br\/en\/wp-json\/wp\/v2\/product"}],"about":[{"href":"https:\/\/grupofides.com.br\/en\/wp-json\/wp\/v2\/types\/product"}],"wp:featuredmedia":[{"embeddable":true,"href":"https:\/\/grupofides.com.br\/en\/wp-json\/wp\/v2\/media\/3272"}],"wp:attachment":[{"href":"https:\/\/grupofides.com.br\/en\/wp-json\/wp\/v2\/media?parent=3205"}],"wp:term":[{"taxonomy":"product_brand","embeddable":true,"href":"https:\/\/grupofides.com.br\/en\/wp-json\/wp\/v2\/product_brand?post=3205"},{"taxonomy":"product_cat","embeddable":true,"href":"https:\/\/grupofides.com.br\/en\/wp-json\/wp\/v2\/product_cat?post=3205"},{"taxonomy":"product_tag","embeddable":true,"href":"https:\/\/grupofides.com.br\/en\/wp-json\/wp\/v2\/product_tag?post=3205"}],"curies":[{"name":"wp","href":"https:\/\/api.w.org\/{rel}","templated":true}]}}