{"id":3207,"date":"2025-02-06T09:29:30","date_gmt":"2025-02-06T12:29:30","guid":{"rendered":"https:\/\/grupofides.com.br\/?post_type=product&#038;p=3207"},"modified":"2026-02-24T11:26:20","modified_gmt":"2026-02-24T14:26:20","slug":"moletom-3c-mesclas","status":"publish","type":"product","link":"https:\/\/grupofides.com.br\/en\/product\/moletom-3c-mesclas\/","title":{"rendered":"Moletom 3C Mesclas"},"content":{"rendered":"<p><span style=\"font-weight: 400;\">Os moletons mescla da Fides s\u00e3o uma escolha perfeita para quem busca conforto, durabilidade e estilo. Com a estrutura de 3 cabos, esses moletons possuem um tecido mais encorpado, o que garante uma sensa\u00e7\u00e3o de sofistica\u00e7\u00e3o, ao mesmo tempo que proporciona resist\u00eancia. A combina\u00e7\u00e3o de qualidade e design faz com que a pe\u00e7a mantenha sua forma e aspecto por muito mais tempo, sem perder a suavidade e o conforto.<\/span><\/p>\n<p><span style=\"font-weight: 400;\">Al\u00e9m disso, todos os moletons mescla da Fides recebem um acabamento especial que os torna ainda mais macios ao toque. Essas pe\u00e7as podem ser usadas tanto em looks casuais quanto mais arrumadinhos, com a vantagem de que continuam com um \u00f3timo caimento e um visual moderno. Ao investir nesses moletons, voc\u00ea est\u00e1 apostando em qualidade e em um item que vai te acompanhar por muito tempo, sem perder a maciez ou a apar\u00eancia sofisticada.<\/span><\/p>\n<p><span style=\"font-weight: 400;\">Os punhos dos nossos moletons s\u00e3o cuidadosamente estruturados para complementar a robustez do tecido, garantindo elasticidade e um ajuste perfeito ao corpo. Al\u00e9m disso, todos os moletons mescla possuem punhos com a mesma mistura, criando um visual mais uniforme e harmonioso. A combina\u00e7\u00e3o de estrutura e flexibilidade assegura um encaixe confort\u00e1vel, mantendo a pe\u00e7a com um caimento impec\u00e1vel ao longo do tempo.<\/span><\/p>","protected":false},"excerpt":{"rendered":"<p>Os moletons mescla da Fides s\u00e3o uma escolha perfeita para quem busca conforto, durabilidade e estilo. Com a estrutura de 3 cabos, esses moletons possuem um tecido mais encorpado, o que garante uma sensa\u00e7\u00e3o de sofistica\u00e7\u00e3o, ao mesmo tempo que proporciona resist\u00eancia. A combina\u00e7\u00e3o de qualidade e design faz com que a pe\u00e7a mantenha sua [&hellip;]<\/p>\n","protected":false},"featured_media":3235,"template":"","meta":{"_acf_changed":false},"product_brand":[],"product_cat":[46,70],"product_tag":[],"class_list":{"0":"post-3207","1":"product","2":"type-product","3":"status-publish","4":"has-post-thumbnail","6":"product_cat-malhas","7":"product_cat-moletom","9":"first","10":"instock","11":"shipping-taxable","12":"product-type-simple"},"acf":[],"yoast_head":"<!-- This site is optimized with the Yoast SEO plugin v27.1.1 - https:\/\/yoast.com\/product\/yoast-seo-wordpress\/ -->\n<title>Moletom 3C Mesclas - Grupo Fides<\/title>\n<meta name=\"robots\" content=\"index, follow, max-snippet:-1, max-image-preview:large, max-video-preview:-1\" \/>\n<link rel=\"canonical\" href=\"https:\/\/grupofides.com.br\/en\/produto\/moletom-3c-mesclas\/\" \/>\n<meta property=\"og:locale\" content=\"en_US\" \/>\n<meta property=\"og:type\" content=\"article\" \/>\n<meta property=\"og:title\" content=\"Moletom 3C Mesclas - Grupo Fides\" \/>\n<meta property=\"og:description\" content=\"Os moletons mescla da Fides s\u00e3o uma escolha perfeita para quem busca conforto, durabilidade e estilo. Com a estrutura de 3 cabos, esses moletons possuem um tecido mais encorpado, o que garante uma sensa\u00e7\u00e3o de sofistica\u00e7\u00e3o, ao mesmo tempo que proporciona resist\u00eancia. A combina\u00e7\u00e3o de qualidade e design faz com que a pe\u00e7a mantenha sua [&hellip;]\" \/>\n<meta property=\"og:url\" content=\"https:\/\/grupofides.com.br\/en\/produto\/moletom-3c-mesclas\/\" \/>\n<meta property=\"og:site_name\" content=\"Grupo Fides\" \/>\n<meta property=\"article:publisher\" content=\"https:\/\/www.facebook.com\/fiacaofides\" \/>\n<meta property=\"article:modified_time\" content=\"2026-02-24T14:26:20+00:00\" \/>\n<meta property=\"og:image\" content=\"https:\/\/grupofides.com.br\/wp-content\/uploads\/2025\/02\/Capa_Moletom_Mescla.jpg\" \/>\n\t<meta property=\"og:image:width\" content=\"1080\" \/>\n\t<meta property=\"og:image:height\" content=\"1080\" \/>\n\t<meta property=\"og:image:type\" content=\"image\/jpeg\" \/>\n<meta name=\"twitter:card\" content=\"summary_large_image\" \/>\n<meta name=\"twitter:label1\" content=\"Est. reading time\" \/>\n\t<meta name=\"twitter:data1\" content=\"2 minutes\" \/>\n<script type=\"application\/ld+json\" class=\"yoast-schema-graph\">{\"@context\":\"https:\/\/schema.org\",\"@graph\":[{\"@type\":\"WebPage\",\"@id\":\"https:\/\/grupofides.com.br\/produto\/moletom-3c-mesclas\/\",\"url\":\"https:\/\/grupofides.com.br\/produto\/moletom-3c-mesclas\/\",\"name\":\"Moletom 3C Mesclas - Grupo Fides\",\"isPartOf\":{\"@id\":\"https:\/\/grupofides.com.br\/#website\"},\"primaryImageOfPage\":{\"@id\":\"https:\/\/grupofides.com.br\/produto\/moletom-3c-mesclas\/#primaryimage\"},\"image\":{\"@id\":\"https:\/\/grupofides.com.br\/produto\/moletom-3c-mesclas\/#primaryimage\"},\"thumbnailUrl\":\"https:\/\/grupofides.com.br\/wp-content\/uploads\/2025\/02\/Capa_Moletom_Mescla.jpg\",\"datePublished\":\"2025-02-06T12:29:30+00:00\",\"dateModified\":\"2026-02-24T14:26:20+00:00\",\"breadcrumb\":{\"@id\":\"https:\/\/grupofides.com.br\/produto\/moletom-3c-mesclas\/#breadcrumb\"},\"inLanguage\":\"en-US\",\"potentialAction\":[{\"@type\":\"ReadAction\",\"target\":[\"https:\/\/grupofides.com.br\/produto\/moletom-3c-mesclas\/\"]}]},{\"@type\":\"ImageObject\",\"inLanguage\":\"en-US\",\"@id\":\"https:\/\/grupofides.com.br\/produto\/moletom-3c-mesclas\/#primaryimage\",\"url\":\"https:\/\/grupofides.com.br\/wp-content\/uploads\/2025\/02\/Capa_Moletom_Mescla.jpg\",\"contentUrl\":\"https:\/\/grupofides.com.br\/wp-content\/uploads\/2025\/02\/Capa_Moletom_Mescla.jpg\",\"width\":1080,\"height\":1080},{\"@type\":\"BreadcrumbList\",\"@id\":\"https:\/\/grupofides.com.br\/produto\/moletom-3c-mesclas\/#breadcrumb\",\"itemListElement\":[{\"@type\":\"ListItem\",\"position\":1,\"name\":\"In\u00edcio\",\"item\":\"https:\/\/grupofides.com.br\/\"},{\"@type\":\"ListItem\",\"position\":2,\"name\":\"Produtos\",\"item\":\"https:\/\/grupofides.com.br\/shop\/\"},{\"@type\":\"ListItem\",\"position\":3,\"name\":\"Moletom 3C Mesclas\"}]},{\"@type\":\"WebSite\",\"@id\":\"https:\/\/grupofides.com.br\/#website\",\"url\":\"https:\/\/grupofides.com.br\/\",\"name\":\"Grupo Fides\",\"description\":\"Fia\u00e7\u00e3o &amp; Malharia\",\"publisher\":{\"@id\":\"https:\/\/grupofides.com.br\/#organization\"},\"potentialAction\":[{\"@type\":\"SearchAction\",\"target\":{\"@type\":\"EntryPoint\",\"urlTemplate\":\"https:\/\/grupofides.com.br\/?s={search_term_string}\"},\"query-input\":{\"@type\":\"PropertyValueSpecification\",\"valueRequired\":true,\"valueName\":\"search_term_string\"}}],\"inLanguage\":\"en-US\"},{\"@type\":\"Organization\",\"@id\":\"https:\/\/grupofides.com.br\/#organization\",\"name\":\"Grupo Fides\",\"url\":\"https:\/\/grupofides.com.br\/\",\"logo\":{\"@type\":\"ImageObject\",\"inLanguage\":\"en-US\",\"@id\":\"https:\/\/grupofides.com.br\/#\/schema\/logo\/image\/\",\"url\":\"https:\/\/grupofides.com.br\/wp-content\/uploads\/2022\/11\/Logo_GRUPOFIDES.png\",\"contentUrl\":\"https:\/\/grupofides.com.br\/wp-content\/uploads\/2022\/11\/Logo_GRUPOFIDES.png\",\"width\":2000,\"height\":1000,\"caption\":\"Grupo Fides\"},\"image\":{\"@id\":\"https:\/\/grupofides.com.br\/#\/schema\/logo\/image\/\"},\"sameAs\":[\"https:\/\/www.facebook.com\/fiacaofides\",\"https:\/\/www.instagram.com\/fiacaofides\/\"]}]}<\/script>\n<!-- \/ Yoast SEO plugin. -->","yoast_head_json":{"title":"Moletom 3C Mesclas - Grupo Fides","robots":{"index":"index","follow":"follow","max-snippet":"max-snippet:-1","max-image-preview":"max-image-preview:large","max-video-preview":"max-video-preview:-1"},"canonical":"https:\/\/grupofides.com.br\/en\/produto\/moletom-3c-mesclas\/","og_locale":"en_US","og_type":"article","og_title":"Moletom 3C Mesclas - Grupo Fides","og_description":"Os moletons mescla da Fides s\u00e3o uma escolha perfeita para quem busca conforto, durabilidade e estilo. Com a estrutura de 3 cabos, esses moletons possuem um tecido mais encorpado, o que garante uma sensa\u00e7\u00e3o de sofistica\u00e7\u00e3o, ao mesmo tempo que proporciona resist\u00eancia. A combina\u00e7\u00e3o de qualidade e design faz com que a pe\u00e7a mantenha sua [&hellip;]","og_url":"https:\/\/grupofides.com.br\/en\/produto\/moletom-3c-mesclas\/","og_site_name":"Grupo Fides","article_publisher":"https:\/\/www.facebook.com\/fiacaofides","article_modified_time":"2026-02-24T14:26:20+00:00","og_image":[{"width":1080,"height":1080,"url":"https:\/\/grupofides.com.br\/wp-content\/uploads\/2025\/02\/Capa_Moletom_Mescla.jpg","type":"image\/jpeg"}],"twitter_card":"summary_large_image","twitter_misc":{"Est. reading time":"2 minutes"},"schema":{"@context":"https:\/\/schema.org","@graph":[{"@type":"WebPage","@id":"https:\/\/grupofides.com.br\/produto\/moletom-3c-mesclas\/","url":"https:\/\/grupofides.com.br\/produto\/moletom-3c-mesclas\/","name":"Moletom 3C Mesclas - Grupo Fides","isPartOf":{"@id":"https:\/\/grupofides.com.br\/#website"},"primaryImageOfPage":{"@id":"https:\/\/grupofides.com.br\/produto\/moletom-3c-mesclas\/#primaryimage"},"image":{"@id":"https:\/\/grupofides.com.br\/produto\/moletom-3c-mesclas\/#primaryimage"},"thumbnailUrl":"https:\/\/grupofides.com.br\/wp-content\/uploads\/2025\/02\/Capa_Moletom_Mescla.jpg","datePublished":"2025-02-06T12:29:30+00:00","dateModified":"2026-02-24T14:26:20+00:00","breadcrumb":{"@id":"https:\/\/grupofides.com.br\/produto\/moletom-3c-mesclas\/#breadcrumb"},"inLanguage":"en-US","potentialAction":[{"@type":"ReadAction","target":["https:\/\/grupofides.com.br\/produto\/moletom-3c-mesclas\/"]}]},{"@type":"ImageObject","inLanguage":"en-US","@id":"https:\/\/grupofides.com.br\/produto\/moletom-3c-mesclas\/#primaryimage","url":"https:\/\/grupofides.com.br\/wp-content\/uploads\/2025\/02\/Capa_Moletom_Mescla.jpg","contentUrl":"https:\/\/grupofides.com.br\/wp-content\/uploads\/2025\/02\/Capa_Moletom_Mescla.jpg","width":1080,"height":1080},{"@type":"BreadcrumbList","@id":"https:\/\/grupofides.com.br\/produto\/moletom-3c-mesclas\/#breadcrumb","itemListElement":[{"@type":"ListItem","position":1,"name":"In\u00edcio","item":"https:\/\/grupofides.com.br\/"},{"@type":"ListItem","position":2,"name":"Produtos","item":"https:\/\/grupofides.com.br\/shop\/"},{"@type":"ListItem","position":3,"name":"Moletom 3C Mesclas"}]},{"@type":"WebSite","@id":"https:\/\/grupofides.com.br\/#website","url":"https:\/\/grupofides.com.br\/","name":"Grupo Fides","description":"Spinning &amp; Knitwear","publisher":{"@id":"https:\/\/grupofides.com.br\/#organization"},"potentialAction":[{"@type":"SearchAction","target":{"@type":"EntryPoint","urlTemplate":"https:\/\/grupofides.com.br\/?s={search_term_string}"},"query-input":{"@type":"PropertyValueSpecification","valueRequired":true,"valueName":"search_term_string"}}],"inLanguage":"en-US"},{"@type":"Organization","@id":"https:\/\/grupofides.com.br\/#organization","name":"Grupo Fides","url":"https:\/\/grupofides.com.br\/","logo":{"@type":"ImageObject","inLanguage":"en-US","@id":"https:\/\/grupofides.com.br\/#\/schema\/logo\/image\/","url":"https:\/\/grupofides.com.br\/wp-content\/uploads\/2022\/11\/Logo_GRUPOFIDES.png","contentUrl":"https:\/\/grupofides.com.br\/wp-content\/uploads\/2022\/11\/Logo_GRUPOFIDES.png","width":2000,"height":1000,"caption":"Grupo Fides"},"image":{"@id":"https:\/\/grupofides.com.br\/#\/schema\/logo\/image\/"},"sameAs":["https:\/\/www.facebook.com\/fiacaofides","https:\/\/www.instagram.com\/fiacaofides\/"]}]}},"_links":{"self":[{"href":"https:\/\/grupofides.com.br\/en\/wp-json\/wp\/v2\/product\/3207","targetHints":{"allow":["GET"]}}],"collection":[{"href":"https:\/\/grupofides.com.br\/en\/wp-json\/wp\/v2\/product"}],"about":[{"href":"https:\/\/grupofides.com.br\/en\/wp-json\/wp\/v2\/types\/product"}],"wp:featuredmedia":[{"embeddable":true,"href":"https:\/\/grupofides.com.br\/en\/wp-json\/wp\/v2\/media\/3235"}],"wp:attachment":[{"href":"https:\/\/grupofides.com.br\/en\/wp-json\/wp\/v2\/media?parent=3207"}],"wp:term":[{"taxonomy":"product_brand","embeddable":true,"href":"https:\/\/grupofides.com.br\/en\/wp-json\/wp\/v2\/product_brand?post=3207"},{"taxonomy":"product_cat","embeddable":true,"href":"https:\/\/grupofides.com.br\/en\/wp-json\/wp\/v2\/product_cat?post=3207"},{"taxonomy":"product_tag","embeddable":true,"href":"https:\/\/grupofides.com.br\/en\/wp-json\/wp\/v2\/product_tag?post=3207"}],"curies":[{"name":"wp","href":"https:\/\/api.w.org\/{rel}","templated":true}]}}