{"id":617,"date":"2023-04-27T11:12:31","date_gmt":"2023-04-27T14:12:31","guid":{"rendered":"https:\/\/grupofides.com.br\/?post_type=product&#038;p=617"},"modified":"2025-09-19T11:50:12","modified_gmt":"2025-09-19T14:50:12","slug":"fio-mousse","status":"publish","type":"product","link":"https:\/\/grupofides.com.br\/en\/product\/fio-mousse\/","title":{"rendered":"Mousse Yarn"},"content":{"rendered":"<p>The Mousse yarn from Fides' Spinning Division is widely recognized as a technological yarn, providing a unique experience. Its characteristic of being super light and warm makes it ideal for various occasions. Additionally, its texture is extremely soft, offering a delightful touch when worn and avoiding any discomfort. There is no risk of itching, providing exceptional comfort for everyday pieces. Don't miss out on trying this true innovation in your collection. Fides' Mousse yarn will elevate the level of comfort and quality in your creations, ensuring absolute satisfaction. Enjoy the benefits of this technological yarn and delight your customers with irresistible pieces.<\/p>\n<ul>\n<li>Possui Tag de originalidade<\/li>\n<li>Muito volumoso e macio<\/li>\n<li>Solidez a Luz<\/li>\n<li>Tons Vibrantes e bem definidos<\/li>\n<\/ul>","protected":false},"excerpt":{"rendered":"<p>O fio Mousse da Fia\u00e7\u00e3o Fides \u00e9 amplamente reconhecido como um fio tecnol\u00f3gico, proporcionando uma experi\u00eancia \u00fanica. Sua caracter\u00edstica de ser super leve e quentinho o torna ideal para diversas ocasi\u00f5es. Al\u00e9m disso, sua textura \u00e9 extremamente macia, oferecendo um toque delicioso ao vestir e evitando qualquer sensa\u00e7\u00e3o de inc\u00f4modo. N\u00e3o h\u00e1 risco de &#8220;pinicar&#8221;, [&hellip;]<\/p>\n","protected":false},"featured_media":2839,"template":"","meta":{"_acf_changed":false},"product_brand":[],"product_cat":[56,66],"product_tag":[],"class_list":{"0":"post-617","1":"product","2":"type-product","3":"status-publish","4":"has-post-thumbnail","6":"product_cat-fios","7":"product_cat-mousse","9":"first","10":"instock","11":"shipping-taxable","12":"product-type-simple"},"acf":[],"yoast_head":"<!-- This site is optimized with the Yoast SEO plugin v27.1.1 - https:\/\/yoast.com\/product\/yoast-seo-wordpress\/ -->\n<title>Fio Mousse - Grupo Fides<\/title>\n<meta name=\"robots\" content=\"index, follow, max-snippet:-1, max-image-preview:large, max-video-preview:-1\" \/>\n<link rel=\"canonical\" href=\"https:\/\/grupofides.com.br\/en\/produto\/fio-mousse\/\" \/>\n<meta property=\"og:locale\" content=\"en_US\" \/>\n<meta property=\"og:type\" content=\"article\" \/>\n<meta property=\"og:title\" content=\"Fio Mousse - Grupo Fides\" \/>\n<meta property=\"og:description\" content=\"O fio Mousse da Fia\u00e7\u00e3o Fides \u00e9 amplamente reconhecido como um fio tecnol\u00f3gico, proporcionando uma experi\u00eancia \u00fanica. Sua caracter\u00edstica de ser super leve e quentinho o torna ideal para diversas ocasi\u00f5es. Al\u00e9m disso, sua textura \u00e9 extremamente macia, oferecendo um toque delicioso ao vestir e evitando qualquer sensa\u00e7\u00e3o de inc\u00f4modo. N\u00e3o h\u00e1 risco de &#8220;pinicar&#8221;, [&hellip;]\" \/>\n<meta property=\"og:url\" content=\"https:\/\/grupofides.com.br\/en\/produto\/fio-mousse\/\" \/>\n<meta property=\"og:site_name\" content=\"Grupo Fides\" \/>\n<meta property=\"article:publisher\" content=\"https:\/\/www.facebook.com\/fiacaofides\" \/>\n<meta property=\"article:modified_time\" content=\"2025-09-19T14:50:12+00:00\" \/>\n<meta property=\"og:image\" content=\"https:\/\/grupofides.com.br\/wp-content\/uploads\/2023\/04\/Fio_Mousse-2.jpg\" \/>\n\t<meta property=\"og:image:width\" content=\"800\" \/>\n\t<meta property=\"og:image:height\" content=\"1200\" \/>\n\t<meta property=\"og:image:type\" content=\"image\/jpeg\" \/>\n<meta name=\"twitter:card\" content=\"summary_large_image\" \/>\n<meta name=\"twitter:label1\" content=\"Est. reading time\" \/>\n\t<meta name=\"twitter:data1\" content=\"1 minute\" \/>\n<script type=\"application\/ld+json\" class=\"yoast-schema-graph\">{\"@context\":\"https:\/\/schema.org\",\"@graph\":[{\"@type\":\"WebPage\",\"@id\":\"https:\/\/grupofides.com.br\/produto\/fio-mousse\/\",\"url\":\"https:\/\/grupofides.com.br\/produto\/fio-mousse\/\",\"name\":\"Fio Mousse - Grupo Fides\",\"isPartOf\":{\"@id\":\"https:\/\/grupofides.com.br\/#website\"},\"primaryImageOfPage\":{\"@id\":\"https:\/\/grupofides.com.br\/produto\/fio-mousse\/#primaryimage\"},\"image\":{\"@id\":\"https:\/\/grupofides.com.br\/produto\/fio-mousse\/#primaryimage\"},\"thumbnailUrl\":\"https:\/\/grupofides.com.br\/wp-content\/uploads\/2023\/04\/Fio_Mousse-2.jpg\",\"datePublished\":\"2023-04-27T14:12:31+00:00\",\"dateModified\":\"2025-09-19T14:50:12+00:00\",\"breadcrumb\":{\"@id\":\"https:\/\/grupofides.com.br\/produto\/fio-mousse\/#breadcrumb\"},\"inLanguage\":\"en-US\",\"potentialAction\":[{\"@type\":\"ReadAction\",\"target\":[\"https:\/\/grupofides.com.br\/produto\/fio-mousse\/\"]}]},{\"@type\":\"ImageObject\",\"inLanguage\":\"en-US\",\"@id\":\"https:\/\/grupofides.com.br\/produto\/fio-mousse\/#primaryimage\",\"url\":\"https:\/\/grupofides.com.br\/wp-content\/uploads\/2023\/04\/Fio_Mousse-2.jpg\",\"contentUrl\":\"https:\/\/grupofides.com.br\/wp-content\/uploads\/2023\/04\/Fio_Mousse-2.jpg\",\"width\":800,\"height\":1200},{\"@type\":\"BreadcrumbList\",\"@id\":\"https:\/\/grupofides.com.br\/produto\/fio-mousse\/#breadcrumb\",\"itemListElement\":[{\"@type\":\"ListItem\",\"position\":1,\"name\":\"In\u00edcio\",\"item\":\"https:\/\/grupofides.com.br\/\"},{\"@type\":\"ListItem\",\"position\":2,\"name\":\"Produtos\",\"item\":\"https:\/\/grupofides.com.br\/shop\/\"},{\"@type\":\"ListItem\",\"position\":3,\"name\":\"Fio Mousse\"}]},{\"@type\":\"WebSite\",\"@id\":\"https:\/\/grupofides.com.br\/#website\",\"url\":\"https:\/\/grupofides.com.br\/\",\"name\":\"Grupo Fides\",\"description\":\"Fia\u00e7\u00e3o &amp; Malharia\",\"publisher\":{\"@id\":\"https:\/\/grupofides.com.br\/#organization\"},\"potentialAction\":[{\"@type\":\"SearchAction\",\"target\":{\"@type\":\"EntryPoint\",\"urlTemplate\":\"https:\/\/grupofides.com.br\/?s={search_term_string}\"},\"query-input\":{\"@type\":\"PropertyValueSpecification\",\"valueRequired\":true,\"valueName\":\"search_term_string\"}}],\"inLanguage\":\"en-US\"},{\"@type\":\"Organization\",\"@id\":\"https:\/\/grupofides.com.br\/#organization\",\"name\":\"Grupo Fides\",\"url\":\"https:\/\/grupofides.com.br\/\",\"logo\":{\"@type\":\"ImageObject\",\"inLanguage\":\"en-US\",\"@id\":\"https:\/\/grupofides.com.br\/#\/schema\/logo\/image\/\",\"url\":\"https:\/\/grupofides.com.br\/wp-content\/uploads\/2022\/11\/Logo_GRUPOFIDES.png\",\"contentUrl\":\"https:\/\/grupofides.com.br\/wp-content\/uploads\/2022\/11\/Logo_GRUPOFIDES.png\",\"width\":2000,\"height\":1000,\"caption\":\"Grupo Fides\"},\"image\":{\"@id\":\"https:\/\/grupofides.com.br\/#\/schema\/logo\/image\/\"},\"sameAs\":[\"https:\/\/www.facebook.com\/fiacaofides\",\"https:\/\/www.instagram.com\/fiacaofides\/\"]}]}<\/script>\n<!-- \/ Yoast SEO plugin. -->","yoast_head_json":{"title":"Fio Mousse - Grupo Fides","robots":{"index":"index","follow":"follow","max-snippet":"max-snippet:-1","max-image-preview":"max-image-preview:large","max-video-preview":"max-video-preview:-1"},"canonical":"https:\/\/grupofides.com.br\/en\/produto\/fio-mousse\/","og_locale":"en_US","og_type":"article","og_title":"Fio Mousse - Grupo Fides","og_description":"O fio Mousse da Fia\u00e7\u00e3o Fides \u00e9 amplamente reconhecido como um fio tecnol\u00f3gico, proporcionando uma experi\u00eancia \u00fanica. Sua caracter\u00edstica de ser super leve e quentinho o torna ideal para diversas ocasi\u00f5es. Al\u00e9m disso, sua textura \u00e9 extremamente macia, oferecendo um toque delicioso ao vestir e evitando qualquer sensa\u00e7\u00e3o de inc\u00f4modo. N\u00e3o h\u00e1 risco de &#8220;pinicar&#8221;, [&hellip;]","og_url":"https:\/\/grupofides.com.br\/en\/produto\/fio-mousse\/","og_site_name":"Grupo Fides","article_publisher":"https:\/\/www.facebook.com\/fiacaofides","article_modified_time":"2025-09-19T14:50:12+00:00","og_image":[{"width":800,"height":1200,"url":"https:\/\/grupofides.com.br\/wp-content\/uploads\/2023\/04\/Fio_Mousse-2.jpg","type":"image\/jpeg"}],"twitter_card":"summary_large_image","twitter_misc":{"Est. reading time":"1 minute"},"schema":{"@context":"https:\/\/schema.org","@graph":[{"@type":"WebPage","@id":"https:\/\/grupofides.com.br\/produto\/fio-mousse\/","url":"https:\/\/grupofides.com.br\/produto\/fio-mousse\/","name":"Fio Mousse - Grupo Fides","isPartOf":{"@id":"https:\/\/grupofides.com.br\/#website"},"primaryImageOfPage":{"@id":"https:\/\/grupofides.com.br\/produto\/fio-mousse\/#primaryimage"},"image":{"@id":"https:\/\/grupofides.com.br\/produto\/fio-mousse\/#primaryimage"},"thumbnailUrl":"https:\/\/grupofides.com.br\/wp-content\/uploads\/2023\/04\/Fio_Mousse-2.jpg","datePublished":"2023-04-27T14:12:31+00:00","dateModified":"2025-09-19T14:50:12+00:00","breadcrumb":{"@id":"https:\/\/grupofides.com.br\/produto\/fio-mousse\/#breadcrumb"},"inLanguage":"en-US","potentialAction":[{"@type":"ReadAction","target":["https:\/\/grupofides.com.br\/produto\/fio-mousse\/"]}]},{"@type":"ImageObject","inLanguage":"en-US","@id":"https:\/\/grupofides.com.br\/produto\/fio-mousse\/#primaryimage","url":"https:\/\/grupofides.com.br\/wp-content\/uploads\/2023\/04\/Fio_Mousse-2.jpg","contentUrl":"https:\/\/grupofides.com.br\/wp-content\/uploads\/2023\/04\/Fio_Mousse-2.jpg","width":800,"height":1200},{"@type":"BreadcrumbList","@id":"https:\/\/grupofides.com.br\/produto\/fio-mousse\/#breadcrumb","itemListElement":[{"@type":"ListItem","position":1,"name":"In\u00edcio","item":"https:\/\/grupofides.com.br\/"},{"@type":"ListItem","position":2,"name":"Produtos","item":"https:\/\/grupofides.com.br\/shop\/"},{"@type":"ListItem","position":3,"name":"Fio Mousse"}]},{"@type":"WebSite","@id":"https:\/\/grupofides.com.br\/#website","url":"https:\/\/grupofides.com.br\/","name":"Grupo Fides","description":"Spinning &amp; Knitwear","publisher":{"@id":"https:\/\/grupofides.com.br\/#organization"},"potentialAction":[{"@type":"SearchAction","target":{"@type":"EntryPoint","urlTemplate":"https:\/\/grupofides.com.br\/?s={search_term_string}"},"query-input":{"@type":"PropertyValueSpecification","valueRequired":true,"valueName":"search_term_string"}}],"inLanguage":"en-US"},{"@type":"Organization","@id":"https:\/\/grupofides.com.br\/#organization","name":"Grupo Fides","url":"https:\/\/grupofides.com.br\/","logo":{"@type":"ImageObject","inLanguage":"en-US","@id":"https:\/\/grupofides.com.br\/#\/schema\/logo\/image\/","url":"https:\/\/grupofides.com.br\/wp-content\/uploads\/2022\/11\/Logo_GRUPOFIDES.png","contentUrl":"https:\/\/grupofides.com.br\/wp-content\/uploads\/2022\/11\/Logo_GRUPOFIDES.png","width":2000,"height":1000,"caption":"Grupo Fides"},"image":{"@id":"https:\/\/grupofides.com.br\/#\/schema\/logo\/image\/"},"sameAs":["https:\/\/www.facebook.com\/fiacaofides","https:\/\/www.instagram.com\/fiacaofides\/"]}]}},"_links":{"self":[{"href":"https:\/\/grupofides.com.br\/en\/wp-json\/wp\/v2\/product\/617","targetHints":{"allow":["GET"]}}],"collection":[{"href":"https:\/\/grupofides.com.br\/en\/wp-json\/wp\/v2\/product"}],"about":[{"href":"https:\/\/grupofides.com.br\/en\/wp-json\/wp\/v2\/types\/product"}],"wp:featuredmedia":[{"embeddable":true,"href":"https:\/\/grupofides.com.br\/en\/wp-json\/wp\/v2\/media\/2839"}],"wp:attachment":[{"href":"https:\/\/grupofides.com.br\/en\/wp-json\/wp\/v2\/media?parent=617"}],"wp:term":[{"taxonomy":"product_brand","embeddable":true,"href":"https:\/\/grupofides.com.br\/en\/wp-json\/wp\/v2\/product_brand?post=617"},{"taxonomy":"product_cat","embeddable":true,"href":"https:\/\/grupofides.com.br\/en\/wp-json\/wp\/v2\/product_cat?post=617"},{"taxonomy":"product_tag","embeddable":true,"href":"https:\/\/grupofides.com.br\/en\/wp-json\/wp\/v2\/product_tag?post=617"}],"curies":[{"name":"wp","href":"https:\/\/api.w.org\/{rel}","templated":true}]}}