{"id":764,"date":"2023-05-11T15:27:54","date_gmt":"2023-05-11T18:27:54","guid":{"rendered":"https:\/\/grupofides.com.br\/?post_type=product&#038;p=764"},"modified":"2025-09-19T11:37:03","modified_gmt":"2025-09-19T14:37:03","slug":"fio-mescla-visco","status":"publish","type":"product","link":"https:\/\/grupofides.com.br\/en\/product\/fio-mescla-visco\/","title":{"rendered":"Viscose Blend Yarn"},"content":{"rendered":"<p>The Mescla Visco yarn from Fides is named for the intimate blend of its fibers: acrylic and viscose. Its touch is refreshing thanks to the presence of viscose in its composition, providing excellent thermal comfort in everyday wear. The viscose used in the yarn is USDA certified, ensuring it is made from plant-based, biodegradable products and sourced from renewable wood cellulose. The acrylic, on the other hand, is a soft fiber that adds lightness to the pieces and is dyed in gel, avoiding the waste of pigments in nature. To further enhance your creations, Fides Spinning provides tags with this information.<\/p>\n<p>It is a sustainable and versatile yarn, suitable for the creation of summer, mid-season, and winter pieces, and can be worked with one or more strands. The color palette is extensive, including options of heathers and solid colors. As a distinctive feature, Fides presents Denim Black and indigo colors, specially developed to mimic the effect of denim. This is another exclusive feature from the Fides Group for you to shine in your collection!<\/p>","protected":false},"excerpt":{"rendered":"<p>O fio Mescla Visco da Fides recebe esse nome devido \u00e0 mistura \u00edntima de suas fibras: acr\u00edlico e viscose. Seu toque \u00e9 refrescante gra\u00e7as \u00e0 presen\u00e7a da viscose em sua composi\u00e7\u00e3o, o que proporciona excelente conforto t\u00e9rmico no dia a dia. A viscose utilizada no fio possui certifica\u00e7\u00e3o da USDA, garantindo que seja constitu\u00edda por [&hellip;]<\/p>\n","protected":false},"featured_media":2757,"template":"","meta":{"_acf_changed":false},"product_brand":[],"product_cat":[56,63],"product_tag":[],"class_list":{"0":"post-764","1":"product","2":"type-product","3":"status-publish","4":"has-post-thumbnail","6":"product_cat-fios","7":"product_cat-mescla-visco","9":"first","10":"instock","11":"shipping-taxable","12":"product-type-simple"},"acf":[],"yoast_head":"<!-- This site is optimized with the Yoast SEO plugin v27.1.1 - https:\/\/yoast.com\/product\/yoast-seo-wordpress\/ -->\n<title>Fio Mescla Visco - Grupo Fides<\/title>\n<meta name=\"robots\" content=\"index, follow, max-snippet:-1, max-image-preview:large, max-video-preview:-1\" \/>\n<link rel=\"canonical\" href=\"https:\/\/grupofides.com.br\/en\/produto\/fio-mescla-visco\/\" \/>\n<meta property=\"og:locale\" content=\"en_US\" \/>\n<meta property=\"og:type\" content=\"article\" \/>\n<meta property=\"og:title\" content=\"Fio Mescla Visco - Grupo Fides\" \/>\n<meta property=\"og:description\" content=\"O fio Mescla Visco da Fides recebe esse nome devido \u00e0 mistura \u00edntima de suas fibras: acr\u00edlico e viscose. Seu toque \u00e9 refrescante gra\u00e7as \u00e0 presen\u00e7a da viscose em sua composi\u00e7\u00e3o, o que proporciona excelente conforto t\u00e9rmico no dia a dia. A viscose utilizada no fio possui certifica\u00e7\u00e3o da USDA, garantindo que seja constitu\u00edda por [&hellip;]\" \/>\n<meta property=\"og:url\" content=\"https:\/\/grupofides.com.br\/en\/produto\/fio-mescla-visco\/\" \/>\n<meta property=\"og:site_name\" content=\"Grupo Fides\" \/>\n<meta property=\"article:publisher\" content=\"https:\/\/www.facebook.com\/fiacaofides\" \/>\n<meta property=\"article:modified_time\" content=\"2025-09-19T14:37:03+00:00\" \/>\n<meta property=\"og:image\" content=\"https:\/\/grupofides.com.br\/wp-content\/uploads\/2023\/05\/Fio_Mescla.jpg\" \/>\n\t<meta property=\"og:image:width\" content=\"800\" \/>\n\t<meta property=\"og:image:height\" content=\"1200\" \/>\n\t<meta property=\"og:image:type\" content=\"image\/jpeg\" \/>\n<meta name=\"twitter:card\" content=\"summary_large_image\" \/>\n<meta name=\"twitter:label1\" content=\"Est. reading time\" \/>\n\t<meta name=\"twitter:data1\" content=\"2 minutes\" \/>\n<script type=\"application\/ld+json\" class=\"yoast-schema-graph\">{\"@context\":\"https:\/\/schema.org\",\"@graph\":[{\"@type\":\"WebPage\",\"@id\":\"https:\/\/grupofides.com.br\/produto\/fio-mescla-visco\/\",\"url\":\"https:\/\/grupofides.com.br\/produto\/fio-mescla-visco\/\",\"name\":\"Fio Mescla Visco - Grupo Fides\",\"isPartOf\":{\"@id\":\"https:\/\/grupofides.com.br\/#website\"},\"primaryImageOfPage\":{\"@id\":\"https:\/\/grupofides.com.br\/produto\/fio-mescla-visco\/#primaryimage\"},\"image\":{\"@id\":\"https:\/\/grupofides.com.br\/produto\/fio-mescla-visco\/#primaryimage\"},\"thumbnailUrl\":\"https:\/\/grupofides.com.br\/wp-content\/uploads\/2023\/05\/Fio_Mescla.jpg\",\"datePublished\":\"2023-05-11T18:27:54+00:00\",\"dateModified\":\"2025-09-19T14:37:03+00:00\",\"breadcrumb\":{\"@id\":\"https:\/\/grupofides.com.br\/produto\/fio-mescla-visco\/#breadcrumb\"},\"inLanguage\":\"en-US\",\"potentialAction\":[{\"@type\":\"ReadAction\",\"target\":[\"https:\/\/grupofides.com.br\/produto\/fio-mescla-visco\/\"]}]},{\"@type\":\"ImageObject\",\"inLanguage\":\"en-US\",\"@id\":\"https:\/\/grupofides.com.br\/produto\/fio-mescla-visco\/#primaryimage\",\"url\":\"https:\/\/grupofides.com.br\/wp-content\/uploads\/2023\/05\/Fio_Mescla.jpg\",\"contentUrl\":\"https:\/\/grupofides.com.br\/wp-content\/uploads\/2023\/05\/Fio_Mescla.jpg\",\"width\":800,\"height\":1200},{\"@type\":\"BreadcrumbList\",\"@id\":\"https:\/\/grupofides.com.br\/produto\/fio-mescla-visco\/#breadcrumb\",\"itemListElement\":[{\"@type\":\"ListItem\",\"position\":1,\"name\":\"In\u00edcio\",\"item\":\"https:\/\/grupofides.com.br\/\"},{\"@type\":\"ListItem\",\"position\":2,\"name\":\"Produtos\",\"item\":\"https:\/\/grupofides.com.br\/shop\/\"},{\"@type\":\"ListItem\",\"position\":3,\"name\":\"Fio Mescla Visco\"}]},{\"@type\":\"WebSite\",\"@id\":\"https:\/\/grupofides.com.br\/#website\",\"url\":\"https:\/\/grupofides.com.br\/\",\"name\":\"Grupo Fides\",\"description\":\"Fia\u00e7\u00e3o &amp; Malharia\",\"publisher\":{\"@id\":\"https:\/\/grupofides.com.br\/#organization\"},\"potentialAction\":[{\"@type\":\"SearchAction\",\"target\":{\"@type\":\"EntryPoint\",\"urlTemplate\":\"https:\/\/grupofides.com.br\/?s={search_term_string}\"},\"query-input\":{\"@type\":\"PropertyValueSpecification\",\"valueRequired\":true,\"valueName\":\"search_term_string\"}}],\"inLanguage\":\"en-US\"},{\"@type\":\"Organization\",\"@id\":\"https:\/\/grupofides.com.br\/#organization\",\"name\":\"Grupo Fides\",\"url\":\"https:\/\/grupofides.com.br\/\",\"logo\":{\"@type\":\"ImageObject\",\"inLanguage\":\"en-US\",\"@id\":\"https:\/\/grupofides.com.br\/#\/schema\/logo\/image\/\",\"url\":\"https:\/\/grupofides.com.br\/wp-content\/uploads\/2022\/11\/Logo_GRUPOFIDES.png\",\"contentUrl\":\"https:\/\/grupofides.com.br\/wp-content\/uploads\/2022\/11\/Logo_GRUPOFIDES.png\",\"width\":2000,\"height\":1000,\"caption\":\"Grupo Fides\"},\"image\":{\"@id\":\"https:\/\/grupofides.com.br\/#\/schema\/logo\/image\/\"},\"sameAs\":[\"https:\/\/www.facebook.com\/fiacaofides\",\"https:\/\/www.instagram.com\/fiacaofides\/\"]}]}<\/script>\n<!-- \/ Yoast SEO plugin. -->","yoast_head_json":{"title":"Fio Mescla Visco - Grupo Fides","robots":{"index":"index","follow":"follow","max-snippet":"max-snippet:-1","max-image-preview":"max-image-preview:large","max-video-preview":"max-video-preview:-1"},"canonical":"https:\/\/grupofides.com.br\/en\/produto\/fio-mescla-visco\/","og_locale":"en_US","og_type":"article","og_title":"Fio Mescla Visco - Grupo Fides","og_description":"O fio Mescla Visco da Fides recebe esse nome devido \u00e0 mistura \u00edntima de suas fibras: acr\u00edlico e viscose. Seu toque \u00e9 refrescante gra\u00e7as \u00e0 presen\u00e7a da viscose em sua composi\u00e7\u00e3o, o que proporciona excelente conforto t\u00e9rmico no dia a dia. A viscose utilizada no fio possui certifica\u00e7\u00e3o da USDA, garantindo que seja constitu\u00edda por [&hellip;]","og_url":"https:\/\/grupofides.com.br\/en\/produto\/fio-mescla-visco\/","og_site_name":"Grupo Fides","article_publisher":"https:\/\/www.facebook.com\/fiacaofides","article_modified_time":"2025-09-19T14:37:03+00:00","og_image":[{"width":800,"height":1200,"url":"https:\/\/grupofides.com.br\/wp-content\/uploads\/2023\/05\/Fio_Mescla.jpg","type":"image\/jpeg"}],"twitter_card":"summary_large_image","twitter_misc":{"Est. reading time":"2 minutes"},"schema":{"@context":"https:\/\/schema.org","@graph":[{"@type":"WebPage","@id":"https:\/\/grupofides.com.br\/produto\/fio-mescla-visco\/","url":"https:\/\/grupofides.com.br\/produto\/fio-mescla-visco\/","name":"Fio Mescla Visco - Grupo Fides","isPartOf":{"@id":"https:\/\/grupofides.com.br\/#website"},"primaryImageOfPage":{"@id":"https:\/\/grupofides.com.br\/produto\/fio-mescla-visco\/#primaryimage"},"image":{"@id":"https:\/\/grupofides.com.br\/produto\/fio-mescla-visco\/#primaryimage"},"thumbnailUrl":"https:\/\/grupofides.com.br\/wp-content\/uploads\/2023\/05\/Fio_Mescla.jpg","datePublished":"2023-05-11T18:27:54+00:00","dateModified":"2025-09-19T14:37:03+00:00","breadcrumb":{"@id":"https:\/\/grupofides.com.br\/produto\/fio-mescla-visco\/#breadcrumb"},"inLanguage":"en-US","potentialAction":[{"@type":"ReadAction","target":["https:\/\/grupofides.com.br\/produto\/fio-mescla-visco\/"]}]},{"@type":"ImageObject","inLanguage":"en-US","@id":"https:\/\/grupofides.com.br\/produto\/fio-mescla-visco\/#primaryimage","url":"https:\/\/grupofides.com.br\/wp-content\/uploads\/2023\/05\/Fio_Mescla.jpg","contentUrl":"https:\/\/grupofides.com.br\/wp-content\/uploads\/2023\/05\/Fio_Mescla.jpg","width":800,"height":1200},{"@type":"BreadcrumbList","@id":"https:\/\/grupofides.com.br\/produto\/fio-mescla-visco\/#breadcrumb","itemListElement":[{"@type":"ListItem","position":1,"name":"In\u00edcio","item":"https:\/\/grupofides.com.br\/"},{"@type":"ListItem","position":2,"name":"Produtos","item":"https:\/\/grupofides.com.br\/shop\/"},{"@type":"ListItem","position":3,"name":"Fio Mescla Visco"}]},{"@type":"WebSite","@id":"https:\/\/grupofides.com.br\/#website","url":"https:\/\/grupofides.com.br\/","name":"Grupo Fides","description":"Spinning &amp; Knitwear","publisher":{"@id":"https:\/\/grupofides.com.br\/#organization"},"potentialAction":[{"@type":"SearchAction","target":{"@type":"EntryPoint","urlTemplate":"https:\/\/grupofides.com.br\/?s={search_term_string}"},"query-input":{"@type":"PropertyValueSpecification","valueRequired":true,"valueName":"search_term_string"}}],"inLanguage":"en-US"},{"@type":"Organization","@id":"https:\/\/grupofides.com.br\/#organization","name":"Grupo Fides","url":"https:\/\/grupofides.com.br\/","logo":{"@type":"ImageObject","inLanguage":"en-US","@id":"https:\/\/grupofides.com.br\/#\/schema\/logo\/image\/","url":"https:\/\/grupofides.com.br\/wp-content\/uploads\/2022\/11\/Logo_GRUPOFIDES.png","contentUrl":"https:\/\/grupofides.com.br\/wp-content\/uploads\/2022\/11\/Logo_GRUPOFIDES.png","width":2000,"height":1000,"caption":"Grupo Fides"},"image":{"@id":"https:\/\/grupofides.com.br\/#\/schema\/logo\/image\/"},"sameAs":["https:\/\/www.facebook.com\/fiacaofides","https:\/\/www.instagram.com\/fiacaofides\/"]}]}},"_links":{"self":[{"href":"https:\/\/grupofides.com.br\/en\/wp-json\/wp\/v2\/product\/764","targetHints":{"allow":["GET"]}}],"collection":[{"href":"https:\/\/grupofides.com.br\/en\/wp-json\/wp\/v2\/product"}],"about":[{"href":"https:\/\/grupofides.com.br\/en\/wp-json\/wp\/v2\/types\/product"}],"wp:featuredmedia":[{"embeddable":true,"href":"https:\/\/grupofides.com.br\/en\/wp-json\/wp\/v2\/media\/2757"}],"wp:attachment":[{"href":"https:\/\/grupofides.com.br\/en\/wp-json\/wp\/v2\/media?parent=764"}],"wp:term":[{"taxonomy":"product_brand","embeddable":true,"href":"https:\/\/grupofides.com.br\/en\/wp-json\/wp\/v2\/product_brand?post=764"},{"taxonomy":"product_cat","embeddable":true,"href":"https:\/\/grupofides.com.br\/en\/wp-json\/wp\/v2\/product_cat?post=764"},{"taxonomy":"product_tag","embeddable":true,"href":"https:\/\/grupofides.com.br\/en\/wp-json\/wp\/v2\/product_tag?post=764"}],"curies":[{"name":"wp","href":"https:\/\/api.w.org\/{rel}","templated":true}]}}