{"id":800,"date":"2023-05-11T15:34:17","date_gmt":"2023-05-11T18:34:17","guid":{"rendered":"https:\/\/grupofides.com.br\/?post_type=product&#038;p=800"},"modified":"2025-09-19T11:34:14","modified_gmt":"2025-09-19T14:34:14","slug":"fio-stone","status":"publish","type":"product","link":"https:\/\/grupofides.com.br\/en\/product\/fio-stone\/","title":{"rendered":"Stone Yarn"},"content":{"rendered":"<p>Discover Stone Yarn, the newest exclusive effect from Fia\u00e7\u00e3o Fides! This yarn is named for its incredible stonewashed appearance, inspired by the distinctive look of denim. In addition to its unique appearance, its special composition provides a feeling of freshness and thermal comfort, making it ideal for summer collections. If you're looking for a versatile and refreshing option for your creations, Stone yarn is the perfect choice. Add a touch of style and comfort to your pieces with this innovative yarn from the Fides Group.<\/p>","protected":false},"excerpt":{"rendered":"<p>Descubra o fio Stone, o mais novo efeito exclusivo da Fia\u00e7\u00e3o Fides! Esse fio recebe esse nome por apresentar um incr\u00edvel aspecto estonado, inspirado no visual caracter\u00edstico do jeans. Al\u00e9m de sua apar\u00eancia \u00fanica, sua composi\u00e7\u00e3o especial proporciona uma sensa\u00e7\u00e3o de frescor e conforto t\u00e9rmico, tornando-o ideal para cole\u00e7\u00f5es de ver\u00e3o. Se voc\u00ea busca uma [&hellip;]<\/p>\n","protected":false},"featured_media":2602,"template":"","meta":{"_acf_changed":false},"product_brand":[],"product_cat":[56,61],"product_tag":[],"class_list":{"0":"post-800","1":"product","2":"type-product","3":"status-publish","4":"has-post-thumbnail","6":"product_cat-fios","7":"product_cat-stone","9":"first","10":"instock","11":"shipping-taxable","12":"product-type-simple"},"acf":[],"yoast_head":"<!-- This site is optimized with the Yoast SEO plugin v27.1.1 - https:\/\/yoast.com\/product\/yoast-seo-wordpress\/ -->\n<title>Fio Stone - Grupo Fides<\/title>\n<meta name=\"robots\" content=\"index, follow, max-snippet:-1, max-image-preview:large, max-video-preview:-1\" \/>\n<link rel=\"canonical\" href=\"https:\/\/grupofides.com.br\/en\/produto\/fio-stone\/\" \/>\n<meta property=\"og:locale\" content=\"en_US\" \/>\n<meta property=\"og:type\" content=\"article\" \/>\n<meta property=\"og:title\" content=\"Fio Stone - Grupo Fides\" \/>\n<meta property=\"og:description\" content=\"Descubra o fio Stone, o mais novo efeito exclusivo da Fia\u00e7\u00e3o Fides! Esse fio recebe esse nome por apresentar um incr\u00edvel aspecto estonado, inspirado no visual caracter\u00edstico do jeans. Al\u00e9m de sua apar\u00eancia \u00fanica, sua composi\u00e7\u00e3o especial proporciona uma sensa\u00e7\u00e3o de frescor e conforto t\u00e9rmico, tornando-o ideal para cole\u00e7\u00f5es de ver\u00e3o. Se voc\u00ea busca uma [&hellip;]\" \/>\n<meta property=\"og:url\" content=\"https:\/\/grupofides.com.br\/en\/produto\/fio-stone\/\" \/>\n<meta property=\"og:site_name\" content=\"Grupo Fides\" \/>\n<meta property=\"article:publisher\" content=\"https:\/\/www.facebook.com\/fiacaofides\" \/>\n<meta property=\"article:modified_time\" content=\"2025-09-19T14:34:14+00:00\" \/>\n<meta property=\"og:image\" content=\"https:\/\/grupofides.com.br\/wp-content\/uploads\/2024\/10\/Fio_Stone.png\" \/>\n\t<meta property=\"og:image:width\" content=\"800\" \/>\n\t<meta property=\"og:image:height\" content=\"1200\" \/>\n\t<meta property=\"og:image:type\" content=\"image\/png\" \/>\n<meta name=\"twitter:card\" content=\"summary_large_image\" \/>\n<meta name=\"twitter:label1\" content=\"Est. reading time\" \/>\n\t<meta name=\"twitter:data1\" content=\"1 minute\" \/>\n<script type=\"application\/ld+json\" class=\"yoast-schema-graph\">{\"@context\":\"https:\/\/schema.org\",\"@graph\":[{\"@type\":\"WebPage\",\"@id\":\"https:\/\/grupofides.com.br\/produto\/fio-stone\/\",\"url\":\"https:\/\/grupofides.com.br\/produto\/fio-stone\/\",\"name\":\"Fio Stone - Grupo Fides\",\"isPartOf\":{\"@id\":\"https:\/\/grupofides.com.br\/#website\"},\"primaryImageOfPage\":{\"@id\":\"https:\/\/grupofides.com.br\/produto\/fio-stone\/#primaryimage\"},\"image\":{\"@id\":\"https:\/\/grupofides.com.br\/produto\/fio-stone\/#primaryimage\"},\"thumbnailUrl\":\"https:\/\/grupofides.com.br\/wp-content\/uploads\/2024\/10\/Fio_Stone.png\",\"datePublished\":\"2023-05-11T18:34:17+00:00\",\"dateModified\":\"2025-09-19T14:34:14+00:00\",\"breadcrumb\":{\"@id\":\"https:\/\/grupofides.com.br\/produto\/fio-stone\/#breadcrumb\"},\"inLanguage\":\"en-US\",\"potentialAction\":[{\"@type\":\"ReadAction\",\"target\":[\"https:\/\/grupofides.com.br\/produto\/fio-stone\/\"]}]},{\"@type\":\"ImageObject\",\"inLanguage\":\"en-US\",\"@id\":\"https:\/\/grupofides.com.br\/produto\/fio-stone\/#primaryimage\",\"url\":\"https:\/\/grupofides.com.br\/wp-content\/uploads\/2024\/10\/Fio_Stone.png\",\"contentUrl\":\"https:\/\/grupofides.com.br\/wp-content\/uploads\/2024\/10\/Fio_Stone.png\",\"width\":800,\"height\":1200},{\"@type\":\"BreadcrumbList\",\"@id\":\"https:\/\/grupofides.com.br\/produto\/fio-stone\/#breadcrumb\",\"itemListElement\":[{\"@type\":\"ListItem\",\"position\":1,\"name\":\"In\u00edcio\",\"item\":\"https:\/\/grupofides.com.br\/\"},{\"@type\":\"ListItem\",\"position\":2,\"name\":\"Produtos\",\"item\":\"https:\/\/grupofides.com.br\/shop\/\"},{\"@type\":\"ListItem\",\"position\":3,\"name\":\"Fio Stone\"}]},{\"@type\":\"WebSite\",\"@id\":\"https:\/\/grupofides.com.br\/#website\",\"url\":\"https:\/\/grupofides.com.br\/\",\"name\":\"Grupo Fides\",\"description\":\"Fia\u00e7\u00e3o &amp; Malharia\",\"publisher\":{\"@id\":\"https:\/\/grupofides.com.br\/#organization\"},\"potentialAction\":[{\"@type\":\"SearchAction\",\"target\":{\"@type\":\"EntryPoint\",\"urlTemplate\":\"https:\/\/grupofides.com.br\/?s={search_term_string}\"},\"query-input\":{\"@type\":\"PropertyValueSpecification\",\"valueRequired\":true,\"valueName\":\"search_term_string\"}}],\"inLanguage\":\"en-US\"},{\"@type\":\"Organization\",\"@id\":\"https:\/\/grupofides.com.br\/#organization\",\"name\":\"Grupo Fides\",\"url\":\"https:\/\/grupofides.com.br\/\",\"logo\":{\"@type\":\"ImageObject\",\"inLanguage\":\"en-US\",\"@id\":\"https:\/\/grupofides.com.br\/#\/schema\/logo\/image\/\",\"url\":\"https:\/\/grupofides.com.br\/wp-content\/uploads\/2022\/11\/Logo_GRUPOFIDES.png\",\"contentUrl\":\"https:\/\/grupofides.com.br\/wp-content\/uploads\/2022\/11\/Logo_GRUPOFIDES.png\",\"width\":2000,\"height\":1000,\"caption\":\"Grupo Fides\"},\"image\":{\"@id\":\"https:\/\/grupofides.com.br\/#\/schema\/logo\/image\/\"},\"sameAs\":[\"https:\/\/www.facebook.com\/fiacaofides\",\"https:\/\/www.instagram.com\/fiacaofides\/\"]}]}<\/script>\n<!-- \/ Yoast SEO plugin. -->","yoast_head_json":{"title":"Fio Stone - Grupo Fides","robots":{"index":"index","follow":"follow","max-snippet":"max-snippet:-1","max-image-preview":"max-image-preview:large","max-video-preview":"max-video-preview:-1"},"canonical":"https:\/\/grupofides.com.br\/en\/produto\/fio-stone\/","og_locale":"en_US","og_type":"article","og_title":"Fio Stone - Grupo Fides","og_description":"Descubra o fio Stone, o mais novo efeito exclusivo da Fia\u00e7\u00e3o Fides! Esse fio recebe esse nome por apresentar um incr\u00edvel aspecto estonado, inspirado no visual caracter\u00edstico do jeans. Al\u00e9m de sua apar\u00eancia \u00fanica, sua composi\u00e7\u00e3o especial proporciona uma sensa\u00e7\u00e3o de frescor e conforto t\u00e9rmico, tornando-o ideal para cole\u00e7\u00f5es de ver\u00e3o. Se voc\u00ea busca uma [&hellip;]","og_url":"https:\/\/grupofides.com.br\/en\/produto\/fio-stone\/","og_site_name":"Grupo Fides","article_publisher":"https:\/\/www.facebook.com\/fiacaofides","article_modified_time":"2025-09-19T14:34:14+00:00","og_image":[{"width":800,"height":1200,"url":"https:\/\/grupofides.com.br\/wp-content\/uploads\/2024\/10\/Fio_Stone.png","type":"image\/png"}],"twitter_card":"summary_large_image","twitter_misc":{"Est. reading time":"1 minute"},"schema":{"@context":"https:\/\/schema.org","@graph":[{"@type":"WebPage","@id":"https:\/\/grupofides.com.br\/produto\/fio-stone\/","url":"https:\/\/grupofides.com.br\/produto\/fio-stone\/","name":"Fio Stone - Grupo Fides","isPartOf":{"@id":"https:\/\/grupofides.com.br\/#website"},"primaryImageOfPage":{"@id":"https:\/\/grupofides.com.br\/produto\/fio-stone\/#primaryimage"},"image":{"@id":"https:\/\/grupofides.com.br\/produto\/fio-stone\/#primaryimage"},"thumbnailUrl":"https:\/\/grupofides.com.br\/wp-content\/uploads\/2024\/10\/Fio_Stone.png","datePublished":"2023-05-11T18:34:17+00:00","dateModified":"2025-09-19T14:34:14+00:00","breadcrumb":{"@id":"https:\/\/grupofides.com.br\/produto\/fio-stone\/#breadcrumb"},"inLanguage":"en-US","potentialAction":[{"@type":"ReadAction","target":["https:\/\/grupofides.com.br\/produto\/fio-stone\/"]}]},{"@type":"ImageObject","inLanguage":"en-US","@id":"https:\/\/grupofides.com.br\/produto\/fio-stone\/#primaryimage","url":"https:\/\/grupofides.com.br\/wp-content\/uploads\/2024\/10\/Fio_Stone.png","contentUrl":"https:\/\/grupofides.com.br\/wp-content\/uploads\/2024\/10\/Fio_Stone.png","width":800,"height":1200},{"@type":"BreadcrumbList","@id":"https:\/\/grupofides.com.br\/produto\/fio-stone\/#breadcrumb","itemListElement":[{"@type":"ListItem","position":1,"name":"In\u00edcio","item":"https:\/\/grupofides.com.br\/"},{"@type":"ListItem","position":2,"name":"Produtos","item":"https:\/\/grupofides.com.br\/shop\/"},{"@type":"ListItem","position":3,"name":"Fio Stone"}]},{"@type":"WebSite","@id":"https:\/\/grupofides.com.br\/#website","url":"https:\/\/grupofides.com.br\/","name":"Grupo Fides","description":"Spinning &amp; Knitwear","publisher":{"@id":"https:\/\/grupofides.com.br\/#organization"},"potentialAction":[{"@type":"SearchAction","target":{"@type":"EntryPoint","urlTemplate":"https:\/\/grupofides.com.br\/?s={search_term_string}"},"query-input":{"@type":"PropertyValueSpecification","valueRequired":true,"valueName":"search_term_string"}}],"inLanguage":"en-US"},{"@type":"Organization","@id":"https:\/\/grupofides.com.br\/#organization","name":"Grupo Fides","url":"https:\/\/grupofides.com.br\/","logo":{"@type":"ImageObject","inLanguage":"en-US","@id":"https:\/\/grupofides.com.br\/#\/schema\/logo\/image\/","url":"https:\/\/grupofides.com.br\/wp-content\/uploads\/2022\/11\/Logo_GRUPOFIDES.png","contentUrl":"https:\/\/grupofides.com.br\/wp-content\/uploads\/2022\/11\/Logo_GRUPOFIDES.png","width":2000,"height":1000,"caption":"Grupo Fides"},"image":{"@id":"https:\/\/grupofides.com.br\/#\/schema\/logo\/image\/"},"sameAs":["https:\/\/www.facebook.com\/fiacaofides","https:\/\/www.instagram.com\/fiacaofides\/"]}]}},"_links":{"self":[{"href":"https:\/\/grupofides.com.br\/en\/wp-json\/wp\/v2\/product\/800","targetHints":{"allow":["GET"]}}],"collection":[{"href":"https:\/\/grupofides.com.br\/en\/wp-json\/wp\/v2\/product"}],"about":[{"href":"https:\/\/grupofides.com.br\/en\/wp-json\/wp\/v2\/types\/product"}],"wp:featuredmedia":[{"embeddable":true,"href":"https:\/\/grupofides.com.br\/en\/wp-json\/wp\/v2\/media\/2602"}],"wp:attachment":[{"href":"https:\/\/grupofides.com.br\/en\/wp-json\/wp\/v2\/media?parent=800"}],"wp:term":[{"taxonomy":"product_brand","embeddable":true,"href":"https:\/\/grupofides.com.br\/en\/wp-json\/wp\/v2\/product_brand?post=800"},{"taxonomy":"product_cat","embeddable":true,"href":"https:\/\/grupofides.com.br\/en\/wp-json\/wp\/v2\/product_cat?post=800"},{"taxonomy":"product_tag","embeddable":true,"href":"https:\/\/grupofides.com.br\/en\/wp-json\/wp\/v2\/product_tag?post=800"}],"curies":[{"name":"wp","href":"https:\/\/api.w.org\/{rel}","templated":true}]}}