{"id":825,"date":"2023-05-11T15:46:47","date_gmt":"2023-05-11T18:46:47","guid":{"rendered":"https:\/\/grupofides.com.br\/?post_type=product&#038;p=825"},"modified":"2025-09-19T11:30:30","modified_gmt":"2025-09-19T14:30:30","slug":"fio-milano","status":"publish","type":"product","link":"https:\/\/grupofides.com.br\/en\/product\/fio-milano\/","title":{"rendered":"Milano Yarn"},"content":{"rendered":"<p>Fides' Milano yarn features a unique visual effect with delicate cotton nubs that stand out in garments, and it's extremely comfortable and soft. Here at the Fides Group, we are committed to offering products that value sustainability and respect the environment. The Milano yarn is produced with sustainable cotton certified by the BCI (Better Cotton Initiative) seal, ensuring the minimization of harmful impacts of cotton production practices, efficient water use, care for soil health, conservation of natural habitats, sealing and preservation of fiber quality, and promotion of fair labor practices. By including Fides' Milano yarn in your collection, you ensure your brand's participation in the sustainable cotton production chain.<\/p>","protected":false},"excerpt":{"rendered":"<p>O fio Milano da Fides possui um efeito visual \u00fanico com delicados boton\u00eas de algod\u00e3o que surpreendem nas pe\u00e7as, al\u00e9m de ser extremamente confort\u00e1vel e macio. Aqui no Grupo Fides temos o compromisso de oferecer produtos que valorizam a sustentabilidade e respeitam o meio ambiente. O fio Milano \u00e9 produzido com Algod\u00e3o sustent\u00e1vel certificado pelo [&hellip;]<\/p>\n","protected":false},"featured_media":2682,"template":"","meta":{"_acf_changed":false},"product_brand":[],"product_cat":[56,59],"product_tag":[],"class_list":{"0":"post-825","1":"product","2":"type-product","3":"status-publish","4":"has-post-thumbnail","6":"product_cat-fios","7":"product_cat-milano","9":"first","10":"instock","11":"shipping-taxable","12":"product-type-simple"},"acf":[],"yoast_head":"<!-- This site is optimized with the Yoast SEO plugin v27.1.1 - https:\/\/yoast.com\/product\/yoast-seo-wordpress\/ -->\n<title>Fio Milano - Grupo Fides<\/title>\n<meta name=\"robots\" content=\"index, follow, max-snippet:-1, max-image-preview:large, max-video-preview:-1\" \/>\n<link rel=\"canonical\" href=\"https:\/\/grupofides.com.br\/en\/produto\/fio-milano\/\" \/>\n<meta property=\"og:locale\" content=\"en_US\" \/>\n<meta property=\"og:type\" content=\"article\" \/>\n<meta property=\"og:title\" content=\"Fio Milano - Grupo Fides\" \/>\n<meta property=\"og:description\" content=\"O fio Milano da Fides possui um efeito visual \u00fanico com delicados boton\u00eas de algod\u00e3o que surpreendem nas pe\u00e7as, al\u00e9m de ser extremamente confort\u00e1vel e macio. Aqui no Grupo Fides temos o compromisso de oferecer produtos que valorizam a sustentabilidade e respeitam o meio ambiente. O fio Milano \u00e9 produzido com Algod\u00e3o sustent\u00e1vel certificado pelo [&hellip;]\" \/>\n<meta property=\"og:url\" content=\"https:\/\/grupofides.com.br\/en\/produto\/fio-milano\/\" \/>\n<meta property=\"og:site_name\" content=\"Grupo Fides\" \/>\n<meta property=\"article:publisher\" content=\"https:\/\/www.facebook.com\/fiacaofides\" \/>\n<meta property=\"article:modified_time\" content=\"2025-09-19T14:30:30+00:00\" \/>\n<meta property=\"og:image\" content=\"https:\/\/grupofides.com.br\/wp-content\/uploads\/2024\/10\/Fio_Milano.jpg\" \/>\n\t<meta property=\"og:image:width\" content=\"800\" \/>\n\t<meta property=\"og:image:height\" content=\"1200\" \/>\n\t<meta property=\"og:image:type\" content=\"image\/jpeg\" \/>\n<meta name=\"twitter:card\" content=\"summary_large_image\" \/>\n<meta name=\"twitter:label1\" content=\"Est. reading time\" \/>\n\t<meta name=\"twitter:data1\" content=\"1 minute\" \/>\n<script type=\"application\/ld+json\" class=\"yoast-schema-graph\">{\"@context\":\"https:\/\/schema.org\",\"@graph\":[{\"@type\":\"WebPage\",\"@id\":\"https:\/\/grupofides.com.br\/produto\/fio-milano\/\",\"url\":\"https:\/\/grupofides.com.br\/produto\/fio-milano\/\",\"name\":\"Fio Milano - Grupo Fides\",\"isPartOf\":{\"@id\":\"https:\/\/grupofides.com.br\/#website\"},\"primaryImageOfPage\":{\"@id\":\"https:\/\/grupofides.com.br\/produto\/fio-milano\/#primaryimage\"},\"image\":{\"@id\":\"https:\/\/grupofides.com.br\/produto\/fio-milano\/#primaryimage\"},\"thumbnailUrl\":\"https:\/\/grupofides.com.br\/wp-content\/uploads\/2024\/10\/Fio_Milano.jpg\",\"datePublished\":\"2023-05-11T18:46:47+00:00\",\"dateModified\":\"2025-09-19T14:30:30+00:00\",\"breadcrumb\":{\"@id\":\"https:\/\/grupofides.com.br\/produto\/fio-milano\/#breadcrumb\"},\"inLanguage\":\"en-US\",\"potentialAction\":[{\"@type\":\"ReadAction\",\"target\":[\"https:\/\/grupofides.com.br\/produto\/fio-milano\/\"]}]},{\"@type\":\"ImageObject\",\"inLanguage\":\"en-US\",\"@id\":\"https:\/\/grupofides.com.br\/produto\/fio-milano\/#primaryimage\",\"url\":\"https:\/\/grupofides.com.br\/wp-content\/uploads\/2024\/10\/Fio_Milano.jpg\",\"contentUrl\":\"https:\/\/grupofides.com.br\/wp-content\/uploads\/2024\/10\/Fio_Milano.jpg\",\"width\":800,\"height\":1200},{\"@type\":\"BreadcrumbList\",\"@id\":\"https:\/\/grupofides.com.br\/produto\/fio-milano\/#breadcrumb\",\"itemListElement\":[{\"@type\":\"ListItem\",\"position\":1,\"name\":\"In\u00edcio\",\"item\":\"https:\/\/grupofides.com.br\/\"},{\"@type\":\"ListItem\",\"position\":2,\"name\":\"Produtos\",\"item\":\"https:\/\/grupofides.com.br\/shop\/\"},{\"@type\":\"ListItem\",\"position\":3,\"name\":\"Fio Milano\"}]},{\"@type\":\"WebSite\",\"@id\":\"https:\/\/grupofides.com.br\/#website\",\"url\":\"https:\/\/grupofides.com.br\/\",\"name\":\"Grupo Fides\",\"description\":\"Fia\u00e7\u00e3o &amp; Malharia\",\"publisher\":{\"@id\":\"https:\/\/grupofides.com.br\/#organization\"},\"potentialAction\":[{\"@type\":\"SearchAction\",\"target\":{\"@type\":\"EntryPoint\",\"urlTemplate\":\"https:\/\/grupofides.com.br\/?s={search_term_string}\"},\"query-input\":{\"@type\":\"PropertyValueSpecification\",\"valueRequired\":true,\"valueName\":\"search_term_string\"}}],\"inLanguage\":\"en-US\"},{\"@type\":\"Organization\",\"@id\":\"https:\/\/grupofides.com.br\/#organization\",\"name\":\"Grupo Fides\",\"url\":\"https:\/\/grupofides.com.br\/\",\"logo\":{\"@type\":\"ImageObject\",\"inLanguage\":\"en-US\",\"@id\":\"https:\/\/grupofides.com.br\/#\/schema\/logo\/image\/\",\"url\":\"https:\/\/grupofides.com.br\/wp-content\/uploads\/2022\/11\/Logo_GRUPOFIDES.png\",\"contentUrl\":\"https:\/\/grupofides.com.br\/wp-content\/uploads\/2022\/11\/Logo_GRUPOFIDES.png\",\"width\":2000,\"height\":1000,\"caption\":\"Grupo Fides\"},\"image\":{\"@id\":\"https:\/\/grupofides.com.br\/#\/schema\/logo\/image\/\"},\"sameAs\":[\"https:\/\/www.facebook.com\/fiacaofides\",\"https:\/\/www.instagram.com\/fiacaofides\/\"]}]}<\/script>\n<!-- \/ Yoast SEO plugin. -->","yoast_head_json":{"title":"Fio Milano - Grupo Fides","robots":{"index":"index","follow":"follow","max-snippet":"max-snippet:-1","max-image-preview":"max-image-preview:large","max-video-preview":"max-video-preview:-1"},"canonical":"https:\/\/grupofides.com.br\/en\/produto\/fio-milano\/","og_locale":"en_US","og_type":"article","og_title":"Fio Milano - Grupo Fides","og_description":"O fio Milano da Fides possui um efeito visual \u00fanico com delicados boton\u00eas de algod\u00e3o que surpreendem nas pe\u00e7as, al\u00e9m de ser extremamente confort\u00e1vel e macio. Aqui no Grupo Fides temos o compromisso de oferecer produtos que valorizam a sustentabilidade e respeitam o meio ambiente. O fio Milano \u00e9 produzido com Algod\u00e3o sustent\u00e1vel certificado pelo [&hellip;]","og_url":"https:\/\/grupofides.com.br\/en\/produto\/fio-milano\/","og_site_name":"Grupo Fides","article_publisher":"https:\/\/www.facebook.com\/fiacaofides","article_modified_time":"2025-09-19T14:30:30+00:00","og_image":[{"width":800,"height":1200,"url":"https:\/\/grupofides.com.br\/wp-content\/uploads\/2024\/10\/Fio_Milano.jpg","type":"image\/jpeg"}],"twitter_card":"summary_large_image","twitter_misc":{"Est. reading time":"1 minute"},"schema":{"@context":"https:\/\/schema.org","@graph":[{"@type":"WebPage","@id":"https:\/\/grupofides.com.br\/produto\/fio-milano\/","url":"https:\/\/grupofides.com.br\/produto\/fio-milano\/","name":"Fio Milano - Grupo Fides","isPartOf":{"@id":"https:\/\/grupofides.com.br\/#website"},"primaryImageOfPage":{"@id":"https:\/\/grupofides.com.br\/produto\/fio-milano\/#primaryimage"},"image":{"@id":"https:\/\/grupofides.com.br\/produto\/fio-milano\/#primaryimage"},"thumbnailUrl":"https:\/\/grupofides.com.br\/wp-content\/uploads\/2024\/10\/Fio_Milano.jpg","datePublished":"2023-05-11T18:46:47+00:00","dateModified":"2025-09-19T14:30:30+00:00","breadcrumb":{"@id":"https:\/\/grupofides.com.br\/produto\/fio-milano\/#breadcrumb"},"inLanguage":"en-US","potentialAction":[{"@type":"ReadAction","target":["https:\/\/grupofides.com.br\/produto\/fio-milano\/"]}]},{"@type":"ImageObject","inLanguage":"en-US","@id":"https:\/\/grupofides.com.br\/produto\/fio-milano\/#primaryimage","url":"https:\/\/grupofides.com.br\/wp-content\/uploads\/2024\/10\/Fio_Milano.jpg","contentUrl":"https:\/\/grupofides.com.br\/wp-content\/uploads\/2024\/10\/Fio_Milano.jpg","width":800,"height":1200},{"@type":"BreadcrumbList","@id":"https:\/\/grupofides.com.br\/produto\/fio-milano\/#breadcrumb","itemListElement":[{"@type":"ListItem","position":1,"name":"In\u00edcio","item":"https:\/\/grupofides.com.br\/"},{"@type":"ListItem","position":2,"name":"Produtos","item":"https:\/\/grupofides.com.br\/shop\/"},{"@type":"ListItem","position":3,"name":"Fio Milano"}]},{"@type":"WebSite","@id":"https:\/\/grupofides.com.br\/#website","url":"https:\/\/grupofides.com.br\/","name":"Grupo Fides","description":"Spinning &amp; Knitwear","publisher":{"@id":"https:\/\/grupofides.com.br\/#organization"},"potentialAction":[{"@type":"SearchAction","target":{"@type":"EntryPoint","urlTemplate":"https:\/\/grupofides.com.br\/?s={search_term_string}"},"query-input":{"@type":"PropertyValueSpecification","valueRequired":true,"valueName":"search_term_string"}}],"inLanguage":"en-US"},{"@type":"Organization","@id":"https:\/\/grupofides.com.br\/#organization","name":"Grupo Fides","url":"https:\/\/grupofides.com.br\/","logo":{"@type":"ImageObject","inLanguage":"en-US","@id":"https:\/\/grupofides.com.br\/#\/schema\/logo\/image\/","url":"https:\/\/grupofides.com.br\/wp-content\/uploads\/2022\/11\/Logo_GRUPOFIDES.png","contentUrl":"https:\/\/grupofides.com.br\/wp-content\/uploads\/2022\/11\/Logo_GRUPOFIDES.png","width":2000,"height":1000,"caption":"Grupo Fides"},"image":{"@id":"https:\/\/grupofides.com.br\/#\/schema\/logo\/image\/"},"sameAs":["https:\/\/www.facebook.com\/fiacaofides","https:\/\/www.instagram.com\/fiacaofides\/"]}]}},"_links":{"self":[{"href":"https:\/\/grupofides.com.br\/en\/wp-json\/wp\/v2\/product\/825","targetHints":{"allow":["GET"]}}],"collection":[{"href":"https:\/\/grupofides.com.br\/en\/wp-json\/wp\/v2\/product"}],"about":[{"href":"https:\/\/grupofides.com.br\/en\/wp-json\/wp\/v2\/types\/product"}],"wp:featuredmedia":[{"embeddable":true,"href":"https:\/\/grupofides.com.br\/en\/wp-json\/wp\/v2\/media\/2682"}],"wp:attachment":[{"href":"https:\/\/grupofides.com.br\/en\/wp-json\/wp\/v2\/media?parent=825"}],"wp:term":[{"taxonomy":"product_brand","embeddable":true,"href":"https:\/\/grupofides.com.br\/en\/wp-json\/wp\/v2\/product_brand?post=825"},{"taxonomy":"product_cat","embeddable":true,"href":"https:\/\/grupofides.com.br\/en\/wp-json\/wp\/v2\/product_cat?post=825"},{"taxonomy":"product_tag","embeddable":true,"href":"https:\/\/grupofides.com.br\/en\/wp-json\/wp\/v2\/product_tag?post=825"}],"curies":[{"name":"wp","href":"https:\/\/api.w.org\/{rel}","templated":true}]}}